{"id":16671,"date":"2025-09-16T16:33:30","date_gmt":"2025-09-16T14:33:30","guid":{"rendered":"https:\/\/boreait.com\/fr\/?post_type=product&#038;p=16671"},"modified":"2026-02-08T08:32:47","modified_gmt":"2026-02-08T07:32:47","slug":"haut-parleurs-toshiba-satellite-c50d-a-c50d-a-11g","status":"publish","type":"product","link":"https:\/\/boreait.com\/fr\/produit\/haut-parleurs-toshiba-satellite-c50d-a-c50d-a-11g\/","title":{"rendered":"Haut-parleurs Toshiba Satellite C50D-A (C50D-A-11G)"},"content":{"rendered":"<p data-start=\"590\" data-end=\"849\">Am\u00e9liorez la qualit\u00e9 sonore de votre ordinateur portable <strong data-start=\"603\" data-end=\"644\">Toshiba Satellite C50D-A (C50D-A-11G)<\/strong> avec cet <strong data-start=\"678\" data-end=\"713\">ensemble de haut-parleurs de remplacement authentiques<\/strong>. Si le son de votre ordinateur portable gr\u00e9sille, est d\u00e9form\u00e9 ou ne fonctionne plus du tout, cette pi\u00e8ce d&rsquo;origine vous redonnera un <strong data-start=\"821\" data-end=\"846\">son clair et net<\/strong>.<\/p>\n<p data-start=\"851\" data-end=\"1203\">\ud83d\udd39 <strong data-start=\"854\" data-end=\"871\">Caract\u00e9ristiques principales\u00a0:<\/strong><br data-start=\"871\" data-end=\"874\" \/>\u2714 <strong data-start=\"876\" data-end=\"911\">Haut-parleurs Toshiba d&rsquo;origine pour ordinateur portable<\/strong> \u2013 Remplacement d&rsquo;origine pour une compatibilit\u00e9 parfaite<br data-start=\"960\" data-end=\"963\" \/>\u2714 <strong data-start=\"965\" data-end=\"995\">Con\u00e7u pour la s\u00e9rie C50D-A<\/strong> \u2013 Sp\u00e9cialement con\u00e7u pour <strong data-start=\"1020\" data-end=\"1053\">C50D-A-11G et mod\u00e8les similaires<\/strong><br data-start=\"1053\" data-end=\"1056\" \/>\u2714 <strong data-start=\"1058\" data-end=\"1087\">Sortie sonore claire et nette<\/strong> \u2013 Profitez \u00e0 nouveau d&rsquo;un son sans distorsion<br data-start=\"1123\" data-end=\"1126\" \/>\u2714 <strong data-start=\"1128\" data-end=\"1155\">Plug &amp; Remplacement Play<\/strong> \u2013 Installation facile avec les connecteurs appropri\u00e9s<\/p>\n<p data-start=\"1205\" data-end=\"1228\">\ud83d\udca1 <strong data-start=\"1208\" data-end=\"1226\">Compatibilit\u00e9\u00a0:<\/strong><\/p>\n<ul data-start=\"1229\" data-end=\"1360\">\n<li data-start=\"1229\" data-end=\"1311\"><strong data-start=\"1231\" data-end=\"1282\">Compatible avec la s\u00e9rie Toshiba Satellite C50D-A<\/strong> (y compris <strong data-start=\"1294\" data-end=\"1308\">C50D-A-11G<\/strong>)<\/li>\n<li data-start=\"1312\" data-end=\"1360\">Conception OEM garantissant un ajustement parfait fonction<\/li>\n<\/ul>\n<p data-start=\"1362\" data-end=\"1465\">\ud83d\udcf8 <strong data-start=\"1365\" data-end=\"1381\">Photos r\u00e9elles\u00a0:<\/strong> Les photos de cette annonce montrent l&rsquo;article exact que vous recevrez\u00a0; aucune surprise\u00a0!<\/p>\n<p data-start=\"1467\" data-end=\"1608\">\u2753 <strong data-start=\"1469\" data-end=\"1483\">Besoin d&rsquo;aide\u00a0?<\/strong> Nous ne fournissons pas d&rsquo;instructions d&rsquo;installation, mais vous pouvez <strong data-start=\"1540\" data-end=\"1554\">nous contacter par message<\/strong> si vous avez besoin de conseils avant ou apr\u00e8s votre achat.<\/p>\n<p data-start=\"1610\" data-end=\"1736\">\ud83d\udce6 <strong data-start=\"1613\" data-end=\"1641\">Livraison rapide dans le monde entier\u00a0!<\/strong> Obtenez votre Le son de l&rsquo;ordinateur portable fonctionne \u00e0 nouveau parfaitement gr\u00e2ce \u00e0 cet <strong data-start=\"1700\" data-end=\"1733\">ensemble de haut-parleurs Toshiba authentiques<\/strong>.<\/p>\n","protected":false},"excerpt":{"rendered":"<p>Retrouvez un son clair avec cet ensemble d&rsquo;enceintes Toshiba Satellite C50D-A (C50D-A-11G) d&rsquo;origine. Id\u00e9al pour remplacer des enceintes endommag\u00e9es ou d\u00e9fectueuses. Photos authentiques\u00a0: ce que vous voyez est ce que vous obtenez\u00a0!<\/p>\n","protected":false},"featured_media":16719,"template":"","meta":[],"product_brand":[],"product_cat":[54],"product_tag":[70],"class_list":{"0":"post-16671","1":"product","2":"type-product","3":"status-publish","4":"has-post-thumbnail","6":"product_cat-laptop-speakers","7":"product_tag-toshiba","9":"first","10":"instock","11":"taxable","12":"shipping-taxable","13":"purchasable","14":"product-type-simple"},"_links":{"self":[{"href":"https:\/\/boreait.com\/fr\/wp-json\/wp\/v2\/product\/16671","targetHints":{"allow":["GET"]}}],"collection":[{"href":"https:\/\/boreait.com\/fr\/wp-json\/wp\/v2\/product"}],"about":[{"href":"https:\/\/boreait.com\/fr\/wp-json\/wp\/v2\/types\/product"}],"wp:featuredmedia":[{"embeddable":true,"href":"https:\/\/boreait.com\/fr\/wp-json\/wp\/v2\/media\/16719"}],"wp:attachment":[{"href":"https:\/\/boreait.com\/fr\/wp-json\/wp\/v2\/media?parent=16671"}],"wp:term":[{"taxonomy":"product_brand","embeddable":true,"href":"https:\/\/boreait.com\/fr\/wp-json\/wp\/v2\/product_brand?post=16671"},{"taxonomy":"product_cat","embeddable":true,"href":"https:\/\/boreait.com\/fr\/wp-json\/wp\/v2\/product_cat?post=16671"},{"taxonomy":"product_tag","embeddable":true,"href":"https:\/\/boreait.com\/fr\/wp-json\/wp\/v2\/product_tag?post=16671"}],"curies":[{"name":"wp","href":"https:\/\/api.w.org\/{rel}","templated":true}]}}