{"id":16670,"date":"2025-09-16T16:33:29","date_gmt":"2025-09-16T14:33:29","guid":{"rendered":"https:\/\/boreait.com\/fr\/?post_type=product&#038;p=16670"},"modified":"2026-02-08T08:32:30","modified_gmt":"2026-02-08T07:32:30","slug":"memoire-vive-ddr3-4-go-1600-mhz-pc3-12800u-1rx8-pour-ordinateur-de-bureau-module-memoire-haute-vitesse","status":"publish","type":"product","link":"https:\/\/boreait.com\/fr\/produit\/memoire-vive-ddr3-4-go-1600-mhz-pc3-12800u-1rx8-pour-ordinateur-de-bureau-module-memoire-haute-vitesse\/","title":{"rendered":"M\u00e9moire vive DDR3 4\u00a0Go 1600\u00a0MHz PC3-12800U 1Rx8 pour ordinateur de bureau \u2013 Module m\u00e9moire haute vitesse"},"content":{"rendered":"<p data-start=\"566\" data-end=\"804\">Mettez \u00e0 niveau votre <strong data-start=\"579\" data-end=\"593\">PC de bureau<\/strong> avec ce <strong data-start=\"604\" data-end=\"667\">module RAM DDR3 4 Go de haute qualit\u00e9 (PC3-12800U 1Rx8, 1600 MHz)<\/strong>. Con\u00e7ue pour des <strong data-start=\"682\" data-end=\"721\">performances fluides et le multit\u00e2che<\/strong>, cette cl\u00e9 USB am\u00e9liore la vitesse, la r\u00e9activit\u00e9 et la stabilit\u00e9 globale du syst\u00e8me.<\/p>\n<p data-start=\"806\" data-end=\"1178\">\ud83d\udd39 <strong data-start=\"809\" data-end=\"826\">Caract\u00e9ristiques principales\u00a0:<\/strong><br data-start=\"826\" data-end=\"829\" \/>\u2714 <strong data-start=\"831\" data-end=\"844\">Capacit\u00e9\u00a0:<\/strong> 4\u00a0Go \u2013 Id\u00e9ale pour l\u2019informatique quotidienne et les jeux vid\u00e9o<br data-start=\"890\" data-end=\"893\" \/>\u2714 <strong data-start=\"895\" data-end=\"904\">Type\u00a0:<\/strong> DDR3 1600\u00a0MHz (PC3-12800U) \u2013 M\u00e9moire haute vitesse pour ordinateurs de bureau<br data-start=\"963\" data-end=\"966\" \/>\u2714 <strong data-start=\"968\" data-end=\"977\">Rang\u00a0:<\/strong> 1Rx8 \u2013 Efficace et optimis\u00e9 pour les performances du syst\u00e8me<br data-start=\"1031\" data-end=\"1034\" \/>\u2714 <strong data-start=\"1036\" data-end=\"1048\">Latence\u00a0:<\/strong> CL11 (11-11-A1) \u2013 Assure un fonctionnement fluide et stable<br data-start=\"1103\" data-end=\"1106\" \/>\u2714 <strong data-start=\"1108\" data-end=\"1123\">Plug &amp; Jouer<\/strong> \u2013 Installation facile, aucune expertise technique requise<\/p>\n<p data-start=\"1180\" data-end=\"1203\">\ud83d\udca1 <strong data-start=\"1183\" data-end=\"1201\">Compatibilit\u00e9\u00a0:<\/strong><\/p>\n<ul data-start=\"1204\" data-end=\"1354\">\n<li data-start=\"1204\" data-end=\"1284\">Convient \u00e0 la plupart des <strong data-start=\"1224\" data-end=\"1239\">PC de bureau<\/strong> prenant en charge la <strong data-start=\"1253\" data-end=\"1282\">DDR3 1600 MHz (PC3-12800U)<\/strong><\/li>\n<li data-start=\"1285\" data-end=\"1354\">V\u00e9rifiez votre <strong data-start=\"1298\" data-end=\"1328\">Sp\u00e9cifications de la carte m\u00e8re<\/strong> pour garantir la compatibilit\u00e9<\/li>\n<\/ul>\n<p data-start=\"1356\" data-end=\"1461\">\ud83d\udcf8 <strong data-start=\"1359\" data-end=\"1375\">Photos r\u00e9elles\u00a0:<\/strong> Les images de cette annonce montrent l&rsquo;<strong data-start=\"1412\" data-end=\"1443\">article exact que vous recevrez<\/strong>\u00a0\u2013 sans surprise\u00a0!<\/p>\n<p data-start=\"1463\" data-end=\"1613\">\u2753 <strong data-start=\"1465\" data-end=\"1479\">Besoin d&rsquo;aide\u00a0?<\/strong> Bien que nous ne fournissions pas d&rsquo;instructions d&rsquo;installation, n&rsquo;h\u00e9sitez pas \u00e0 <strong data-start=\"1543\" data-end=\"1557\">nous contacter<\/strong> si vous avez besoin d&rsquo;aide avant ou apr\u00e8s votre achat.<\/p>\n<p data-start=\"1615\" data-end=\"1732\">\ud83d\udce6 <strong data-start=\"1618\" data-end=\"1646\">Livraison rapide dans le monde entier\u00a0!<\/strong> Am\u00e9liorez la vitesse et la fluidit\u00e9 de votre <strong data-start=\"1656\" data-end=\"1695\">ordinateur de bureau<\/strong> gr\u00e2ce \u00e0 ce <strong data-start=\"1706\" data-end=\"1729\">module de RAM DDR3 de 4\u00a0Go<\/strong>.<\/p>\n","protected":false},"excerpt":{"rendered":"<p>Optimisez les performances de votre ordinateur de bureau avec cette <strong data-start=\"350\" data-end=\"385\">RAM 4 Go DDR3 1600 MHz PC3-12800U<\/strong>. Fiable et rapide, ce <strong data-start=\"411\" data-end=\"433\">module m\u00e9moire 1Rx8<\/strong> assure un multit\u00e2che fluide et la stabilit\u00e9 du syst\u00e8me.<\/p>\n","protected":false},"featured_media":16718,"template":"","meta":[],"product_brand":[],"product_cat":[73,72],"product_tag":[],"class_list":{"0":"post-16670","1":"product","2":"type-product","3":"status-publish","4":"has-post-thumbnail","6":"product_cat-ddr3-ddr3l","7":"product_cat-ram-memory","9":"first","10":"instock","11":"taxable","12":"shipping-taxable","13":"purchasable","14":"product-type-simple"},"_links":{"self":[{"href":"https:\/\/boreait.com\/fr\/wp-json\/wp\/v2\/product\/16670","targetHints":{"allow":["GET"]}}],"collection":[{"href":"https:\/\/boreait.com\/fr\/wp-json\/wp\/v2\/product"}],"about":[{"href":"https:\/\/boreait.com\/fr\/wp-json\/wp\/v2\/types\/product"}],"wp:featuredmedia":[{"embeddable":true,"href":"https:\/\/boreait.com\/fr\/wp-json\/wp\/v2\/media\/16718"}],"wp:attachment":[{"href":"https:\/\/boreait.com\/fr\/wp-json\/wp\/v2\/media?parent=16670"}],"wp:term":[{"taxonomy":"product_brand","embeddable":true,"href":"https:\/\/boreait.com\/fr\/wp-json\/wp\/v2\/product_brand?post=16670"},{"taxonomy":"product_cat","embeddable":true,"href":"https:\/\/boreait.com\/fr\/wp-json\/wp\/v2\/product_cat?post=16670"},{"taxonomy":"product_tag","embeddable":true,"href":"https:\/\/boreait.com\/fr\/wp-json\/wp\/v2\/product_tag?post=16670"}],"curies":[{"name":"wp","href":"https:\/\/api.w.org\/{rel}","templated":true}]}}