{"id":16661,"date":"2025-09-16T16:33:06","date_gmt":"2025-09-16T14:33:06","guid":{"rendered":"https:\/\/boreait.com\/fr\/?post_type=product&#038;p=16661"},"modified":"2025-09-16T16:34:40","modified_gmt":"2025-09-16T14:34:40","slug":"lithographie-personnalisee-en-forme-de-coeur-imprimee-en-3d-cadeau-photo-personnalise-pour-un-anniversaire","status":"publish","type":"product","link":"https:\/\/boreait.com\/fr\/produit\/lithographie-personnalisee-en-forme-de-coeur-imprimee-en-3d-cadeau-photo-personnalise-pour-un-anniversaire\/","title":{"rendered":"Lithographie personnalis\u00e9e en forme de c\u0153ur imprim\u00e9e en 3D\u00a0\u2013 Cadeau photo personnalis\u00e9 pour un anniversaire"},"content":{"rendered":"<h4 data-start=\"231\" data-end=\"321\"><strong data-start=\"236\" data-end=\"319\">Lithophanie c\u0153ur personnalis\u00e9e imprim\u00e9e en 3D \u2013 Un cadeau personnalis\u00e9 unique et \u00e9cologique\u00a0!<\/strong><\/h4>\n<p data-start=\"323\" data-end=\"592\">Vous cherchez un <strong data-start=\"337\" data-end=\"368\">cadeau sp\u00e9cial et significatif<\/strong>\u00a0? Cette <strong data-start=\"375\" data-end=\"402\">lithophanie en forme de c\u0153ur<\/strong> est un <strong data-start=\"408\" data-end=\"434\">souvenir unique<\/strong> qui met magnifiquement en valeur votre photo pr\u00e9f\u00e9r\u00e9e lorsqu&rsquo;elle est illumin\u00e9e. Id\u00e9al pour la <strong data-start=\"511\" data-end=\"590\">Saint-Valentin, les mariages, les anniversaires, les naissances ou tout autre moment sp\u00e9cial\u00a0!<\/strong><\/p>\n<p data-start=\"594\" data-end=\"1012\">\ud83d\udc96 <strong data-start=\"597\" data-end=\"635\">Pourquoi choisir cette lithographie personnalis\u00e9e\u00a0?<\/strong><br data-start=\"635\" data-end=\"638\" \/>\u2714 <strong data-start=\"640\" data-end=\"672\">Personnalis\u00e9e avec votre photo<\/strong> \u2013 Un cadeau vraiment unique et empreint de sentiments.<br data-start=\"711\" data-end=\"714\" \/>\u2714 <strong data-start=\"716\" data-end=\"744\">Impression 3D haute qualit\u00e9<\/strong> \u2013 Fabriqu\u00e9e avec pr\u00e9cision pour un effet lumineux \u00e9poustouflant.<br data-start=\"795\" data-end=\"798\" \/>\u2714 <strong data-start=\"800\" data-end=\"820\">Choix de couleurs<\/strong> \u2013 Disponible en <strong data-start=\"836\" data-end=\"854\">blanc ou dor\u00e9.<\/strong><br data-start=\"854\" data-end=\"857\" \/>\u2714 <strong data-start=\"859\" data-end=\"900\">Mat\u00e9riau \u00e9cologique \u2013 Fabriqu\u00e9 en PLA<\/strong> \ud83c\udf31<br data-start=\"903\" data-end=\"906\" \/>\u2714 <strong data-start=\"908\" data-end=\"941\">Cadeau id\u00e9al en toute occasion<\/strong> \u2013 Un cadeau r\u00e9confortant pour <strong data-start=\"968\" data-end=\"1010\">elle, lui, un couple, la famille ou les amis.<\/strong><\/p>\n<hr data-start=\"1014\" data-end=\"1017\" \/>\n<h3 data-start=\"1019\" data-end=\"1075\"><strong data-start=\"1023\" data-end=\"1073\">\u267b\ufe0f Respectueux de l&rsquo;environnement \u2013 \u200b\u200bFabriqu\u00e9 en PLA \ud83c\udf3f<\/strong><\/h3>\n<p data-start=\"1076\" data-end=\"1412\">Ce lithophane est imprim\u00e9 en 3D \u00e0 partir de <strong data-start=\"1112\" data-end=\"1243\">PLA (acide polylactique), un thermoplastique biod\u00e9gradable issu de sources organiques renouvelables comme l&rsquo;amidon de ma\u00efs ou la canne \u00e0 sucre.<\/strong> Contrairement aux plastiques conventionnels fabriqu\u00e9s \u00e0 partir de combustibles fossiles, le PLA est produit \u00e0 partir de <strong data-start=\"1319\" data-end=\"1410\">biomasse, ce qui en fait un choix plus durable et plus respectueux de l&rsquo;environnement.<\/strong><\/p>\n<p data-start=\"1414\" data-end=\"1533\">En choisissant ce produit produit, vous <strong data-start=\"1448\" data-end=\"1485\">soutenez des mat\u00e9riaux respectueux de l&rsquo;environnement<\/strong> et r\u00e9duisez votre empreinte environnementale. \u267b\ufe0f<\/p>\n<hr data-start=\"1535\" data-end=\"1538\" \/>\n<h3 data-start=\"1540\" data-end=\"1566\"><strong data-start=\"1544\" data-end=\"1564\">\ud83d\udccc Comment commander\u00a0:<\/strong><\/h3>\n<p data-start=\"1567\" data-end=\"1808\">1\ufe0f\u20e3 <strong data-start=\"1571\" data-end=\"1591\">Passez votre commande<\/strong> sur eBay.<br data-start=\"1600\" data-end=\"1603\" \/>2\ufe0f\u20e3 <strong data-start=\"1607\" data-end=\"1633\">Envoyez la photo de votre choix<\/strong> par message eBay ou par e-mail.<br data-start=\"1660\" data-end=\"1663\" \/>3\ufe0f\u20e3 Je vous proposerai <strong data-start=\"1682\" data-end=\"1712\">au moins deux mod\u00e8les<\/strong> parmi lesquels choisir.<br data-start=\"1736\" data-end=\"1739\" \/>4\ufe0f\u20e3 Une fois votre confirmation obtenue, je <strong data-start=\"1768\" data-end=\"1806\">commencerai l&rsquo;impression 3D de votre lithophanie.<\/strong><\/p>\n<p data-start=\"1810\" data-end=\"1874\">\ud83d\udccf <strong data-start=\"1813\" data-end=\"1822\">Taille\u00a0:<\/strong> 9 cm x 9 cm<br data-start=\"1834\" data-end=\"1837\" \/>\ud83c\udfa8 <strong data-start=\"1840\" data-end=\"1858\">Couleurs\u00a0:<\/strong> Blanc ou Or<\/p>\n<hr data-start=\"1876\" data-end=\"1879\" \/>\n<p data-start=\"1881\" data-end=\"2067\">\ud83d\udca1 <strong data-start=\"1884\" data-end=\"1901\">Fonctionnement\u00a0:<\/strong><br data-start=\"1901\" data-end=\"1904\" \/>Cette <strong data-start=\"1909\" data-end=\"1934\">lithographie imprim\u00e9e en 3D<\/strong> utilise la lumi\u00e8re pour r\u00e9v\u00e9ler votre photo avec des d\u00e9tails \u00e9poustouflants. Placez-le devant une <strong data-start=\"2010\" data-end=\"2040\">fen\u00eatre, une lampe ou une lumi\u00e8re LED<\/strong> et laissez la magie op\u00e9rer\u00a0!<\/p>\n<p data-start=\"2069\" data-end=\"2310\">\ud83c\udf81 <strong data-start=\"2072\" data-end=\"2091\">Cadeau id\u00e9al pour\u00a0:<\/strong><br data-start=\"2091\" data-end=\"2094\" \/>\u2714 <strong data-start=\"2096\" data-end=\"2115\">La Saint-Valentin<\/strong> \u2013 Surprenez l\u2019\u00eatre aim\u00e9 avec un souvenir sp\u00e9cial.<br data-start=\"2166\" data-end=\"2169\" \/>\u2714 <strong data-start=\"2171\" data-end=\"2199\">Anniversaires et Mariages \u2013 Un souvenir intemporel sous une forme unique.<br data-start=\"2237\" data-end=\"2240\" \/>\u2714 <strong data-start=\"2242\" data-end=\"2273\">Anniversaires et moments sp\u00e9ciaux<\/strong> \u2013 Cr\u00e9ez un cadeau personnel et touchant.<\/p>\n<hr data-start=\"2312\" data-end=\"2315\" \/>\n<p data-start=\"2317\" data-end=\"2443\">\ud83d\udce6 <strong data-start=\"2320\" data-end=\"2346\">Traitement et Exp\u00e9dition\u00a0:<\/strong><br data-start=\"2346\" data-end=\"2349\" \/>\u2705 <strong data-start=\"2351\" data-end=\"2368\">Fabriqu\u00e9 sur commande<\/strong> avec amour et soin.<br data-start=\"2388\" data-end=\"2391\" \/>\u2705 <strong data-start=\"2393\" data-end=\"2419\">Rapide et Livraison s\u00e9curis\u00e9e depuis [votre emplacement].<\/p>\n<p data-start=\"2445\" data-end=\"2513\">\ud83d\udcac <strong data-start=\"2448\" data-end=\"2466\">Des questions\u00a0?<\/strong> N&rsquo;h\u00e9sitez pas \u00e0 me contacter\u00a0! Je me ferai un plaisir de vous aider\u00a0!<\/p>\n<hr data-start=\"2515\" data-end=\"2518\" \/>\n<p data-start=\"2520\" data-end=\"2582\">\ud83d\udd39 <strong data-start=\"2523\" data-end=\"2577\">Fait main avec soin\u00a0! Un cadeau qui dure toute la vie\u00a0!<\/strong> \ud83d\udd39<\/p>\n","protected":false},"excerpt":{"rendered":"<p>#VALUE!<\/p>\n","protected":false},"featured_media":16705,"template":"","meta":[],"product_brand":[],"product_cat":[41],"product_tag":[],"class_list":{"0":"post-16661","1":"product","2":"type-product","3":"status-publish","4":"has-post-thumbnail","6":"product_cat-uncategorized","8":"first","9":"instock","10":"taxable","11":"shipping-taxable","12":"purchasable","13":"product-type-simple"},"_links":{"self":[{"href":"https:\/\/boreait.com\/fr\/wp-json\/wp\/v2\/product\/16661","targetHints":{"allow":["GET"]}}],"collection":[{"href":"https:\/\/boreait.com\/fr\/wp-json\/wp\/v2\/product"}],"about":[{"href":"https:\/\/boreait.com\/fr\/wp-json\/wp\/v2\/types\/product"}],"wp:featuredmedia":[{"embeddable":true,"href":"https:\/\/boreait.com\/fr\/wp-json\/wp\/v2\/media\/16705"}],"wp:attachment":[{"href":"https:\/\/boreait.com\/fr\/wp-json\/wp\/v2\/media?parent=16661"}],"wp:term":[{"taxonomy":"product_brand","embeddable":true,"href":"https:\/\/boreait.com\/fr\/wp-json\/wp\/v2\/product_brand?post=16661"},{"taxonomy":"product_cat","embeddable":true,"href":"https:\/\/boreait.com\/fr\/wp-json\/wp\/v2\/product_cat?post=16661"},{"taxonomy":"product_tag","embeddable":true,"href":"https:\/\/boreait.com\/fr\/wp-json\/wp\/v2\/product_tag?post=16661"}],"curies":[{"name":"wp","href":"https:\/\/api.w.org\/{rel}","templated":true}]}}