{"id":16657,"date":"2025-09-16T16:33:05","date_gmt":"2025-09-16T14:33:05","guid":{"rendered":"https:\/\/boreait.com\/fr\/?post_type=product&#038;p=16657"},"modified":"2025-09-16T16:34:35","modified_gmt":"2025-09-16T14:34:35","slug":"ecran-lcd-mat-ips-156-fhd-144-hz-pour-ordinateur-portable-gaming-nv156fhm-nx3-v8-0-neuf","status":"publish","type":"product","link":"https:\/\/boreait.com\/fr\/produit\/ecran-lcd-mat-ips-156-fhd-144-hz-pour-ordinateur-portable-gaming-nv156fhm-nx3-v8-0-neuf\/","title":{"rendered":"\u00c9cran LCD mat IPS 15,6&Prime; FHD 144 Hz pour ordinateur portable gaming NV156FHM-NX3 V8.0 &#8211; Neuf"},"content":{"rendered":"<p>Mod\u00e8le d&rsquo;\u00e9cran LCD\u00a0: N156HRA-EA1 C2 \u2013 ENTI\u00c8REMENT COMPATIBLE AVEC L&rsquo;\u00c9CRAN D&rsquo;ORDINATEUR PORTABLE NV156FHM-NX3 V8.0<\/p>\n<p>Optimisez votre ordinateur portable gaming avec l&rsquo;\u00e9cran LCD mat IPS FHD 144\u00a0Hz NV156FHM-NX3 V8.0 de 15,6\u00a0pouces. Con\u00e7u pour les joueurs comme pour les professionnels, cet \u00e9cran haute qualit\u00e9 offre des images \u00e9poustouflantes avec une r\u00e9solution Full HD de 1920\u00a0x\u00a01080\u00a0pixels. La dalle IPS garantit de larges angles de vision et une reproduction fid\u00e8le des couleurs, tandis que le taux de rafra\u00eechissement de 144\u00a0Hz offre une exp\u00e9rience de jeu ultra-fluide pour une exp\u00e9rience immersive.<\/p>\n<p>Cet \u00e9cran est dot\u00e9 d&rsquo;un connecteur 40\u00a0broches, ce qui le rend compatible avec une large gamme d&rsquo;ordinateurs portables gaming. Sa finition mate r\u00e9duit les reflets, garantissant une visibilit\u00e9 optimale m\u00eame dans les environnements tr\u00e8s \u00e9clair\u00e9s. Que vous jouiez, montiez du contenu ou effectuiez plusieurs t\u00e2ches \u00e0 la fois, cet \u00e9cran offre des performances et une clart\u00e9 exceptionnelles.<\/p>\n<p>Contenu de l&#8217;emballage Comprend des bandes autocollantes pour une installation facile, facilitant le remplacement ou la mise \u00e0 niveau de l&rsquo;\u00e9cran de votre ordinateur portable. Neuf et pr\u00eat \u00e0 l&#8217;emploi, le NV156FHM-NX3 V8.0 est le choix id\u00e9al pour ceux qui souhaitent am\u00e9liorer la qualit\u00e9 d&rsquo;affichage de leur ordinateur portable. Mettez \u00e0 niveau d\u00e8s aujourd&rsquo;hui et profitez d&rsquo;une exp\u00e9rience visuelle plus nette, plus rapide et plus \u00e9clatante\u00a0!<\/p>\n","protected":false},"excerpt":{"rendered":"<p>Am\u00e9liorez votre exp\u00e9rience de jeu avec l&rsquo;\u00e9cran LCD mat IPS NV156FHM-NX3 V8.0 15,6&Prime; FHD 144 Hz. Dot\u00e9 d&rsquo;un connecteur 40 broches, de couleurs \u00e9clatantes et d&rsquo;une exp\u00e9rience de jeu fluide, ce nouvel \u00e9cran est id\u00e9al pour les ordinateurs portables de jeu. Des bandes autocollantes sont incluses pour une installation facile.<\/p>\n","protected":false},"featured_media":16704,"template":"","meta":[],"product_brand":[],"product_cat":[105,95],"product_tag":[],"class_list":{"0":"post-16657","1":"product","2":"type-product","3":"status-publish","4":"has-post-thumbnail","6":"product_cat-15-6-new-laptop-screens-lcd-panels","7":"product_cat-new-laptop-screens-lcd-panels","9":"first","10":"instock","11":"taxable","12":"shipping-taxable","13":"purchasable","14":"product-type-simple"},"_links":{"self":[{"href":"https:\/\/boreait.com\/fr\/wp-json\/wp\/v2\/product\/16657","targetHints":{"allow":["GET"]}}],"collection":[{"href":"https:\/\/boreait.com\/fr\/wp-json\/wp\/v2\/product"}],"about":[{"href":"https:\/\/boreait.com\/fr\/wp-json\/wp\/v2\/types\/product"}],"wp:featuredmedia":[{"embeddable":true,"href":"https:\/\/boreait.com\/fr\/wp-json\/wp\/v2\/media\/16704"}],"wp:attachment":[{"href":"https:\/\/boreait.com\/fr\/wp-json\/wp\/v2\/media?parent=16657"}],"wp:term":[{"taxonomy":"product_brand","embeddable":true,"href":"https:\/\/boreait.com\/fr\/wp-json\/wp\/v2\/product_brand?post=16657"},{"taxonomy":"product_cat","embeddable":true,"href":"https:\/\/boreait.com\/fr\/wp-json\/wp\/v2\/product_cat?post=16657"},{"taxonomy":"product_tag","embeddable":true,"href":"https:\/\/boreait.com\/fr\/wp-json\/wp\/v2\/product_tag?post=16657"}],"curies":[{"name":"wp","href":"https:\/\/api.w.org\/{rel}","templated":true}]}}