{"id":16655,"date":"2025-09-16T16:33:05","date_gmt":"2025-09-16T14:33:05","guid":{"rendered":"https:\/\/boreait.com\/fr\/?post_type=product&#038;p=16655"},"modified":"2025-09-16T16:34:34","modified_gmt":"2025-09-16T14:34:34","slug":"ordinateur-portable-de-jeu-avec-ecran-lcd-mat-ips-fhd-156-pouces-144-hz-n156hma-ga1-40-broches","status":"publish","type":"product","link":"https:\/\/boreait.com\/fr\/produit\/ordinateur-portable-de-jeu-avec-ecran-lcd-mat-ips-fhd-156-pouces-144-hz-n156hma-ga1-40-broches\/","title":{"rendered":"Ordinateur portable de jeu avec \u00e9cran LCD mat IPS FHD 15,6 pouces (144 Hz) N156HMA-GA1 (40 broches)"},"content":{"rendered":"<p>Mod\u00e8le d&rsquo;\u00e9cran LCD\u00a0: N156HRA-EA1 C2 \u2013 ENTI\u00c8REMENT COMPATIBLE AVEC L&rsquo;\u00c9CRAN D&rsquo;ORDINATEUR PORTABLE N156HMA-GA1<\/p>\n<p>Optimisez vos performances de jeu et votre productivit\u00e9 avec l&rsquo;\u00e9cran LCD Full HD 15,6\u00a0pouces <strong>N156HMA-GA1<\/strong>. Con\u00e7u pour les joueurs et les professionnels, cet \u00e9cran est dot\u00e9 d&rsquo;une dalle IPS pour des couleurs \u00e9clatantes et de larges angles de vision. Son taux de rafra\u00eechissement de 144\u00a0Hz offre des images ultra-fluides, r\u00e9duisant le flou de mouvement pour une exp\u00e9rience immersive.<\/p>\n<p>Sa finition mate antireflet minimise les reflets, ce qui le rend id\u00e9al dans diverses conditions d&rsquo;\u00e9clairage. Dot\u00e9 d&rsquo;un connecteur eDP 40\u00a0broches, il assure la compatibilit\u00e9 avec de nombreux ordinateurs portables de jeu. Cet \u00e9cran est livr\u00e9 sans supports de fixation, mais avec des autocollants. Bandes adh\u00e9sives pour une installation facile.<\/p>\n<p><strong>Caract\u00e9ristiques principales\u00a0:<\/strong><\/p>\n<p>\u2714 <strong>\u00c9cran IPS Full HD 15,6&Prime; (1920 x 1080)<\/strong><\/p>\n<p>\u2714 <strong>Fr\u00e9quence de rafra\u00eechissement de 144\u00a0Hz pour des jeux fluides<\/strong><\/p>\n<p>\u2714 <strong>Surface mate et antireflet<\/strong><\/p>\n<p>\u2714 <strong>Connecteur eDP 40\u00a0broches<\/strong><\/p>\n<p>\u2714 <strong>Bandes adh\u00e9sives incluses pour une installation facile<\/strong><\/p>\n<p>\u2714 <strong>\u00c9tat neuf<\/strong><\/p>\n<p>Am\u00e9liorez votre ordinateur portable d\u00e8s aujourd&rsquo;hui avec cet \u00e9cran gaming hautes performances\u00a0!<\/p>\n","protected":false},"excerpt":{"rendered":"<p>Am\u00e9liorez votre ordinateur portable avec l&rsquo;\u00e9cran IPS Full HD 15,6&Prime; <strong>N156HMA-GA1<\/strong>, dot\u00e9 d&rsquo;un taux de rafra\u00eechissement de 144 Hz pour des jeux ultra-fluides. Cet \u00e9cran mat et antireflet r\u00e9duit les reflets, garantissant un confort visuel optimal. Dot\u00e9 d&rsquo;un connecteur eDP 40 broches, il offre une compatibilit\u00e9 parfaite avec divers ordinateurs portables de jeu. Des bandes autocollantes sont incluses pour une installation facile. \u00c9tat neuf.<\/p>\n","protected":false},"featured_media":16704,"template":"","meta":[],"product_brand":[],"product_cat":[105,95],"product_tag":[],"class_list":{"0":"post-16655","1":"product","2":"type-product","3":"status-publish","4":"has-post-thumbnail","6":"product_cat-15-6-new-laptop-screens-lcd-panels","7":"product_cat-new-laptop-screens-lcd-panels","9":"first","10":"instock","11":"taxable","12":"shipping-taxable","13":"purchasable","14":"product-type-simple"},"_links":{"self":[{"href":"https:\/\/boreait.com\/fr\/wp-json\/wp\/v2\/product\/16655","targetHints":{"allow":["GET"]}}],"collection":[{"href":"https:\/\/boreait.com\/fr\/wp-json\/wp\/v2\/product"}],"about":[{"href":"https:\/\/boreait.com\/fr\/wp-json\/wp\/v2\/types\/product"}],"wp:featuredmedia":[{"embeddable":true,"href":"https:\/\/boreait.com\/fr\/wp-json\/wp\/v2\/media\/16704"}],"wp:attachment":[{"href":"https:\/\/boreait.com\/fr\/wp-json\/wp\/v2\/media?parent=16655"}],"wp:term":[{"taxonomy":"product_brand","embeddable":true,"href":"https:\/\/boreait.com\/fr\/wp-json\/wp\/v2\/product_brand?post=16655"},{"taxonomy":"product_cat","embeddable":true,"href":"https:\/\/boreait.com\/fr\/wp-json\/wp\/v2\/product_cat?post=16655"},{"taxonomy":"product_tag","embeddable":true,"href":"https:\/\/boreait.com\/fr\/wp-json\/wp\/v2\/product_tag?post=16655"}],"curies":[{"name":"wp","href":"https:\/\/api.w.org\/{rel}","templated":true}]}}