{"id":16644,"date":"2025-09-16T16:32:42","date_gmt":"2025-09-16T14:32:42","guid":{"rendered":"https:\/\/boreait.com\/fr\/?post_type=product&#038;p=16644"},"modified":"2025-09-16T16:34:14","modified_gmt":"2025-09-16T14:34:14","slug":"clavier-americain-dorigine-dell-latitude-5480-14-pouces-94f68-pk1313d1a00-oem","status":"publish","type":"product","link":"https:\/\/boreait.com\/fr\/produit\/clavier-americain-dorigine-dell-latitude-5480-14-pouces-94f68-pk1313d1a00-oem\/","title":{"rendered":"Clavier am\u00e9ricain d&rsquo;origine Dell Latitude 5480 14 pouces (94F68 PK1313D1A00) OEM"},"content":{"rendered":"<p>Vous recherchez un clavier de remplacement authentique pour votre Dell Latitude 5480\u00a0? Ce clavier am\u00e9ricain OEM (avec gravure laser en slov\u00e8ne) (r\u00e9f\u00e9rence\u00a0: 94F68, PK1313D1A00) est con\u00e7u pour s\u2019adapter parfaitement et offrir une exp\u00e9rience de frappe fluide.<\/p>\n<h4><strong>Caract\u00e9ristiques principales\u00a0:<\/strong><\/h4>\n<p>\u2714 <strong>Clavier Dell 100\u00a0% d\u2019origine<\/strong> \u2013 Il ne s\u2019agit pas d\u2019un remplacement g\u00e9n\u00e9rique<\/p>\n<p>\u2714 <strong>Disposition am\u00e9ricaine avec gravure laser en slov\u00e8ne<\/strong> \u2013 Format QWERTY standard<\/p>\n<p>\u2714 <strong>Durable et r\u00e9actif<\/strong> \u2013 Con\u00e7u pour des performances durables<\/p>\n<p>\u2714 <strong>Installation facile<\/strong> \u2013 Compatible avec le Dell Latitude 5480<\/p>\n<p>\ud83d\udccc <strong>\u00c9tat<\/strong>\u00a0: Occasion, mais enti\u00e8rement fonctionnel. <strong>Les photos sont r\u00e9elles\u00a0!<\/strong> Ce que vous voyez correspond exactement \u00e0 ce que vous recevrez.<\/p>\n<p>\ud83d\udca1 <em>Besoin d&rsquo;aide\u00a0? N&rsquo;h\u00e9sitez pas \u00e0 nous contacter pour toute question concernant la compatibilit\u00e9\u00a0; nous serons ravis de vous aider\u00a0!<\/em><\/p>\n","protected":false},"excerpt":{"rendered":"<p>Am\u00e9liorez votre <strong>Dell Latitude 5480<\/strong> avec ce <strong>clavier am\u00e9ricain authentique<\/strong>. Ce <strong>remplacement OEM<\/strong> garantit des performances et une durabilit\u00e9 optimales. <strong>Photos r\u00e9elles\u00a0: ce que vous voyez est ce que vous obtenez\u00a0!<\/strong><\/p>\n","protected":false},"featured_media":16690,"template":"","meta":[],"product_brand":[],"product_cat":[71],"product_tag":[53],"class_list":{"0":"post-16644","1":"product","2":"type-product","3":"status-publish","4":"has-post-thumbnail","6":"product_cat-laptop-keyboard","7":"product_tag-dell","9":"first","10":"instock","11":"taxable","12":"shipping-taxable","13":"purchasable","14":"product-type-simple"},"_links":{"self":[{"href":"https:\/\/boreait.com\/fr\/wp-json\/wp\/v2\/product\/16644","targetHints":{"allow":["GET"]}}],"collection":[{"href":"https:\/\/boreait.com\/fr\/wp-json\/wp\/v2\/product"}],"about":[{"href":"https:\/\/boreait.com\/fr\/wp-json\/wp\/v2\/types\/product"}],"wp:featuredmedia":[{"embeddable":true,"href":"https:\/\/boreait.com\/fr\/wp-json\/wp\/v2\/media\/16690"}],"wp:attachment":[{"href":"https:\/\/boreait.com\/fr\/wp-json\/wp\/v2\/media?parent=16644"}],"wp:term":[{"taxonomy":"product_brand","embeddable":true,"href":"https:\/\/boreait.com\/fr\/wp-json\/wp\/v2\/product_brand?post=16644"},{"taxonomy":"product_cat","embeddable":true,"href":"https:\/\/boreait.com\/fr\/wp-json\/wp\/v2\/product_cat?post=16644"},{"taxonomy":"product_tag","embeddable":true,"href":"https:\/\/boreait.com\/fr\/wp-json\/wp\/v2\/product_tag?post=16644"}],"curies":[{"name":"wp","href":"https:\/\/api.w.org\/{rel}","templated":true}]}}