{"id":16643,"date":"2025-09-16T16:32:41","date_gmt":"2025-09-16T14:32:41","guid":{"rendered":"https:\/\/boreait.com\/fr\/?post_type=product&#038;p=16643"},"modified":"2025-09-16T16:34:08","modified_gmt":"2025-09-16T14:34:08","slug":"acer-chromebook-n19q3-116-ecran-lcd-ips-mat-fhd-30-broches-edp-non-tactile-neuf","status":"publish","type":"product","link":"https:\/\/boreait.com\/fr\/produit\/acer-chromebook-n19q3-116-ecran-lcd-ips-mat-fhd-30-broches-edp-non-tactile-neuf\/","title":{"rendered":"Acer Chromebook N19Q3 11,6&Prime; \u00c9cran LCD IPS mat FHD 30 broches eDP non tactile Neuf"},"content":{"rendered":"<p>Mod\u00e8le d&rsquo;\u00e9cran LCD\u00a0: N156HCA-EAC C2 ou NT156FHM-N43 V8.0 \u2013 ENTI\u00c8REMENT COMPATIBLE AVEC L&rsquo;\u00c9CRAN D&rsquo;ORDINATEUR PORTABLE Acer Chromebook N19Q3<\/p>\n<p>Am\u00e9liorez votre Chromebook Acer avec cet \u00e9cran LCD de remplacement de haute qualit\u00e9. Con\u00e7u pour les mod\u00e8les portant la r\u00e9f\u00e9rence N19Q3, cet \u00e9cran de 11,6\u00a0pouces offre une finition mate, une r\u00e9solution Full HD (1920\u00a0x\u00a01080) et la technologie IPS pour des couleurs et des angles de vision exceptionnels. L&rsquo;\u00e9cran est \u00e9quip\u00e9 de la technologie eDP et d&rsquo;un connecteur 30\u00a0broches pour une fixation optimale. Son circuit imprim\u00e9 compact (260\u00a0mm) est id\u00e9al pour votre appareil, et l&rsquo;\u00e9cran est fourni avec des bandes autocollantes pour une installation facile. Gr\u00e2ce \u00e0 sa fonctionnalit\u00e9 non tactile, cet \u00e9cran LCD est id\u00e9al pour restaurer les performances d&rsquo;origine de votre Chromebook. Neuf et pr\u00eat \u00e0 \u00eatre install\u00e9.<\/p>\n","protected":false},"excerpt":{"rendered":"<p>\u00c9cran LCD de remplacement pour Acer Chromebook N19Q3, 11,6&Prime;, Full HD, IPS mat, eDP 30 broches, non tactile, avec bandes autocollantes. \u00c9tat neuf.<\/p>\n","protected":false},"featured_media":16689,"template":"","meta":[],"product_brand":[],"product_cat":[105,95],"product_tag":[66],"class_list":{"0":"post-16643","1":"product","2":"type-product","3":"status-publish","4":"has-post-thumbnail","6":"product_cat-15-6-new-laptop-screens-lcd-panels","7":"product_cat-new-laptop-screens-lcd-panels","8":"product_tag-asus","10":"first","11":"instock","12":"taxable","13":"shipping-taxable","14":"purchasable","15":"product-type-simple"},"_links":{"self":[{"href":"https:\/\/boreait.com\/fr\/wp-json\/wp\/v2\/product\/16643","targetHints":{"allow":["GET"]}}],"collection":[{"href":"https:\/\/boreait.com\/fr\/wp-json\/wp\/v2\/product"}],"about":[{"href":"https:\/\/boreait.com\/fr\/wp-json\/wp\/v2\/types\/product"}],"wp:featuredmedia":[{"embeddable":true,"href":"https:\/\/boreait.com\/fr\/wp-json\/wp\/v2\/media\/16689"}],"wp:attachment":[{"href":"https:\/\/boreait.com\/fr\/wp-json\/wp\/v2\/media?parent=16643"}],"wp:term":[{"taxonomy":"product_brand","embeddable":true,"href":"https:\/\/boreait.com\/fr\/wp-json\/wp\/v2\/product_brand?post=16643"},{"taxonomy":"product_cat","embeddable":true,"href":"https:\/\/boreait.com\/fr\/wp-json\/wp\/v2\/product_cat?post=16643"},{"taxonomy":"product_tag","embeddable":true,"href":"https:\/\/boreait.com\/fr\/wp-json\/wp\/v2\/product_tag?post=16643"}],"curies":[{"name":"wp","href":"https:\/\/api.w.org\/{rel}","templated":true}]}}