{"id":16634,"date":"2025-09-16T16:32:16","date_gmt":"2025-09-16T14:32:16","guid":{"rendered":"https:\/\/boreait.com\/fr\/?post_type=product&#038;p=16634"},"modified":"2025-09-16T16:34:06","modified_gmt":"2025-09-16T14:34:06","slug":"ecran-lcd-lenovo-156-pouces-sd11j12383-fru-5d11j12384-mat-fhd-ips-edp-30-broches","status":"publish","type":"product","link":"https:\/\/boreait.com\/fr\/produit\/ecran-lcd-lenovo-156-pouces-sd11j12383-fru-5d11j12384-mat-fhd-ips-edp-30-broches\/","title":{"rendered":"\u00c9cran LCD Lenovo 15,6 pouces SD11J12383 FRU 5D11J12384, mat FHD IPS, eDP 30 broches"},"content":{"rendered":"<p>Mod\u00e8le d&rsquo;\u00e9cran LCD actuel\u00a0: N156HCA-EAC C2 ou NT156FHM-N43 V8.0 \u2013 ENTI\u00c8REMENT COMPATIBLE AVEC L&rsquo;\u00c9CRAN D&rsquo;ORDINATEUR PORTABLE Lenovo PN\u00a0: SD11J12383 FRU\u00a0: 5D11J12384<\/p>\n<p>Ce tout nouvel \u00e9cran LCD Lenovo 15,6 pouces (PN\u00a0: SD11J12383, FRU\u00a0: 5D11J12384) offre un affichage de qualit\u00e9 sup\u00e9rieure avec une finition mate et la technologie IPS pour des couleurs \u00e9clatantes et homog\u00e8nes. Dot\u00e9 d&rsquo;une r\u00e9solution Full HD (FHD) et d&rsquo;une connexion eDP, cet \u00e9cran offre des images nettes et claires pour tous vos besoins informatiques. L&rsquo;\u00e9cran non tactile est \u00e9quip\u00e9 d&rsquo;un connecteur 30 broches et d&rsquo;un circuit imprim\u00e9 plus petit (260\u00a0mm) pour des performances optimales. Con\u00e7u pour les ordinateurs portables Lenovo, il est livr\u00e9 sans supports, mais avec des bandes adh\u00e9sives double-face pour une installation facile. Que vous remplaciez un \u00e9cran endommag\u00e9 ou que vous le mettiez \u00e0 niveau, ce nouvel \u00e9cran LCD est la solution parfaite pour votre appareil.<\/p>\n","protected":false},"excerpt":{"rendered":"<p>\u00c9cran LCD Lenovo 15,6&Prime; flambant neuf (r\u00e9f\u00e9rence\u00a0: SD11J12383, mod\u00e8le\u00a0: 5D11J12384) avec finition mate, IPS FHD, connexion eDP 30 broches et circuit imprim\u00e9 plus petit. Bandes adh\u00e9sives incluses.<\/p>\n","protected":false},"featured_media":16689,"template":"","meta":[],"product_brand":[],"product_cat":[105,95],"product_tag":[62],"class_list":{"0":"post-16634","1":"product","2":"type-product","3":"status-publish","4":"has-post-thumbnail","6":"product_cat-15-6-new-laptop-screens-lcd-panels","7":"product_cat-new-laptop-screens-lcd-panels","8":"product_tag-lenovo","10":"first","11":"instock","12":"taxable","13":"shipping-taxable","14":"purchasable","15":"product-type-simple"},"_links":{"self":[{"href":"https:\/\/boreait.com\/fr\/wp-json\/wp\/v2\/product\/16634","targetHints":{"allow":["GET"]}}],"collection":[{"href":"https:\/\/boreait.com\/fr\/wp-json\/wp\/v2\/product"}],"about":[{"href":"https:\/\/boreait.com\/fr\/wp-json\/wp\/v2\/types\/product"}],"wp:featuredmedia":[{"embeddable":true,"href":"https:\/\/boreait.com\/fr\/wp-json\/wp\/v2\/media\/16689"}],"wp:attachment":[{"href":"https:\/\/boreait.com\/fr\/wp-json\/wp\/v2\/media?parent=16634"}],"wp:term":[{"taxonomy":"product_brand","embeddable":true,"href":"https:\/\/boreait.com\/fr\/wp-json\/wp\/v2\/product_brand?post=16634"},{"taxonomy":"product_cat","embeddable":true,"href":"https:\/\/boreait.com\/fr\/wp-json\/wp\/v2\/product_cat?post=16634"},{"taxonomy":"product_tag","embeddable":true,"href":"https:\/\/boreait.com\/fr\/wp-json\/wp\/v2\/product_tag?post=16634"}],"curies":[{"name":"wp","href":"https:\/\/api.w.org\/{rel}","templated":true}]}}