{"id":16633,"date":"2025-09-16T16:32:16","date_gmt":"2025-09-16T14:32:16","guid":{"rendered":"https:\/\/boreait.com\/fr\/?post_type=product&#038;p=16633"},"modified":"2025-09-16T16:34:05","modified_gmt":"2025-09-16T14:34:05","slug":"ecran-lcd-mat-ips-fhd-30-broches-edp-non-tactile-n156hga-ea3-156-pouces-neuf","status":"publish","type":"product","link":"https:\/\/boreait.com\/fr\/produit\/ecran-lcd-mat-ips-fhd-30-broches-edp-non-tactile-n156hga-ea3-156-pouces-neuf\/","title":{"rendered":"\u00c9cran LCD mat IPS FHD 30 broches eDP non tactile N156HGA-EA3 15,6 pouces, neuf"},"content":{"rendered":"<p>Mod\u00e8le d&rsquo;\u00e9cran LCD actuel\u00a0: N156HCA-EAC C2 ou NT156FHM-N43 V8.0 \u2013 ENTI\u00c8REMENT COMPATIBLE AVEC L&rsquo;\u00c9CRAN D&rsquo;ORDINATEUR PORTABLE N156HGA-EA3 REV.C5<\/p>\n<p>Optimisez votre appareil avec l&rsquo;\u00e9cran LCD 15,6\u00a0pouces N156HGA-EA3 REV.C5. Cette dalle IPS haute qualit\u00e9 offre une r\u00e9solution Full HD pour des images d&rsquo;une nettet\u00e9 exceptionnelle et une exp\u00e9rience visuelle exceptionnelle. Sa finition mate r\u00e9duit les reflets et am\u00e9liore la clart\u00e9 dans les environnements lumineux. Dot\u00e9 d&rsquo;un connecteur eDP 30\u00a0broches et d&rsquo;une carte PCB compacte de 260\u00a0mm, il constitue un excellent remplacement pour les appareils compatibles. Non tactile, cet \u00e9cran offre un design \u00e9pur\u00e9 et est fourni avec des bandes autocollantes pour une installation facile. Ce tout nouvel \u00e9cran LCD est la solution id\u00e9ale pour redonner vie \u00e0 votre appareil.<\/p>\n","protected":false},"excerpt":{"rendered":"<p>Remplacez votre \u00e9cran par l&rsquo;\u00e9cran LCD 15,6&Prime; N156HGA-EA3, dot\u00e9 d&rsquo;une dalle IPS Full HD mate. Il est dot\u00e9 d&rsquo;une connexion eDP 30 broches, d&rsquo;une fonctionnalit\u00e9 non tactile et d&rsquo;un circuit imprim\u00e9 plus petit (260 mm). Neuf, avec bandes autocollantes pour une installation facile.<\/p>\n","protected":false},"featured_media":16689,"template":"","meta":[],"product_brand":[],"product_cat":[105,95],"product_tag":[],"class_list":{"0":"post-16633","1":"product","2":"type-product","3":"status-publish","4":"has-post-thumbnail","6":"product_cat-15-6-new-laptop-screens-lcd-panels","7":"product_cat-new-laptop-screens-lcd-panels","9":"first","10":"instock","11":"taxable","12":"shipping-taxable","13":"purchasable","14":"product-type-simple"},"_links":{"self":[{"href":"https:\/\/boreait.com\/fr\/wp-json\/wp\/v2\/product\/16633","targetHints":{"allow":["GET"]}}],"collection":[{"href":"https:\/\/boreait.com\/fr\/wp-json\/wp\/v2\/product"}],"about":[{"href":"https:\/\/boreait.com\/fr\/wp-json\/wp\/v2\/types\/product"}],"wp:featuredmedia":[{"embeddable":true,"href":"https:\/\/boreait.com\/fr\/wp-json\/wp\/v2\/media\/16689"}],"wp:attachment":[{"href":"https:\/\/boreait.com\/fr\/wp-json\/wp\/v2\/media?parent=16633"}],"wp:term":[{"taxonomy":"product_brand","embeddable":true,"href":"https:\/\/boreait.com\/fr\/wp-json\/wp\/v2\/product_brand?post=16633"},{"taxonomy":"product_cat","embeddable":true,"href":"https:\/\/boreait.com\/fr\/wp-json\/wp\/v2\/product_cat?post=16633"},{"taxonomy":"product_tag","embeddable":true,"href":"https:\/\/boreait.com\/fr\/wp-json\/wp\/v2\/product_tag?post=16633"}],"curies":[{"name":"wp","href":"https:\/\/api.w.org\/{rel}","templated":true}]}}