{"id":16613,"date":"2025-09-16T16:31:24","date_gmt":"2025-09-16T14:31:24","guid":{"rendered":"https:\/\/boreait.com\/fr\/?post_type=product&#038;p=16613"},"modified":"2025-09-16T16:33:43","modified_gmt":"2025-09-16T14:33:43","slug":"carte-audio-usb-da0zabtb6d0-avec-cable-pour-acer-aspire-e5-575-piece-dorigine-pour-ordinateur-portable","status":"publish","type":"product","link":"https:\/\/boreait.com\/fr\/produit\/carte-audio-usb-da0zabtb6d0-avec-cable-pour-acer-aspire-e5-575-piece-dorigine-pour-ordinateur-portable\/","title":{"rendered":"Carte audio USB DA0ZABTB6D0 avec c\u00e2ble pour Acer Aspire E5-575 \u2013 Pi\u00e8ce d&rsquo;origine pour ordinateur portable"},"content":{"rendered":"<p>Mettez \u00e0 niveau ou remplacez votre carte audio USB Acer Aspire s\u00e9rie E5-575 d\u00e9fectueuse par cette pi\u00e8ce de rechange d&rsquo;origine. Cette carte audio USB DA0ZABTB6D0 est livr\u00e9e avec le c\u00e2ble d&rsquo;origine, garantissant compatibilit\u00e9 et installation facile. <\/p>\n<h3><strong>D\u00e9tails du produit\u00a0:<\/strong><\/h3>\n<p>\u2714 <strong>Mod\u00e8le\u00a0:<\/strong> DA0ZABTB6D0<\/p>\n<p>\u2714 <strong>Compatible avec\u00a0:<\/strong> Acer Aspire s\u00e9rie E5-575<\/p>\n<p>\u2714 <strong>Inclus\u00a0:<\/strong> Carte audio USB + c\u00e2ble<\/p>\n<p>\u2714 <strong>\u00c9tat\u00a0:<\/strong> Enti\u00e8rement test\u00e9, fonctionnel et en excellent \u00e9tat<\/p>\n<p>\u2714 <strong>Photos\u00a0:<\/strong> Cette annonce pr\u00e9sente des images r\u00e9elles de la pi\u00e8ce que vous recevrez.<\/p>\n<p>Cette pi\u00e8ce est id\u00e9ale pour r\u00e9parer les probl\u00e8mes de connectivit\u00e9 audio ou USB caus\u00e9s par une carte endommag\u00e9e. Si vous avez besoin d&rsquo;aide pour choisir la pi\u00e8ce de rechange adapt\u00e9e, n&rsquo;h\u00e9sitez pas \u00e0 nous contacter \u00e0 tout moment\u00a0; nous serons ravis de vous aider\u00a0!<\/p>\n<p>\ud83d\ude80 <strong>Livraison internationale disponible<\/strong> | \ud83d\udce6 Emballage s\u00e9curis\u00e9 | \ud83d\udd27 Aucune instruction d&rsquo;installation incluse, mais une assistance est disponible sur demande.<\/p>\n","protected":false},"excerpt":{"rendered":"<p>Carte audio USB d&rsquo;origine Acer Aspire s\u00e9rie E5-575 <strong>DA0ZABTB6D0<\/strong> avec c\u00e2ble. Enti\u00e8rement test\u00e9e, issue d&rsquo;un ordinateur portable en \u00e9tat de marche et en excellent \u00e9tat. Photos du produit incluses.<\/p>\n","protected":false},"featured_media":16677,"template":"","meta":[],"product_brand":[],"product_cat":[63],"product_tag":[65],"class_list":{"0":"post-16613","1":"product","2":"type-product","3":"status-publish","4":"has-post-thumbnail","6":"product_cat-motherboards-board-parts","7":"product_tag-acer","9":"first","10":"instock","11":"taxable","12":"shipping-taxable","13":"purchasable","14":"product-type-simple"},"_links":{"self":[{"href":"https:\/\/boreait.com\/fr\/wp-json\/wp\/v2\/product\/16613","targetHints":{"allow":["GET"]}}],"collection":[{"href":"https:\/\/boreait.com\/fr\/wp-json\/wp\/v2\/product"}],"about":[{"href":"https:\/\/boreait.com\/fr\/wp-json\/wp\/v2\/types\/product"}],"wp:featuredmedia":[{"embeddable":true,"href":"https:\/\/boreait.com\/fr\/wp-json\/wp\/v2\/media\/16677"}],"wp:attachment":[{"href":"https:\/\/boreait.com\/fr\/wp-json\/wp\/v2\/media?parent=16613"}],"wp:term":[{"taxonomy":"product_brand","embeddable":true,"href":"https:\/\/boreait.com\/fr\/wp-json\/wp\/v2\/product_brand?post=16613"},{"taxonomy":"product_cat","embeddable":true,"href":"https:\/\/boreait.com\/fr\/wp-json\/wp\/v2\/product_cat?post=16613"},{"taxonomy":"product_tag","embeddable":true,"href":"https:\/\/boreait.com\/fr\/wp-json\/wp\/v2\/product_tag?post=16613"}],"curies":[{"name":"wp","href":"https:\/\/api.w.org\/{rel}","templated":true}]}}