{"id":16579,"date":"2025-09-16T16:29:57","date_gmt":"2025-09-16T14:29:57","guid":{"rendered":"https:\/\/boreait.com\/fr\/?post_type=product&#038;p=16579"},"modified":"2025-09-16T16:32:50","modified_gmt":"2025-09-16T14:32:50","slug":"cache-charniere-pour-ordinateur-portable-hp-250-g7-piece-de-rechange-dorigine-ajustement-parfait-photos-reelles","status":"publish","type":"product","link":"https:\/\/boreait.com\/fr\/produit\/cache-charniere-pour-ordinateur-portable-hp-250-g7-piece-de-rechange-dorigine-ajustement-parfait-photos-reelles\/","title":{"rendered":"Cache charni\u00e8re pour ordinateur portable HP 250 G7 \u2013 Pi\u00e8ce de rechange d&rsquo;origine \u2013 Ajustement parfait, photos r\u00e9elles"},"content":{"rendered":"<p>Assurez le bon fonctionnement de votre ordinateur portable HP 250 G7 gr\u00e2ce \u00e0 ce cache-charni\u00e8re d&rsquo;origine. Parfaitement con\u00e7u pour le mod\u00e8le HP 250 G7, ce cache-charni\u00e8re est id\u00e9al pour restaurer l&rsquo;esth\u00e9tique et les fonctionnalit\u00e9s de votre ordinateur portable. Si votre cache-charni\u00e8re actuel est endommag\u00e9 ou manquant, ce cache-charni\u00e8re de rechange lui offrira une solution parfaitement adapt\u00e9e, alliant design et fonctionnalit\u00e9.<\/p>\n<p>Ce cache-charni\u00e8re pour ordinateur portable est un \u00e9l\u00e9ment de protection essentiel\u00a0: il recouvre les charni\u00e8res de l&rsquo;ordinateur portable et assure une ouverture et une fermeture fluides sans exposer les composants internes. Fabriqu\u00e9 \u00e0 partir de mat\u00e9riaux durables, il assure un ajustement durable et prot\u00e8ge votre ordinateur portable des dommages externes. <\/p>\n<p><strong>D\u00e9tails du produit\u00a0:<\/strong><\/p>\n<ul>\n<li><strong>Compatibilit\u00e9\u00a0:<\/strong> Con\u00e7u sp\u00e9cifiquement pour la s\u00e9rie HP 250 G7.<\/li>\n<li><strong>\u00c9tat\u00a0:<\/strong> Occasion.<\/li>\n<li><strong>Contenu\u00a0:<\/strong> Le produit que vous voyez sur les photos est la pi\u00e8ce exacte que vous recevrez.<\/li>\n<li><strong>Mat\u00e9riau\u00a0:<\/strong> Plastique de haute qualit\u00e9 pour plus de durabilit\u00e9 et de fiabilit\u00e9.<\/li>\n<\/ul>\n<p>Si vous avez besoin d&rsquo;aide pour l&rsquo;installation, n&rsquo;h\u00e9sitez pas \u00e0 nous contacter\u00a0! Notre \u00e9quipe est toujours l\u00e0 pour vous aider.<\/p>\n<h3><strong>Remarque importante\u00a0:<\/strong><\/h3>\n<p>Nous ne fournissons pas d&rsquo;instructions d&rsquo;installation, mais nous restons \u00e0 votre disposition pour toute question. N&rsquo;h\u00e9sitez pas \u00e0 nous contacter\u00a0!<\/p>\n","protected":false},"excerpt":{"rendered":"<p>Ce cache charni\u00e8re pour HP 250 G7 est une pi\u00e8ce de rechange d&rsquo;origine, con\u00e7ue pour s&rsquo;adapter parfaitement \u00e0 la charni\u00e8re de votre ordinateur portable et la prot\u00e9ger. Il est con\u00e7u pour offrir une durabilit\u00e9 et des performances de haute qualit\u00e9. Gr\u00e2ce aux photos du produit, vous recevrez exactement la pi\u00e8ce illustr\u00e9e.<\/p>\n","protected":false},"featured_media":16649,"template":"","meta":[],"product_brand":[],"product_cat":[52],"product_tag":[61],"class_list":{"0":"post-16579","1":"product","2":"type-product","3":"status-publish","4":"has-post-thumbnail","6":"product_cat-laptop-housing","7":"product_tag-hp","9":"first","10":"instock","11":"taxable","12":"shipping-taxable","13":"purchasable","14":"product-type-simple"},"_links":{"self":[{"href":"https:\/\/boreait.com\/fr\/wp-json\/wp\/v2\/product\/16579","targetHints":{"allow":["GET"]}}],"collection":[{"href":"https:\/\/boreait.com\/fr\/wp-json\/wp\/v2\/product"}],"about":[{"href":"https:\/\/boreait.com\/fr\/wp-json\/wp\/v2\/types\/product"}],"wp:featuredmedia":[{"embeddable":true,"href":"https:\/\/boreait.com\/fr\/wp-json\/wp\/v2\/media\/16649"}],"wp:attachment":[{"href":"https:\/\/boreait.com\/fr\/wp-json\/wp\/v2\/media?parent=16579"}],"wp:term":[{"taxonomy":"product_brand","embeddable":true,"href":"https:\/\/boreait.com\/fr\/wp-json\/wp\/v2\/product_brand?post=16579"},{"taxonomy":"product_cat","embeddable":true,"href":"https:\/\/boreait.com\/fr\/wp-json\/wp\/v2\/product_cat?post=16579"},{"taxonomy":"product_tag","embeddable":true,"href":"https:\/\/boreait.com\/fr\/wp-json\/wp\/v2\/product_tag?post=16579"}],"curies":[{"name":"wp","href":"https:\/\/api.w.org\/{rel}","templated":true}]}}