{"id":16569,"date":"2025-09-16T16:29:34","date_gmt":"2025-09-16T14:29:34","guid":{"rendered":"https:\/\/boreait.com\/fr\/?post_type=product&#038;p=16569"},"modified":"2026-02-08T08:31:40","modified_gmt":"2026-02-08T07:31:40","slug":"carte-wi-fi-bluetooth-sans-fil-hp-dorigine-pour-ordinateur-portable-l17365-005-piece-de-rechange-pour-ordinateurs-portables-hp","status":"publish","type":"product","link":"https:\/\/boreait.com\/fr\/produit\/carte-wi-fi-bluetooth-sans-fil-hp-dorigine-pour-ordinateur-portable-l17365-005-piece-de-rechange-pour-ordinateurs-portables-hp\/","title":{"rendered":"Carte Wi-Fi Bluetooth sans fil HP d&rsquo;origine pour ordinateur portable L17365-005 \u2013 Pi\u00e8ce de rechange pour ordinateurs portables HP"},"content":{"rendered":"<p>Am\u00e9liorez ou r\u00e9parez les fonctionnalit\u00e9s sans fil de votre ordinateur portable HP avec la carte Wi-Fi Bluetooth L17365-005 d&rsquo;origine pour ordinateur portable HP. Cette pi\u00e8ce d&rsquo;origine offre une connectivit\u00e9 fluide et des performances Wi-Fi et Bluetooth fiables pour votre ordinateur portable. Que vous ayez besoin de remplacer une carte d\u00e9fectueuse ou de mettre \u00e0 niveau les fonctionnalit\u00e9s sans fil de votre appareil, cette pi\u00e8ce est con\u00e7ue pour garantir un fonctionnement fluide et est compatible avec de nombreux mod\u00e8les d&rsquo;ordinateurs portables HP. <\/p>\n<p><strong>Caract\u00e9ristiques du produit<\/strong>\u00a0:<\/p>\n<ul>\n<li><strong>Pi\u00e8ce HP d&rsquo;origine<\/strong>\u00a0: Fabriqu\u00e9e selon les normes HP les plus strictes pour un ajustement parfait et des performances fiables.<\/li>\n<li><strong>Double connectivit\u00e9<\/strong>\u00a0: Compatible Wi-Fi et Bluetooth, elle vous permet de rester connect\u00e9 \u00e0 Internet et aux appareils Bluetooth.<\/li>\n<li><strong>Remplacement facile<\/strong>\u00a0: Une pi\u00e8ce de rechange simple et efficace pour am\u00e9liorer ou r\u00e9parer les performances sans fil de votre ordinateur portable.<\/li>\n<\/ul>\n<p><strong>Compatibilit\u00e9<\/strong>\u00a0: Cette carte Wi-Fi\/Bluetooth est compatible avec plusieurs mod\u00e8les d&rsquo;ordinateurs portables HP. Veuillez donc v\u00e9rifier la compatibilit\u00e9 avant l&rsquo;achat.<\/p>\n<p><strong>Photos<\/strong>\u00a0: Les photos de cette annonce repr\u00e9sentent le produit r\u00e9el que vous recevrez, vous garantissant ainsi une pi\u00e8ce identique \u00e0 celle pr\u00e9sent\u00e9e.<\/p>\n<p>Pour toute question concernant l&rsquo;installation ou la compatibilit\u00e9, n&rsquo;h\u00e9sitez pas \u00e0 me contacter pour plus d&rsquo;informations.<\/p>\n","protected":false},"excerpt":{"rendered":"<p>Cette carte Wi-Fi et Bluetooth HP d&rsquo;origine (r\u00e9f\u00e9rence L17365-005) est con\u00e7ue pour une connectivit\u00e9 fluide et des performances fiables. Id\u00e9ale pour les ordinateurs portables HP, elle garantit des connexions Wi-Fi et Bluetooth stables. Une pi\u00e8ce de rechange id\u00e9ale pour ceux qui souhaitent am\u00e9liorer ou r\u00e9parer la fonctionnalit\u00e9 sans fil de leur ordinateur portable. Les photos repr\u00e9sentent l&rsquo;article que vous recevrez.<\/p>\n","protected":false},"featured_media":16648,"template":"","meta":[],"product_brand":[],"product_cat":[63],"product_tag":[61],"class_list":{"0":"post-16569","1":"product","2":"type-product","3":"status-publish","4":"has-post-thumbnail","6":"product_cat-motherboards-board-parts","7":"product_tag-hp","9":"first","10":"instock","11":"taxable","12":"shipping-taxable","13":"purchasable","14":"product-type-simple"},"_links":{"self":[{"href":"https:\/\/boreait.com\/fr\/wp-json\/wp\/v2\/product\/16569","targetHints":{"allow":["GET"]}}],"collection":[{"href":"https:\/\/boreait.com\/fr\/wp-json\/wp\/v2\/product"}],"about":[{"href":"https:\/\/boreait.com\/fr\/wp-json\/wp\/v2\/types\/product"}],"wp:featuredmedia":[{"embeddable":true,"href":"https:\/\/boreait.com\/fr\/wp-json\/wp\/v2\/media\/16648"}],"wp:attachment":[{"href":"https:\/\/boreait.com\/fr\/wp-json\/wp\/v2\/media?parent=16569"}],"wp:term":[{"taxonomy":"product_brand","embeddable":true,"href":"https:\/\/boreait.com\/fr\/wp-json\/wp\/v2\/product_brand?post=16569"},{"taxonomy":"product_cat","embeddable":true,"href":"https:\/\/boreait.com\/fr\/wp-json\/wp\/v2\/product_cat?post=16569"},{"taxonomy":"product_tag","embeddable":true,"href":"https:\/\/boreait.com\/fr\/wp-json\/wp\/v2\/product_tag?post=16569"}],"curies":[{"name":"wp","href":"https:\/\/api.w.org\/{rel}","templated":true}]}}