{"id":16567,"date":"2025-09-16T16:29:34","date_gmt":"2025-09-16T14:29:34","guid":{"rendered":"https:\/\/boreait.com\/fr\/?post_type=product&#038;p=16567"},"modified":"2025-09-16T16:32:38","modified_gmt":"2025-09-16T14:32:38","slug":"ventilateur-de-processeur-pour-ordinateur-portable-hp-pavilion-15-da-15-da0014tx-15-da002-l20473-001-ksb05105hadz6-dc28000l6d0","status":"publish","type":"product","link":"https:\/\/boreait.com\/fr\/produit\/ventilateur-de-processeur-pour-ordinateur-portable-hp-pavilion-15-da-15-da0014tx-15-da002-l20473-001-ksb05105hadz6-dc28000l6d0\/","title":{"rendered":"Ventilateur de processeur pour ordinateur portable HP Pavilion 15-DA 15-da0014TX 15-DA002 L20473-001 KSB05105HADZ6 DC28000L6D0"},"content":{"rendered":"<p>Am\u00e9liorez ou remplacez le ventilateur du processeur de votre ordinateur portable HP Pavilion 15-DA gr\u00e2ce \u00e0 cette solution de refroidissement fiable et efficace. Con\u00e7u pour les mod\u00e8les HP Pavilion 15-da0014TX, 15-DA002 et autres mod\u00e8les compatibles, ce ventilateur garantit une excellente dissipation de la chaleur, garantissant ainsi un refroidissement optimal et des performances optimales de votre ordinateur portable.<\/p>\n<h4>Principales caract\u00e9ristiques\u00a0:<\/h4>\n<ul>\n<li><strong>Compatibilit\u00e9<\/strong>\u00a0: Compatible avec la s\u00e9rie HP Pavilion 15-DA, y compris les mod\u00e8les 15-da0014TX et 15-DA002. \u00c9galement compatible avec les mod\u00e8les L20473-001, KSB05105HADZ6 et DC28000L6D0.<\/li>\n<li><strong>Pi\u00e8ce de rechange de haute qualit\u00e9<\/strong>\u00a0: Ce ventilateur est con\u00e7u pour offrir un refroidissement fiable et des performances durables.<\/li>\n<li><strong>Photos r\u00e9elles<\/strong>\u00a0: Les images que vous voyez correspondent \u00e0 la pi\u00e8ce que vous recevrez, vous garantissant ainsi un produit parfaitement adapt\u00e9 \u00e0 la r\u00e9paration de votre ordinateur portable.<\/li>\n<li><strong>Aucune instruction d&rsquo;installation<\/strong>\u00a0: Bien que nous ne fournissions pas de guide de remplacement sp\u00e9cifique, n&rsquo;h\u00e9sitez pas \u00e0 nous contacter si vous avez besoin d&rsquo;aide pour l&rsquo;installation.<\/li>\n<\/ul>\n<p>Si vous souhaitez remplacer ou mettre \u00e0 niveau le syst\u00e8me de refroidissement de votre ordinateur portable, ce ventilateur de processeur est la solution id\u00e9ale. Il offre des performances optimales et s&rsquo;adapte parfaitement \u00e0 votre ordinateur portable HP Pavilion. Maintenez votre syst\u00e8me au frais et \u00e9vitez les probl\u00e8mes de surchauffe, garantissant ainsi un fonctionnement efficace et une dur\u00e9e de vie prolong\u00e9e de votre ordinateur portable.<\/p>\n","protected":false},"excerpt":{"rendered":"<p>Remplacez votre ventilateur de processeur d\u00e9fectueux par cette pi\u00e8ce de haute qualit\u00e9 et compatible avec les ordinateurs portables HP Pavilion s\u00e9rie 15-DA. Con\u00e7u pour des mod\u00e8les sp\u00e9cifiques, ce ventilateur garantit des performances de refroidissement optimales pour un fonctionnement optimal de votre ordinateur portable. Photos r\u00e9elles de la pi\u00e8ce que vous recevrez\u00a0!<\/p>\n","protected":false},"featured_media":16642,"template":"","meta":[],"product_brand":[],"product_cat":[69],"product_tag":[61],"class_list":{"0":"post-16567","1":"product","2":"type-product","3":"status-publish","4":"has-post-thumbnail","6":"product_cat-cpu-fans-heatsinks","7":"product_tag-hp","9":"first","10":"instock","11":"taxable","12":"shipping-taxable","13":"purchasable","14":"product-type-simple"},"_links":{"self":[{"href":"https:\/\/boreait.com\/fr\/wp-json\/wp\/v2\/product\/16567","targetHints":{"allow":["GET"]}}],"collection":[{"href":"https:\/\/boreait.com\/fr\/wp-json\/wp\/v2\/product"}],"about":[{"href":"https:\/\/boreait.com\/fr\/wp-json\/wp\/v2\/types\/product"}],"wp:featuredmedia":[{"embeddable":true,"href":"https:\/\/boreait.com\/fr\/wp-json\/wp\/v2\/media\/16642"}],"wp:attachment":[{"href":"https:\/\/boreait.com\/fr\/wp-json\/wp\/v2\/media?parent=16567"}],"wp:term":[{"taxonomy":"product_brand","embeddable":true,"href":"https:\/\/boreait.com\/fr\/wp-json\/wp\/v2\/product_brand?post=16567"},{"taxonomy":"product_cat","embeddable":true,"href":"https:\/\/boreait.com\/fr\/wp-json\/wp\/v2\/product_cat?post=16567"},{"taxonomy":"product_tag","embeddable":true,"href":"https:\/\/boreait.com\/fr\/wp-json\/wp\/v2\/product_tag?post=16567"}],"curies":[{"name":"wp","href":"https:\/\/api.w.org\/{rel}","templated":true}]}}