{"id":16541,"date":"2025-09-16T16:28:39","date_gmt":"2025-09-16T14:28:39","guid":{"rendered":"https:\/\/boreait.com\/fr\/?post_type=product&#038;p=16541"},"modified":"2025-09-16T16:31:34","modified_gmt":"2025-09-16T14:31:34","slug":"coque-arriere-de-lecran-lcd-dell-precision-m4800-am0w1000800-veritable-coque-arriere","status":"publish","type":"product","link":"https:\/\/boreait.com\/fr\/produit\/coque-arriere-de-lecran-lcd-dell-precision-m4800-am0w1000800-veritable-coque-arriere\/","title":{"rendered":"Coque arri\u00e8re de l&rsquo;\u00e9cran LCD Dell Precision M4800 AM0W1000800 \u2013 V\u00e9ritable coque arri\u00e8re"},"content":{"rendered":"<h4><strong>Coque arri\u00e8re d&rsquo;\u00e9cran LCD d&rsquo;origine pour Dell Precision M4800 \u2013 AM0W1000800<\/strong><\/h4>\n<p>Vous recherchez une coque arri\u00e8re d&rsquo;\u00e9cran LCD de remplacement pour votre ordinateur portable Dell Precision M4800\u00a0? Cette coque arri\u00e8re d&rsquo;\u00e9cran d&rsquo;origine (AM0W1000800) est id\u00e9ale pour votre ordinateur portable, garantissant une compatibilit\u00e9 et une protection optimales. <\/p>\n<h3><strong>Caract\u00e9ristiques du produit\u00a0:<\/strong><\/h3>\n<p>\u2714 <strong>Pi\u00e8ce Dell d&rsquo;origine<\/strong> \u2013 Remplacement OEM pour un ajustement et une qualit\u00e9 parfaits<\/p>\n<p>\u2714 <strong>Durable et robuste<\/strong> \u2013 Prot\u00e8ge l&rsquo;\u00e9cran et les composants internes<\/p>\n<p>\u2714 <strong>Compatibilit\u00e9 mod\u00e8le<\/strong> \u2013 Sp\u00e9cialement con\u00e7u pour le <strong>Dell Precision M4800<\/strong><\/p>\n<p>\u2714 <strong>Photos authentiques<\/strong> \u2013 Vous recevrez l&rsquo;article exact pr\u00e9sent\u00e9 sur les images<\/p>\n<h3><strong>Pourquoi choisir cette pi\u00e8ce pour ordinateur portable\u00a0?<\/strong><\/h3>\n<ul>\n<li><strong>Remplacement parfait<\/strong>\u00a0: Si votre <strong>coque arri\u00e8re LCD actuelle est fissur\u00e9e, ray\u00e9e ou cass\u00e9e<\/strong>, cette pi\u00e8ce restaure l&rsquo;apparence et les fonctionnalit\u00e9s de votre ordinateur portable.<\/li>\n<li><strong>Installation facile<\/strong>\u00a0: Con\u00e7ue pour s&rsquo;adapter parfaitement \u00e0 l&rsquo;original, ce qui simplifie le remplacement Sans tracas.<\/li>\n<li><strong>Livraison internationale disponible<\/strong>\u00a0: Nous livrons dans toute l&rsquo;Europe et dans le monde entier, vous garantissant ainsi la livraison de vos pi\u00e8ces d\u00e9tach\u00e9es pour ordinateur portable o\u00f9 que vous soyez.<\/li>\n<\/ul>\n<p>\ud83d\udce9 <strong>Besoin d&rsquo;aide\u00a0?<\/strong> Nous ne fournissons pas d&rsquo;instructions d&rsquo;installation, mais si vous avez besoin d&rsquo;aide, n&rsquo;h\u00e9sitez pas \u00e0 nous envoyer un message\u00a0!<\/p>\n","protected":false},"excerpt":{"rendered":"<p>Remplacez la coque arri\u00e8re de votre \u00e9cran LCD endommag\u00e9 ou us\u00e9 par cette coque arri\u00e8re d&rsquo;\u00e9cran Dell Precision M4800 d&rsquo;origine (AM0W1000800). Con\u00e7ue pour un ajustement parfait, cette coque durable prot\u00e8ge l&rsquo;\u00e9cran de votre ordinateur portable. Photos authentiques\u00a0: vous obtenez ce que vous voyez\u00a0!<\/p>\n","protected":false},"featured_media":16615,"template":"","meta":[],"product_brand":[],"product_cat":[52],"product_tag":[53],"class_list":{"0":"post-16541","1":"product","2":"type-product","3":"status-publish","4":"has-post-thumbnail","6":"product_cat-laptop-housing","7":"product_tag-dell","9":"first","10":"instock","11":"taxable","12":"shipping-taxable","13":"purchasable","14":"product-type-simple"},"_links":{"self":[{"href":"https:\/\/boreait.com\/fr\/wp-json\/wp\/v2\/product\/16541","targetHints":{"allow":["GET"]}}],"collection":[{"href":"https:\/\/boreait.com\/fr\/wp-json\/wp\/v2\/product"}],"about":[{"href":"https:\/\/boreait.com\/fr\/wp-json\/wp\/v2\/types\/product"}],"wp:featuredmedia":[{"embeddable":true,"href":"https:\/\/boreait.com\/fr\/wp-json\/wp\/v2\/media\/16615"}],"wp:attachment":[{"href":"https:\/\/boreait.com\/fr\/wp-json\/wp\/v2\/media?parent=16541"}],"wp:term":[{"taxonomy":"product_brand","embeddable":true,"href":"https:\/\/boreait.com\/fr\/wp-json\/wp\/v2\/product_brand?post=16541"},{"taxonomy":"product_cat","embeddable":true,"href":"https:\/\/boreait.com\/fr\/wp-json\/wp\/v2\/product_cat?post=16541"},{"taxonomy":"product_tag","embeddable":true,"href":"https:\/\/boreait.com\/fr\/wp-json\/wp\/v2\/product_tag?post=16541"}],"curies":[{"name":"wp","href":"https:\/\/api.w.org\/{rel}","templated":true}]}}