{"id":16499,"date":"2025-09-16T16:27:23","date_gmt":"2025-09-16T14:27:23","guid":{"rendered":"https:\/\/boreait.com\/fr\/?post_type=product&#038;p=16499"},"modified":"2025-09-16T16:29:21","modified_gmt":"2025-09-16T14:29:21","slug":"haut-parleurs-lenovo-thinkpad-l460-pk23000jj00-de-remplacement-haut-parleurs-dorigine-pour-ordinateur-portable-pour-un-son-clair","status":"publish","type":"product","link":"https:\/\/boreait.com\/fr\/produit\/haut-parleurs-lenovo-thinkpad-l460-pk23000jj00-de-remplacement-haut-parleurs-dorigine-pour-ordinateur-portable-pour-un-son-clair\/","title":{"rendered":"Haut-parleurs Lenovo ThinkPad L460 (PK23000JJ00) de remplacement\u00a0\u2013 Haut-parleurs d&rsquo;origine pour ordinateur portable, pour un son clair"},"content":{"rendered":"<p>Am\u00e9liorez les performances audio de votre Lenovo ThinkPad L460 avec ce haut-parleur de rechange authentique <strong>PK23000JJ00<\/strong>. Que vous remplaciez des haut-parleurs endommag\u00e9s ou d\u00e9fectueux, ce composant de haute qualit\u00e9 garantit \u00e0 votre ordinateur portable un son clair et riche. <\/p>\n<p><strong>Caract\u00e9ristiques du produit\u00a0:<\/strong><\/p>\n<ul>\n<li><strong>Compatible avec les mod\u00e8les Lenovo ThinkPad L460<\/strong>.<\/li>\n<li>Haut-parleurs de rechange d&rsquo;origine pour des performances sonores optimales.<\/li>\n<li>Installation simple et sans tracas, sans modifications suppl\u00e9mentaires.<\/li>\n<li><strong>Inclus<\/strong>\u00a0: Deux haut-parleurs (gauche et droit) pour restaurer le son st\u00e9r\u00e9o.<\/li>\n<\/ul>\n<p><strong>Pourquoi choisir nos haut-parleurs Lenovo ThinkPad L460\u00a0?<\/strong><\/p>\n<ul>\n<li><strong>Pi\u00e8ces d&rsquo;origine<\/strong>\u00a0: Nous fournissons uniquement des pi\u00e8ces de rechange d&rsquo;origine, garantissant des performances et une fiabilit\u00e9 durables.<\/li>\n<li><strong>Installation facile<\/strong>\u00a0: Vous recevrez de vraies photos des haut-parleurs que vous recevrez. Bien que nous ne fournissions pas d&rsquo;instructions d&rsquo;installation, nous restons \u00e0 votre disposition pour toute question ou assistance.\n<li><strong>Livraison internationale<\/strong>\u00a0: Disponible pour les clients europ\u00e9ens et internationaux, vous pouvez ainsi restaurer les performances audio de votre ordinateur portable o\u00f9 que vous soyez.<\/li>\n<\/ul>\n<p>Ne vous contentez pas de pi\u00e8ces de rechange de mauvaise qualit\u00e9. Procurez-vous les haut-parleurs dont votre Lenovo ThinkPad L460 a besoin pour un son optimal. Si vous avez besoin d&rsquo;aide pour l&rsquo;installation, n&rsquo;h\u00e9sitez pas \u00e0 nous contacter.<\/p>\n","protected":false},"excerpt":{"rendered":"<p>Am\u00e9liorez votre Lenovo ThinkPad L460 avec ce haut-parleur de remplacement d&rsquo;origine PK23000JJ00. Ce kit de haut-parleurs de haute qualit\u00e9 garantit un son clair et net, parfaitement adapt\u00e9 \u00e0 votre ordinateur portable. Retrouvez la qualit\u00e9 sonore de votre ordinateur portable gr\u00e2ce \u00e0 ces haut-parleurs faciles \u00e0 installer. Photos authentiques fournies.<\/p>\n","protected":false},"featured_media":16558,"template":"","meta":[],"product_brand":[],"product_cat":[54],"product_tag":[62],"class_list":{"0":"post-16499","1":"product","2":"type-product","3":"status-publish","4":"has-post-thumbnail","6":"product_cat-laptop-speakers","7":"product_tag-lenovo","9":"first","10":"instock","11":"taxable","12":"shipping-taxable","13":"purchasable","14":"product-type-simple"},"_links":{"self":[{"href":"https:\/\/boreait.com\/fr\/wp-json\/wp\/v2\/product\/16499","targetHints":{"allow":["GET"]}}],"collection":[{"href":"https:\/\/boreait.com\/fr\/wp-json\/wp\/v2\/product"}],"about":[{"href":"https:\/\/boreait.com\/fr\/wp-json\/wp\/v2\/types\/product"}],"wp:featuredmedia":[{"embeddable":true,"href":"https:\/\/boreait.com\/fr\/wp-json\/wp\/v2\/media\/16558"}],"wp:attachment":[{"href":"https:\/\/boreait.com\/fr\/wp-json\/wp\/v2\/media?parent=16499"}],"wp:term":[{"taxonomy":"product_brand","embeddable":true,"href":"https:\/\/boreait.com\/fr\/wp-json\/wp\/v2\/product_brand?post=16499"},{"taxonomy":"product_cat","embeddable":true,"href":"https:\/\/boreait.com\/fr\/wp-json\/wp\/v2\/product_cat?post=16499"},{"taxonomy":"product_tag","embeddable":true,"href":"https:\/\/boreait.com\/fr\/wp-json\/wp\/v2\/product_tag?post=16499"}],"curies":[{"name":"wp","href":"https:\/\/api.w.org\/{rel}","templated":true}]}}