{"id":16469,"date":"2025-09-16T16:26:29","date_gmt":"2025-09-16T14:26:29","guid":{"rendered":"https:\/\/boreait.com\/fr\/?post_type=product&#038;p=16469"},"modified":"2026-03-19T14:14:15","modified_gmt":"2026-03-19T13:14:15","slug":"haut-parleurs-dorigine-fujitsu-e559-dsbr030117","status":"publish","type":"product","link":"https:\/\/boreait.com\/fr\/produit\/haut-parleurs-dorigine-fujitsu-e559-dsbr030117\/","title":{"rendered":"Haut-parleurs d&rsquo;origine FUJITSU E559 DSBR030117"},"content":{"rendered":"<p>Am\u00e9liorez la qualit\u00e9 sonore de votre ordinateur portable avec ces haut-parleurs d&rsquo;origine FUJITSU E559 DSBR030117. Parfaits pour remplacer des haut-parleurs endommag\u00e9s ou d\u00e9fectueux, ces pi\u00e8ces d\u00e9tach\u00e9es Fujitsu d&rsquo;origine garantissent un son clair et net.<\/p>\n<p>\u2705 <strong>Caract\u00e9ristiques principales\u00a0:<\/strong><\/p>\n<ul>\n<li><strong>Haut-parleurs Fujitsu OEM<\/strong> \u2013 Con\u00e7us pour une compatibilit\u00e9 parfaite<\/li>\n<li><strong>Test\u00e9s et fonctionnels<\/strong> \u2013 Garantissent des performances fiables<\/li>\n<li><strong>Photos r\u00e9elles incluses<\/strong> \u2013 Vous recevez exactement ce que vous voyez<\/li>\n<li><strong>Facile \u00e0 installer<\/strong> \u2013 S&rsquo;adapte parfaitement \u00e0 votre ordinateur portable<\/li>\n<\/ul>\n<p>\ud83d\udccc <strong>\u00c9tat\u00a0:<\/strong> Occasion, mais en excellent \u00e9tat de fonctionnement. Pr\u00e9sence de traces d&rsquo;utilisation normales.<br \/>\n\ud83d\udccc <strong>Compatibilit\u00e9<\/strong>\u00a0: Veuillez v\u00e9rifier le mod\u00e8le et la r\u00e9f\u00e9rence de votre ordinateur portable avant d&rsquo;acheter.<\/p>\n<p><strong>Besoin d&rsquo;aide\u00a0?<\/strong> Si vous avez des questions, n&rsquo;h\u00e9sitez pas \u00e0 nous contacter\u00a0; nous serons ravis de vous aider\u00a0!<\/p>\n","protected":false},"excerpt":{"rendered":"<p>Am\u00e9liorez le son de votre ordinateur portable Fujitsu avec ces haut-parleurs FUJITSU DSBR030117 d&rsquo;origine. Enti\u00e8rement test\u00e9s et en excellent \u00e9tat de fonctionnement. Photos authentiques\u00a0: vous obtenez ce que vous voyez\u00a0!<\/p>\n","protected":false},"featured_media":16530,"template":"","meta":[],"product_brand":[],"product_cat":[54],"product_tag":[64],"class_list":{"0":"post-16469","1":"product","2":"type-product","3":"status-publish","4":"has-post-thumbnail","6":"product_cat-laptop-speakers","7":"product_tag-fujitsu","9":"first","10":"instock","11":"taxable","12":"shipping-taxable","13":"purchasable","14":"product-type-simple"},"_links":{"self":[{"href":"https:\/\/boreait.com\/fr\/wp-json\/wp\/v2\/product\/16469","targetHints":{"allow":["GET"]}}],"collection":[{"href":"https:\/\/boreait.com\/fr\/wp-json\/wp\/v2\/product"}],"about":[{"href":"https:\/\/boreait.com\/fr\/wp-json\/wp\/v2\/types\/product"}],"wp:featuredmedia":[{"embeddable":true,"href":"https:\/\/boreait.com\/fr\/wp-json\/wp\/v2\/media\/16530"}],"wp:attachment":[{"href":"https:\/\/boreait.com\/fr\/wp-json\/wp\/v2\/media?parent=16469"}],"wp:term":[{"taxonomy":"product_brand","embeddable":true,"href":"https:\/\/boreait.com\/fr\/wp-json\/wp\/v2\/product_brand?post=16469"},{"taxonomy":"product_cat","embeddable":true,"href":"https:\/\/boreait.com\/fr\/wp-json\/wp\/v2\/product_cat?post=16469"},{"taxonomy":"product_tag","embeddable":true,"href":"https:\/\/boreait.com\/fr\/wp-json\/wp\/v2\/product_tag?post=16469"}],"curies":[{"name":"wp","href":"https:\/\/api.w.org\/{rel}","templated":true}]}}