{"id":16461,"date":"2025-09-16T16:26:28","date_gmt":"2025-09-16T14:26:28","guid":{"rendered":"https:\/\/boreait.com\/fr\/?post_type=product&#038;p=16461"},"modified":"2025-09-16T16:27:41","modified_gmt":"2025-09-16T14:27:41","slug":"carte-lecteur-de-carte-a-puce-avec-cable-pk471000c00-pour-lenovo-thinkpad-l490-20q6-s87900-piece-dorigine","status":"publish","type":"product","link":"https:\/\/boreait.com\/fr\/produit\/carte-lecteur-de-carte-a-puce-avec-cable-pk471000c00-pour-lenovo-thinkpad-l490-20q6-s87900-piece-dorigine\/","title":{"rendered":"Carte lecteur de carte \u00e0 puce avec c\u00e2ble PK471000C00 pour Lenovo ThinkPad L490 20Q6-S87900 &#8211; Pi\u00e8ce d&rsquo;origine"},"content":{"rendered":"<p>Mettez \u00e0 niveau ou remplacez votre carte de lecteur de carte \u00e0 puce Lenovo ThinkPad 20Q6-S87900 avec c\u00e2ble (PK471000C00) avec cette pi\u00e8ce de rechange d&rsquo;origine de haute qualit\u00e9. Id\u00e9al pour restaurer la fonctionnalit\u00e9 de carte \u00e0 puce de votre ordinateur portable, ce composant garantit des fonctions d&rsquo;acc\u00e8s s\u00e9curis\u00e9, d&rsquo;authentification et de chiffrement pour un usage professionnel ou personnel.<\/p>\n<h4><strong>Principales caract\u00e9ristiques\u00a0:<\/strong><\/h4>\n<p>\u2705 <strong>Pi\u00e8ce de rechange Lenovo d&rsquo;origine<\/strong> \u2013 Assure une compatibilit\u00e9 totale avec votre mod\u00e8le ThinkPad 20Q6-S87900.<\/p>\n<p>\u2705 <strong>Fonctionnalit\u00e9 de carte \u00e0 puce s\u00e9curis\u00e9e<\/strong> \u2013 Prend en charge les applications d&rsquo;authentification, de chiffrement et d&rsquo;acc\u00e8s s\u00e9curis\u00e9.<\/p>\n<p>\u2705 <strong>C\u00e2ble de connexion d&rsquo;origine inclus<\/strong> \u2013 Garantit un remplacement sans tracas.<\/p>\n<p>\u2705 <strong>Haute qualit\u00e9 et Construction robuste \u2013 Con\u00e7u pour des performances durables.<\/p>\n<p>\u2705 <strong>Livraison internationale disponible<\/strong> \u2013 Nous livrons en Europe et dans le monde entier.<\/p>\n<p><strong>Remarque\u00a0:<\/strong> Nous ne fournissons pas d&rsquo;instructions d&rsquo;installation, mais si vous avez besoin d&rsquo;aide, n&rsquo;h\u00e9sitez pas \u00e0 nous contacter. Les photos pr\u00e9sent\u00e9es dans l&rsquo;annonce sont des images r\u00e9elles de la pi\u00e8ce que vous recevrez.<\/p>\n<p><strong>Achetez en toute confiance<\/strong> et retrouvez le lecteur de carte \u00e0 puce de votre ThinkPad enti\u00e8rement fonctionnel\u00a0! \ud83d\ude80<\/p>\n","protected":false},"excerpt":{"rendered":"<p>Restaurez la fonctionnalit\u00e9 de carte \u00e0 puce de votre ordinateur portable gr\u00e2ce \u00e0 cette carte de lecteur de carte \u00e0 puce d&rsquo;origine pour Lenovo ThinkPad 20Q6-S87900 (PK471000C00). Con\u00e7ue pour une compatibilit\u00e9 optimale, cette pi\u00e8ce de rechange garantit une authentification s\u00e9curis\u00e9e et des performances optimales. C\u00e2ble de connexion d&rsquo;origine inclus. Photos authentiques\u00a0: ce que vous voyez est ce que vous obtenez\u00a0!<\/p>\n","protected":false},"featured_media":16506,"template":"","meta":[],"product_brand":[],"product_cat":[63],"product_tag":[62],"class_list":{"0":"post-16461","1":"product","2":"type-product","3":"status-publish","4":"has-post-thumbnail","6":"product_cat-motherboards-board-parts","7":"product_tag-lenovo","9":"first","10":"instock","11":"taxable","12":"shipping-taxable","13":"purchasable","14":"product-type-simple"},"_links":{"self":[{"href":"https:\/\/boreait.com\/fr\/wp-json\/wp\/v2\/product\/16461","targetHints":{"allow":["GET"]}}],"collection":[{"href":"https:\/\/boreait.com\/fr\/wp-json\/wp\/v2\/product"}],"about":[{"href":"https:\/\/boreait.com\/fr\/wp-json\/wp\/v2\/types\/product"}],"wp:featuredmedia":[{"embeddable":true,"href":"https:\/\/boreait.com\/fr\/wp-json\/wp\/v2\/media\/16506"}],"wp:attachment":[{"href":"https:\/\/boreait.com\/fr\/wp-json\/wp\/v2\/media?parent=16461"}],"wp:term":[{"taxonomy":"product_brand","embeddable":true,"href":"https:\/\/boreait.com\/fr\/wp-json\/wp\/v2\/product_brand?post=16461"},{"taxonomy":"product_cat","embeddable":true,"href":"https:\/\/boreait.com\/fr\/wp-json\/wp\/v2\/product_cat?post=16461"},{"taxonomy":"product_tag","embeddable":true,"href":"https:\/\/boreait.com\/fr\/wp-json\/wp\/v2\/product_tag?post=16461"}],"curies":[{"name":"wp","href":"https:\/\/api.w.org\/{rel}","templated":true}]}}