{"id":16445,"date":"2025-09-16T16:26:26","date_gmt":"2025-09-16T14:26:26","guid":{"rendered":"https:\/\/boreait.com\/fr\/?post_type=product&#038;p=16445"},"modified":"2025-09-16T16:26:34","modified_gmt":"2025-09-16T14:26:34","slug":"clavier-acer-aspire-9j-n2m82-01f-nsk-gf01f-piece-de-rechange-dorigine-pour-ordinateur-portable","status":"publish","type":"product","link":"https:\/\/boreait.com\/fr\/produit\/clavier-acer-aspire-9j-n2m82-01f-nsk-gf01f-piece-de-rechange-dorigine-pour-ordinateur-portable\/","title":{"rendered":"Clavier Acer Aspire 9J.N2M82.01F \/ NSK-GF01F \u2013 Pi\u00e8ce de rechange d&rsquo;origine pour ordinateur portable"},"content":{"rendered":"<p>Am\u00e9liorez votre ordinateur portable avec le clavier slov\u00e8ne Acer Aspire 9J.N2M82.01F, une pi\u00e8ce de rechange de haute qualit\u00e9 con\u00e7ue pour des performances optimales. Que votre clavier actuel pr\u00e9sente des touches endommag\u00e9es, des boutons qui ne r\u00e9pondent plus ou d&rsquo;autres probl\u00e8mes, cette pi\u00e8ce de rechange Acer d&rsquo;origine restaure toutes ses fonctionnalit\u00e9s.<\/p>\n<h4><strong>Caract\u00e9ristiques principales\u00a0:<\/strong><\/h4>\n<p>\u2714 <strong>Clavier Acer d&rsquo;origine<\/strong> \u2013 Compatibilit\u00e9 et fiabilit\u00e9 garanties avec une pi\u00e8ce d&rsquo;origine du fabricant.<\/p>\n<p>\u2714 <strong>Ajustement parfait et installation facile<\/strong> \u2013 Sp\u00e9cialement con\u00e7u pour les mod\u00e8les Acer Aspire, pour une installation simple et sans tracas.<\/p>\n<p>\u2714 <strong>Touches durables et r\u00e9actives<\/strong> \u2013 Profitez d&rsquo;une frappe fluide et confortable gr\u00e2ce \u00e0 une r\u00e9activit\u00e9 de haute qualit\u00e9.<\/p>\n<p>\u2714 <strong>Con\u00e7u pour la long\u00e9vit\u00e9<\/strong> \u2013 Con\u00e7u pour durer, il garantit des performances et une durabilit\u00e9 \u00e0 long terme.<\/p>\n<p>\u2714 <strong>Livraison internationale disponible<\/strong> \u2013 Nous livrons partout en Europe et dans le monde entier avec un emballage s\u00e9curis\u00e9.<\/p>\n<h4><strong>Informations compl\u00e9mentaires\u00a0:<\/strong><\/h4>\n<ul>\n<li><strong>\u00c9tat\u00a0:<\/strong> Utilis\u00e9 et test\u00e9 pour garantir la qualit\u00e9. Langue\u00a0: Slov\u00e8ne\/Croate (\u00e9galement compatible avec d&rsquo;autres langues)<\/li>\n<li><strong>Compatibilit\u00e9\u00a0:<\/strong> Compatible avec certains mod\u00e8les d&rsquo;ordinateurs portables Acer Aspire (veuillez v\u00e9rifier la compatibilit\u00e9 avant l&rsquo;achat).<\/li>\n<li><strong>Photos\u00a0:<\/strong> Les images du produit pr\u00e9sent\u00e9es sont des <strong>photos r\u00e9elles<\/strong> de l&rsquo;article que vous recevrez.<\/li>\n<\/ul>\n<p>Si vous avez besoin d&rsquo;aide pour choisir le clavier d&rsquo;ordinateur portable qui vous convient, n&rsquo;h\u00e9sitez pas \u00e0 nous contacter. <strong>Achetez en toute confiance\u00a0!<\/strong><\/p>\n<p>Ordinateurs portables compatibles\u00a0:<\/p>\n<ul class=\"opis_artikla_dl\">\n<li>Acer Aspire 4330<\/li>\n<li>Acer Aspire 5241<\/li>\n<li>Acer Aspire 5332<\/li>\n<li>Acer Aspire 5332<\/li>\n<li>Acer Aspire 5334<\/li>\n<li>Acer Aspire 5334-312G25Mn<\/li>\n<li>Acer Aspire 5334<\/li>\n<li>Acer Aspire 5516<\/li>\n<li>Acer Aspire 5516<\/li>\n<li>Acer Aspire 5517<\/li>\n<li>Acer Aspire 5517<\/li>\n<li>Acer Aspire 5532<\/li>\n<li>Acer Aspire 5534<\/li>\n<li>Acer Aspire 5534<\/li>\n<li>Acer Aspire 5541<\/li>\n<li>Acer Aspire 5541<\/li>\n<li>Acer Aspire 5732<\/li>\n<li>Acer Aspire 5732<\/li>\n<li>Acer Aspire 5732G<\/li>\n<li>Acer Aspire 5732Z<\/li>\n<li>Acer Aspire 5732Z-443G32Mn<\/li>\n<li>Acer Aspire 5732Z<\/li>\n<li>Acer Aspire 5732ZG<\/li>\n<li>Acer Aspire 5732ZG<\/li>\n<li>Acer Aspire 5734<\/li>\n<li>Acer Aspire 5734<\/li>\n<li>Acer Aspire 5734Z<\/li>\n<li>Acer Aspire 7315<\/li>\n<li>Acer Aspire 7715<\/li>\n<li>Acer Aspire 7715G<\/li>\n<li>Acer Aspire 7715Z<\/li>\n<li>Acer Aspire 7715ZG<\/li>\n<li>Acer eMachines E430<\/li>\n<li>Acer eMachines E525<\/li>\n<li>Machines \u00e9lectroniques Acer E527<\/li>\n<li>Acer eMachines E625<\/li>\n<li>Acer eMachines E627<\/li>\n<li>Acer eMachines E628<\/li>\n<li>Acer eMachines E630<\/li>\n<li>Acer eMachines E725<\/li>\n<li>Acer eMachines E727<\/li>\n<li>Acer eMachines eMG630G<\/li>\n<li>Acer eMachines G525<\/li>\n<li>Acer eMachines G625-6C4G32Mi<\/li>\n<li>Acer eMachines G625<\/li>\n<li>Machines \u00e9lectroniques Acer G627-203G25Mi<\/li>\n<li>Acer eMachines G627<\/li>\n<li>Acer eMachines G630<\/li>\n<li>Acer eMachines G630G<\/li>\n<li>Acer eMachines G725-423G25Mi<\/li>\n<li>Acer eMachines G725<\/li>\n<li>Packard Bell Easynote TH36<\/li>\n<\/ul>\n","protected":false},"excerpt":{"rendered":"<p>Remplacez votre clavier us\u00e9 ou d\u00e9fectueux par ce clavier Acer Aspire authentique (9J.N2M82.01F). Con\u00e7u pour une compatibilit\u00e9 et un ajustement parfaits, ce remplacement de haute qualit\u00e9 garantit une frappe fluide et des performances fiables. Livr\u00e9 dans le monde entier avec de vraies photos du produit\u00a0: vous recevrez ce que vous voyez\u00a0!<\/p>\n","protected":false},"featured_media":16473,"template":"","meta":[],"product_brand":[],"product_cat":[71],"product_tag":[65],"class_list":{"0":"post-16445","1":"product","2":"type-product","3":"status-publish","4":"has-post-thumbnail","6":"product_cat-laptop-keyboard","7":"product_tag-acer","9":"first","10":"instock","11":"taxable","12":"shipping-taxable","13":"purchasable","14":"product-type-simple"},"_links":{"self":[{"href":"https:\/\/boreait.com\/fr\/wp-json\/wp\/v2\/product\/16445","targetHints":{"allow":["GET"]}}],"collection":[{"href":"https:\/\/boreait.com\/fr\/wp-json\/wp\/v2\/product"}],"about":[{"href":"https:\/\/boreait.com\/fr\/wp-json\/wp\/v2\/types\/product"}],"wp:featuredmedia":[{"embeddable":true,"href":"https:\/\/boreait.com\/fr\/wp-json\/wp\/v2\/media\/16473"}],"wp:attachment":[{"href":"https:\/\/boreait.com\/fr\/wp-json\/wp\/v2\/media?parent=16445"}],"wp:term":[{"taxonomy":"product_brand","embeddable":true,"href":"https:\/\/boreait.com\/fr\/wp-json\/wp\/v2\/product_brand?post=16445"},{"taxonomy":"product_cat","embeddable":true,"href":"https:\/\/boreait.com\/fr\/wp-json\/wp\/v2\/product_cat?post=16445"},{"taxonomy":"product_tag","embeddable":true,"href":"https:\/\/boreait.com\/fr\/wp-json\/wp\/v2\/product_tag?post=16445"}],"curies":[{"name":"wp","href":"https:\/\/api.w.org\/{rel}","templated":true}]}}