{"id":16443,"date":"2025-09-16T16:26:25","date_gmt":"2025-09-16T14:26:25","guid":{"rendered":"https:\/\/boreait.com\/fr\/?post_type=product&#038;p=16443"},"modified":"2025-09-16T16:26:31","modified_gmt":"2025-09-16T14:26:31","slug":"ecran-lcd-ips-mat-fhd-156-pour-lenovo-z50-70-type-80e7-boe-hb156fh1-301","status":"publish","type":"product","link":"https:\/\/boreait.com\/fr\/produit\/ecran-lcd-ips-mat-fhd-156-pour-lenovo-z50-70-type-80e7-boe-hb156fh1-301\/","title":{"rendered":"\u00c9cran LCD IPS mat FHD 15,6&Prime; pour Lenovo Z50-70 (Type 80E7), BOE HB156FH1-301"},"content":{"rendered":"<p>Mod\u00e8le d&rsquo;\u00e9cran actuel\u00a0: NV156FHM-N46 \/ B156HAN02.1 \/ LP156WF6-SPB1-SPK1-SPA1 &#8211; Enti\u00e8rement compatible avec l&rsquo;ordinateur portable Lenovo Z50-70 (Type 80E7) \/ \u00c9cran\u00a0: BOE HB156FH1-301<\/p>\n<p><\/strong><\/p>\n<p>Mettez \u00e0 niveau votre ordinateur portable Lenovo Z50-70 (Type 80E7) avec notre tout nouvel \u00e9cran LCD BOE HB156FH1-301. Cet \u00e9cran de remplacement de haute qualit\u00e9 offre une r\u00e9solution Full HD (FHD) de 1920 x 1080 pixels, offrant des images nettes et \u00e9clatantes gr\u00e2ce \u00e0 sa dalle IPS (In-Plane Switching) pour une excellente pr\u00e9cision des couleurs et de larges angles de vision. Sa finition mate r\u00e9duit les reflets, ce qui le rend id\u00e9al pour une utilisation en int\u00e9rieur comme en ext\u00e9rieur.<\/p>\n<p>Con\u00e7u pour une installation facile, l&rsquo;\u00e9cran est \u00e9quip\u00e9 de supports sup\u00e9rieur et inf\u00e9rieur pour une fixation s\u00fbre. Cet \u00e9cran non tactile prend en charge une connexion eDP 30 broches et s&rsquo;int\u00e8gre parfaitement au mod\u00e8le Z50-70. Que vous souhaitiez remplacer un \u00e9cran endommag\u00e9 ou am\u00e9liorer la qualit\u00e9 d&rsquo;affichage, cet \u00e9cran durable et fiable offre une exp\u00e9rience visuelle irr\u00e9prochable.<\/p>\n<p>Profitez d&rsquo;un remplacement simple et rapide gr\u00e2ce \u00e0 cet \u00e9cran neuf, test\u00e9 en usine, pr\u00eat \u00e0 restaurer les fonctionnalit\u00e9s de votre ordinateur portable.<\/p>\n<p>&nbsp;<\/p>\n<p>&nbsp;<\/p>\n","protected":false},"excerpt":{"rendered":"<p>Remplacez ou am\u00e9liorez l&rsquo;\u00e9cran de votre Lenovo Z50-70 (Type 80E7) par ce nouvel \u00e9cran LCD mat IPS FHD de 15,6 pouces. Dot\u00e9 du BOE HB156FH1-301, il comprend des supports sup\u00e9rieurs et inf\u00e9rieurs pour une installation facile. Id\u00e9al pour restaurer des images \u00e9clatantes et r\u00e9duire les reflets.<\/p>\n","protected":false},"featured_media":15197,"template":"","meta":[],"product_brand":[],"product_cat":[105,95],"product_tag":[62],"class_list":{"0":"post-16443","1":"product","2":"type-product","3":"status-publish","4":"has-post-thumbnail","6":"product_cat-15-6-new-laptop-screens-lcd-panels","7":"product_cat-new-laptop-screens-lcd-panels","8":"product_tag-lenovo","10":"first","11":"instock","12":"taxable","13":"shipping-taxable","14":"purchasable","15":"product-type-simple"},"_links":{"self":[{"href":"https:\/\/boreait.com\/fr\/wp-json\/wp\/v2\/product\/16443","targetHints":{"allow":["GET"]}}],"collection":[{"href":"https:\/\/boreait.com\/fr\/wp-json\/wp\/v2\/product"}],"about":[{"href":"https:\/\/boreait.com\/fr\/wp-json\/wp\/v2\/types\/product"}],"wp:featuredmedia":[{"embeddable":true,"href":"https:\/\/boreait.com\/fr\/wp-json\/wp\/v2\/media\/15197"}],"wp:attachment":[{"href":"https:\/\/boreait.com\/fr\/wp-json\/wp\/v2\/media?parent=16443"}],"wp:term":[{"taxonomy":"product_brand","embeddable":true,"href":"https:\/\/boreait.com\/fr\/wp-json\/wp\/v2\/product_brand?post=16443"},{"taxonomy":"product_cat","embeddable":true,"href":"https:\/\/boreait.com\/fr\/wp-json\/wp\/v2\/product_cat?post=16443"},{"taxonomy":"product_tag","embeddable":true,"href":"https:\/\/boreait.com\/fr\/wp-json\/wp\/v2\/product_tag?post=16443"}],"curies":[{"name":"wp","href":"https:\/\/api.w.org\/{rel}","templated":true}]}}