{"id":16441,"date":"2025-09-16T16:26:12","date_gmt":"2025-09-16T14:26:12","guid":{"rendered":"https:\/\/boreait.com\/fr\/?post_type=product&#038;p=16441"},"modified":"2025-09-22T09:25:48","modified_gmt":"2025-09-22T07:25:48","slug":"ecran-lcd-mat-hp-m08711-001-14-fhd-ips-30-broches-neuf","status":"publish","type":"product","link":"https:\/\/boreait.com\/fr\/produit\/ecran-lcd-mat-hp-m08711-001-14-fhd-ips-30-broches-neuf\/","title":{"rendered":"\u00c9cran LCD mat HP M08711-001 14&Prime; FHD IPS, 30 broches, neuf"},"content":{"rendered":"<p>Mod\u00e8le d&rsquo;\u00e9cran LCD\u00a0: N140HCG-GE1 \u2013 ENTI\u00c8REMENT COMPATIBLE AVEC L&rsquo;\u00c9CRAN D&rsquo;ORDINATEUR PORTABLE M08711-001<\/p>\n<p>Am\u00e9liorez votre ordinateur portable HP avec ce tout nouvel \u00e9cran LCD IPS mat FHD 14&Prime; (r\u00e9f\u00e9rence\u00a0: HP M08711-001). Dot\u00e9 d&rsquo;un connecteur 30 broches, cet \u00e9cran est id\u00e9al pour r\u00e9parer ou remplacer les \u00e9crans endommag\u00e9s. La premi\u00e8re broche est situ\u00e9e \u00e0 84\u00a0mm du coin droit, ce qui le rend compatible avec certains mod\u00e8les d&rsquo;ordinateurs portables HP. Gr\u00e2ce \u00e0 la r\u00e9solution Full HD et \u00e0 la technologie IPS, profitez de couleurs \u00e9clatantes, de larges angles de vision et d&rsquo;une image nette. La finition mate r\u00e9duit les reflets, garantissant une visibilit\u00e9 optimale m\u00eame dans les environnements tr\u00e8s \u00e9clair\u00e9s. Procurez-vous cet \u00e9cran de remplacement de haute qualit\u00e9 pour restaurer l&rsquo;\u00e9cran de votre ordinateur portable comme neuf.<\/p>\n","protected":false},"excerpt":{"rendered":"<p>Cet \u00e9cran LCD HP M08711-001 flambant neuf est un \u00e9cran IPS mat FHD de 14 pouces avec connecteur 30 broches. Con\u00e7u pour une utilisation avec certains ordinateurs portables HP, il pr\u00e9sente une premi\u00e8re broche unique situ\u00e9e \u00e0 84 mm du coin droit. Id\u00e9al pour remplacer les \u00e9crans endommag\u00e9s ou d\u00e9fectueux.<\/p>\n","protected":false},"featured_media":16442,"template":"","meta":[],"product_brand":[],"product_cat":[98,95],"product_tag":[],"class_list":{"0":"post-16441","1":"product","2":"type-product","3":"status-publish","4":"has-post-thumbnail","6":"product_cat-14-new-laptop-screens-lcd-panels","7":"product_cat-new-laptop-screens-lcd-panels","9":"first","10":"instock","11":"taxable","12":"shipping-taxable","13":"purchasable","14":"product-type-simple"},"_links":{"self":[{"href":"https:\/\/boreait.com\/fr\/wp-json\/wp\/v2\/product\/16441","targetHints":{"allow":["GET"]}}],"collection":[{"href":"https:\/\/boreait.com\/fr\/wp-json\/wp\/v2\/product"}],"about":[{"href":"https:\/\/boreait.com\/fr\/wp-json\/wp\/v2\/types\/product"}],"wp:featuredmedia":[{"embeddable":true,"href":"https:\/\/boreait.com\/fr\/wp-json\/wp\/v2\/media\/16442"}],"wp:attachment":[{"href":"https:\/\/boreait.com\/fr\/wp-json\/wp\/v2\/media?parent=16441"}],"wp:term":[{"taxonomy":"product_brand","embeddable":true,"href":"https:\/\/boreait.com\/fr\/wp-json\/wp\/v2\/product_brand?post=16441"},{"taxonomy":"product_cat","embeddable":true,"href":"https:\/\/boreait.com\/fr\/wp-json\/wp\/v2\/product_cat?post=16441"},{"taxonomy":"product_tag","embeddable":true,"href":"https:\/\/boreait.com\/fr\/wp-json\/wp\/v2\/product_tag?post=16441"}],"curies":[{"name":"wp","href":"https:\/\/api.w.org\/{rel}","templated":true}]}}