{"id":16434,"date":"2025-09-16T16:26:11","date_gmt":"2025-09-16T14:26:11","guid":{"rendered":"https:\/\/boreait.com\/fr\/?post_type=product&#038;p=16434"},"modified":"2025-09-16T16:26:21","modified_gmt":"2025-09-16T14:26:21","slug":"ecran-lcd-hp-victus-16-e1-161-pouces-fhd-mat-ips-30-broches-neuf","status":"publish","type":"product","link":"https:\/\/boreait.com\/fr\/produit\/ecran-lcd-hp-victus-16-e1-161-pouces-fhd-mat-ips-30-broches-neuf\/","title":{"rendered":"\u00c9cran LCD HP Victus 16-E1 16,1 pouces, FHD, mat, IPS, 30 broches, neuf"},"content":{"rendered":"<p>Mod\u00e8le d&rsquo;\u00e9cran LCD\u00a0: N161hma-gak REV. C3 ou n161hca-ga1 REV. C.1 \u2013 ENTI\u00c8REMENT COMPATIBLE AVEC LES \u00c9CRANS D&rsquo;ORDINATEUR PORTABLE HP Victus 16-E1 \/ E10000 \/ E1xxxx<\/p>\n<p><\/strong><\/p>\n<p>Am\u00e9liorez votre ordinateur portable HP Victus 16-E1 avec cet \u00e9cran LCD de remplacement de haute qualit\u00e9. Con\u00e7u pour la pr\u00e9cision et la fiabilit\u00e9, cet \u00e9cran Full HD mat de 16,1 pouces offre des couleurs \u00e9clatantes et des images nettes gr\u00e2ce \u00e0 ses technologies IPS et TFT. Gr\u00e2ce \u00e0 sa connectivit\u00e9 eDP 30 broches, il assure une int\u00e9gration et une compatibilit\u00e9 parfaites avec une large gamme de mod\u00e8les de la s\u00e9rie 16-E1xxxx.<\/p>\n<p>Cet \u00e9cran est neuf et livr\u00e9 sans supports sup\u00e9rieur et inf\u00e9rieur, ce qui le rend l\u00e9ger et facile \u00e0 installer. Le ruban adh\u00e9sif double face inclus simplifie le remplacement et garantit une fixation s\u00fbre. Que vous remplaciez un \u00e9cran endommag\u00e9 ou que vous souhaitiez effectuer une mise \u00e0 niveau pour am\u00e9liorer les performances d&rsquo;affichage, c&rsquo;est le choix parfait pour votre ordinateur portable. <\/p>\n<p><strong>Caract\u00e9ristiques principales\u00a0:<\/strong><\/p>\n<ul>\n<li><strong>Compatibilit\u00e9\u00a0:<\/strong> HP Victus s\u00e9rie 16-E1xxxx (non tactile)<\/li>\n<li><strong>Taille\u00a0:<\/strong> 16,1 pouces<\/li>\n<li><strong>R\u00e9solution\u00a0:<\/strong> Full HD (1920 x 1080)<\/li>\n<li><strong>Finition\u00a0:<\/strong> Mate (antireflet)<\/li>\n<li><strong>Technologies\u00a0:<\/strong> IPS et TFT pour des images \u00e9clatantes et nettes<\/li>\n<li><strong>Connecteur\u00a0:<\/strong> eDP 30 broches<\/li>\n<li><strong>\u00c9tat\u00a0:<\/strong> Neuf<\/li>\n<li><strong>Suppl\u00e9ments\u00a0:<\/strong> Ruban adh\u00e9sif double face inclus<\/li>\n<\/ul>\n<p><strong>Mod\u00e8les compatibles\u00a0:<\/strong><\/p>\n<p>16-E1000AX, 16-E1000NE, 16-E1001AX, 16-E1002NM, 16-E1003NX, 16-E1004NL et bien d&rsquo;autres.<\/p>\n<p>Profitez d&rsquo;images nettes et de performances fluides avec cet \u00e9cran de remplacement haut de gamme, con\u00e7u pour r\u00e9pondre aux normes de qualit\u00e9 et de fiabilit\u00e9 les plus strictes. <\/p>\n<p><strong>Liste de quelques ordinateurs portables compatibles\u00a0:\u00a0\u00a0<\/strong><\/p>\n<p>16-E1000AX, 16-E1000NB, 16-E1000NE, 16-E1000NH, 16-E1000NI, 16-E1000NIA, 16-E1000NK, 16-E1000NM, 16-E1000NQ, 16-E1000NS, 16-E1000NT, 16-E1000NX, 16-E1000NY, 16-E1000UA, 16-E1000UR, 16-E1001AX, 16-E1001CI, 16-E1001NB, 16-E1001NH, 16-E1001NI, 16-E1001NK, 16-E1001NM, 16-E1001NQ, 16-E1001NS, 16-E1001NT, 16-E1001NX, 16-E1001NY, 16-E1001UA, 16-E1001UR, 16-E1002AX, 16-E1002NE, 16-E1002NI, 16-E1002NIA, 16-E1002NM, 16-E1002NP, 16-E1002NQ, 16-E1002NS, 16-E1002NT, 16-E1002NX, 16-E1002NY, 16-E1002UA, 16-E1003AX, 16-E1003CI, 16-E1003NB, 16-E1003NE, 16-E1003NF, 16-E1003NI, 16-E1003NL, 16-E1003NM, 16-E1003NQ, 16-E1003NS, 16-E1003NT, 16-E1003NX, 16-E1003NY, 16-E1003UA, 16-E1004AX, 16-E1004NB, 16-E1004NE, 16-E1004NIA, 16-E1004NK, 16-E1004NL, 16-E1004NP, 16-E1004NQ, 16-E1004NS, 16-E1004NT, \u200b\u200b16-E1004NX, 16-E1004NY, 16-E1004UA, 16-E1005AX, 16-E1005CI, 16-E1005NB, 16-E1005NE, 16-E1005NIA, 16-E1005NK, 16-E1005NL, 16-E1005NM, 16-E1005NQ, 16-E1005NS, 16-E1005NT, 16-E1005NX, 16-E1005NY, 16-E1005UA, 16-E1006AX, 16-E1006NE, 16-E1006NIA, 16-E1006NK, 16-E1006NL, 16-E1006NM, 16-E1006NO, 16-E1006NQ, 16-E1006NS, 16-E1006NT, 16-E1006NX, 16-E1006NY, 16-E1006UA, 16-E1007AX, 16-E1007CI, 16-E1007NB, 16-E1007NE, 16-E1112AX, 16-E1044AX, 16-E1060AX, 16-E1163NR<\/p>\n","protected":false},"excerpt":{"rendered":"<p>\u00c9cran LCD mat Full HD 16,1 pouces pour ordinateurs portables HP Victus s\u00e9rie 16-E1 (non tactile). Technologies IPS et TFT avec connecteur eDP 30 broches. Design l\u00e9ger sans supports\u00a0; ruban adh\u00e9sif inclus pour une installation facile. Neuf.<\/p>\n","protected":false},"featured_media":15688,"template":"","meta":[],"product_brand":[],"product_cat":[107,95],"product_tag":[61],"class_list":{"0":"post-16434","1":"product","2":"type-product","3":"status-publish","4":"has-post-thumbnail","6":"product_cat-16-1","7":"product_cat-new-laptop-screens-lcd-panels","8":"product_tag-hp","10":"first","11":"instock","12":"taxable","13":"shipping-taxable","14":"purchasable","15":"product-type-simple"},"_links":{"self":[{"href":"https:\/\/boreait.com\/fr\/wp-json\/wp\/v2\/product\/16434","targetHints":{"allow":["GET"]}}],"collection":[{"href":"https:\/\/boreait.com\/fr\/wp-json\/wp\/v2\/product"}],"about":[{"href":"https:\/\/boreait.com\/fr\/wp-json\/wp\/v2\/types\/product"}],"wp:featuredmedia":[{"embeddable":true,"href":"https:\/\/boreait.com\/fr\/wp-json\/wp\/v2\/media\/15688"}],"wp:attachment":[{"href":"https:\/\/boreait.com\/fr\/wp-json\/wp\/v2\/media?parent=16434"}],"wp:term":[{"taxonomy":"product_brand","embeddable":true,"href":"https:\/\/boreait.com\/fr\/wp-json\/wp\/v2\/product_brand?post=16434"},{"taxonomy":"product_cat","embeddable":true,"href":"https:\/\/boreait.com\/fr\/wp-json\/wp\/v2\/product_cat?post=16434"},{"taxonomy":"product_tag","embeddable":true,"href":"https:\/\/boreait.com\/fr\/wp-json\/wp\/v2\/product_tag?post=16434"}],"curies":[{"name":"wp","href":"https:\/\/api.w.org\/{rel}","templated":true}]}}