{"id":16432,"date":"2025-09-16T16:26:10","date_gmt":"2025-09-16T14:26:10","guid":{"rendered":"https:\/\/boreait.com\/fr\/?post_type=product&#038;p=16432"},"modified":"2025-09-16T16:26:21","modified_gmt":"2025-09-16T14:26:21","slug":"ecran-lcd-hp-victus-16-e0-161-fhd-mat-30-broches-ips-tft-neuf-sans-supports","status":"publish","type":"product","link":"https:\/\/boreait.com\/fr\/produit\/ecran-lcd-hp-victus-16-e0-161-fhd-mat-30-broches-ips-tft-neuf-sans-supports\/","title":{"rendered":"\u00c9cran LCD HP Victus 16-E0 16,1&Prime; FHD mat 30 broches IPS TFT &#8211; Neuf, sans supports"},"content":{"rendered":"<p>Mod\u00e8le d&rsquo;\u00e9cran LCD\u00a0: N161hma-gak REV. C3 ou n161hca-ga1 REV. C.1 \u2013 ENTI\u00c8REMENT COMPATIBLE AVEC LES \u00c9CRANS D&rsquo;ORDINATEUR PORTABLE HP OMEN 16 B1 \/ 16-B1000 \/ 16-B1xxxxx \/ S\u00c9RIES<\/p>\n<p><\/strong><\/p>\n<p>Restaurez les performances et la clart\u00e9 visuelle de votre ordinateur portable gr\u00e2ce \u00e0 cet \u00e9cran LCD de haute qualit\u00e9 con\u00e7u pour les ordinateurs portables HP Victus s\u00e9rie 16-E0. Cet \u00e9cran Full HD de 16,1 pouces offre des couleurs \u00e9clatantes et des d\u00e9tails nets gr\u00e2ce \u00e0 la technologie IPS et \u00e0 une finition mate qui minimise les reflets, ce qui le rend id\u00e9al pour le travail, les loisirs et les jeux.<\/p>\n<p>Cet \u00e9cran non tactile est flambant neuf et sp\u00e9cialement con\u00e7u pour s&rsquo;int\u00e9grer parfaitement \u00e0 votre ordinateur portable HP Victus sans n\u00e9cessiter de supports sup\u00e9rieurs et inf\u00e9rieurs. L&#8217;emballage comprend un ruban adh\u00e9sif double-face pour une installation facile.<\/p>\n<h4>Principales caract\u00e9ristiques\u00a0:<\/h4>\n<ul>\n<li><strong>Taille de l&rsquo;\u00e9cran<\/strong>\u00a0: 16,1 pouces<\/li>\n<li><strong>R\u00e9solution<\/strong>\u00a0: Full HD (1920 x 1080)<\/li>\n<li><strong>Technologie<\/strong>\u00a0: IPS, TFT<\/li>\n<li><strong>Surface<\/strong>\u00a0: Mat (antireflet)<\/li>\n<li><strong>Connecteur<\/strong>\u00a0: eDP 30 broches<\/li>\n<li><strong>\u00c9tat<\/strong>\u00a0: Neuf<\/li>\n<li><strong>Compatibilit\u00e9<\/strong>\u00a0: Compatible avec les ordinateurs portables HP Victus s\u00e9rie 16-E0xxxx, y compris les mod\u00e8les 16-E0000AX, 16-E0000NB et bien d&rsquo;autres.<\/li>\n<\/ul>\n<p>Cet \u00e9cran est id\u00e9al pour remplacer les \u00e9crans endommag\u00e9s et est compatible avec une large gamme de mod\u00e8les HP Victus s\u00e9rie 16-E0. Profitez d&rsquo;une livraison rapide et d&rsquo;une installation facile pour retrouver rapidement des performances optimales sur votre ordinateur portable\u00a0!<\/p>\n<p><strong>Liste des ordinateurs portables compatibles\u00a0:\u00a0\u00a0<\/strong><\/p>\n<p>16-E0000AX, 16-E0000NB, 16-E0000NC, 16-E0000NE, 16-E0000NH, 16-E0000NIA, 16-E0000NJ, 16-E0000NK, 16-E0000NL, 16-E0000NO, 16-E0000NP, 16-E0000NQ, 16-E0000NS, 16-E0000NT, 16-E0000NU, 16-E0000NV, 16-E0000NX, 16-E0000NY, 16-E0000UA, 16-E0000UR, 16-E0001AX, 16-E0001NC, 16-E0001NE, 16-E0001NF, 16-E0001NH, 16-E0001NI, 16-E0001NIA, 16-E0001NJ, 16-E0001NK, 16-E0001NP, 16-E0001NQ, 16-E0001NS, 16-E0001NT, 16-E0001NU, 16-E0001NV, 16-E0001NX, 16-E0001NY, 16-E0001NZ, 16-E0001SL, 16-E0001UA, 16-E0002AX, 16-E0002NC, 16-E0002NE, 16-E0002NH, 16-E0002NIA, 16-E0002NJ, 16-E0002NK, 16-E0002NM, 16-E0002NP, 16-E0002NQ, 16-E0002NS, 16-E0002NT, 16-E0002NV, 16-E0002NX, 16-E0002NY, 16-E0002NZ, 16-E0002SL, 16-E0002UA, 16-E0002UR, 16-E0003AX, 16-E0003NC, 16-E0003NE, 16-E0003NH, 16-E0003NIA, 16-E0003NJ, 16-E0003NK, 16-E0003NP, 16-E0003NQ, 16-E0003NS, 16-E0003NT, 16-E0003NU, 16-E0003NV, 16-E0003NX, 16-E0003NY, 16-E0003SL, 16-E0003UA, 16-E0003UR, 16-E0004AX, 16-E0004NC, 16-E0004NE, 16-E0004NF, 16-E0004NH, 16-E0004NI, 16-E0004NJ, 16-E0004NK, 16-E0004NM, 16-E0004NP, 16-E0004NQ, 16-E0004NS, 16-E0004NT, \u200b\u200b16-E0004NU, 16-E0004NV, 16-E0004NX, 16-E0004SL, 16-E0004UA, 16-E0004UR, 16-E0005AX, 16-E0005NB, 16-E0005NE<\/p>\n","protected":false},"excerpt":{"rendered":"<p>Am\u00e9liorez votre ordinateur portable HP Victus 16-E0 avec ce tout nouvel \u00e9cran LCD 16,1&Prime;. Dot\u00e9 d&rsquo;une r\u00e9solution Full HD, de la technologie IPS et d&rsquo;une finition mate, il offre des images \u00e9poustouflantes et r\u00e9duit les reflets. Compatible avec de nombreux mod\u00e8les, il est fourni avec un ruban adh\u00e9sif double face pour une installation facile. Id\u00e9al pour remplacer un \u00e9cran endommag\u00e9, cet \u00e9cran est pr\u00eat \u00e0 restaurer les performances de votre ordinateur portable.<\/p>\n","protected":false},"featured_media":15688,"template":"","meta":[],"product_brand":[],"product_cat":[107,95],"product_tag":[61],"class_list":{"0":"post-16432","1":"product","2":"type-product","3":"status-publish","4":"has-post-thumbnail","6":"product_cat-16-1","7":"product_cat-new-laptop-screens-lcd-panels","8":"product_tag-hp","10":"first","11":"instock","12":"taxable","13":"shipping-taxable","14":"purchasable","15":"product-type-simple"},"_links":{"self":[{"href":"https:\/\/boreait.com\/fr\/wp-json\/wp\/v2\/product\/16432","targetHints":{"allow":["GET"]}}],"collection":[{"href":"https:\/\/boreait.com\/fr\/wp-json\/wp\/v2\/product"}],"about":[{"href":"https:\/\/boreait.com\/fr\/wp-json\/wp\/v2\/types\/product"}],"wp:featuredmedia":[{"embeddable":true,"href":"https:\/\/boreait.com\/fr\/wp-json\/wp\/v2\/media\/15688"}],"wp:attachment":[{"href":"https:\/\/boreait.com\/fr\/wp-json\/wp\/v2\/media?parent=16432"}],"wp:term":[{"taxonomy":"product_brand","embeddable":true,"href":"https:\/\/boreait.com\/fr\/wp-json\/wp\/v2\/product_brand?post=16432"},{"taxonomy":"product_cat","embeddable":true,"href":"https:\/\/boreait.com\/fr\/wp-json\/wp\/v2\/product_cat?post=16432"},{"taxonomy":"product_tag","embeddable":true,"href":"https:\/\/boreait.com\/fr\/wp-json\/wp\/v2\/product_tag?post=16432"}],"curies":[{"name":"wp","href":"https:\/\/api.w.org\/{rel}","templated":true}]}}