{"id":16430,"date":"2025-09-16T16:26:10","date_gmt":"2025-09-16T14:26:10","guid":{"rendered":"https:\/\/boreait.com\/fr\/?post_type=product&#038;p=16430"},"modified":"2025-09-16T16:26:20","modified_gmt":"2025-09-16T14:26:20","slug":"ecran-lcd-hp-omen-16-c0-161-pouces-fhd-144-hz-mat-neuf-40-broches-250-nits","status":"publish","type":"product","link":"https:\/\/boreait.com\/fr\/produit\/ecran-lcd-hp-omen-16-c0-161-pouces-fhd-144-hz-mat-neuf-40-broches-250-nits\/","title":{"rendered":"\u00c9cran LCD HP OMEN 16-C0, 16,1 pouces, FHD 144 Hz, mat, neuf, 40 broches, 250 nits"},"content":{"rendered":"<p><strong>Mod\u00e8le d&rsquo;\u00e9cran LCD actuel\u00a0: N161hma-gak REV. C3 ou n161hca-ga1 REV C.1 \u2013 ENTI\u00c8REMENT COMPATIBLE AVEC L&rsquo;\u00c9CRAN D&rsquo;ORDINATEUR PORTABLE HP OMEN 16-C0 \/ C000000 \/ C0xxxx<\/p>\n<p><\/strong><\/p>\n<p>Am\u00e9liorez votre ordinateur portable HP OMEN 16-C0 avec cet \u00e9cran LCD 16,1&Prime; haut de gamme, con\u00e7u pour offrir des performances et des graphismes exceptionnels. Cet \u00e9cran mat non tactile offre une r\u00e9solution Full HD (1920 x 1080) avec un taux de rafra\u00eechissement de 144 Hz, garantissant une exp\u00e9rience de jeu fluide et des images \u00e9clatantes. Sa luminosit\u00e9 de 250 nits offre une excellente visibilit\u00e9, m\u00eame dans des environnements lumineux.<\/p>\n<p>Cet \u00e9cran de remplacement est compatible avec une large gamme de mod\u00e8les HP OMEN 16-C0, notamment les mod\u00e8les 16-C0000NB, 16-C0001DX, 16-C0002CA et bien d&rsquo;autres. L&#8217;emballage comprend du ruban adh\u00e9sif double face pour une installation rapide et facile. Veuillez noter que cet \u00e9cran est livr\u00e9 sans supports sup\u00e9rieur et inf\u00e9rieur, garantissant un ajustement parfait.<\/p>\n<p>Principales caract\u00e9ristiques\u00a0:<\/p>\n<ul>\n<li><strong>Taille de l&rsquo;\u00e9cran\u00a0:<\/strong> 16,1 pouces<\/li>\n<li><strong>R\u00e9solution\u00a0:<\/strong> Full HD 1920 x 1080<\/li>\n<li><strong>Fr\u00e9quence de rafra\u00eechissement\u00a0:<\/strong> 144\u00a0Hz<\/li>\n<li><strong>Luminosit\u00e9\u00a0:<\/strong> 250\u00a0nits<\/li>\n<li><strong>Surface\u00a0:<\/strong> Mate, non r\u00e9fl\u00e9chissante<\/li>\n<li><strong>Type de connexion\u00a0:<\/strong> 40\u00a0broches<\/li>\n<li><strong>\u00c9tat\u00a0:<\/strong> Neuf<\/li>\n<li><strong>Suppl\u00e9ments\u00a0:<\/strong> Ruban adh\u00e9sif double-face inclus<\/li>\n<\/ul>\n<p>Compatible avec divers mod\u00e8les HP OMEN Mod\u00e8les de la s\u00e9rie 16-C0, tels que\u00a0: 16-C0000NB, 16-C0000NC, 16-C0001DX, 16-C0002CA, et bien d\u2019autres. Pour plus d\u2019informations sur la compatibilit\u00e9, consultez les sp\u00e9cifications du produit ou contactez-nous pour obtenir de l\u2019aide.<\/p>\n<p><strong>Liste de quelques ordinateurs portables compatibles\u00a0:\u00a0\u00a0<\/strong><\/p>\n<p>16-S1000CI, 16-S1000NA, 16-S1000NT, 16-S1000NX, 16-S1000NY, 16-S1000SL, 16-S1001CI, 16-S1001NA, 16-S1001NC, 16-S1001NO, 16-S1001NS, 16-S1001NT, 16-S1001NX, 16-S1002NA, 16-S1002NC, 16-S1002NL, 16-S1002NS, 16-S1002NT, 16-S1002NX, 16-S1002NY, 16-S1003NL, 16-S1003NM, 16-S1003NO, 16-S1003NT, 16-S1003NV, 16-S1003NY, 16-S1004NL, 16-S1004NO, 16-S1004NT, \u200b\u200b16-S1004NY, 16-S1005CI, 16-S1005NL, 16-S1005NM, 16-S1005NT, 16-S1006NL, 16-S1006NP, 16-S1007CI, 16-S1007NT, 16-S1007UA, 16-S1009NM, 16-S1009NT, 16-S1010NT, 16-S1011NM, 16-S1011NO, 16-S1011NT, 16-S1012CI, 16-S1012NM, 16-S1012NP, 16-S1013NM, 16-S1013NO, 16-S1013NT, 16-S1014NB, 16-S1014NM, 16-S1014NO, 16-S1014NT, 16-S1015NB, 16-S1015NO, 16-S1015NT, 16-S1016NM, 16-S1016NT, 16-S1017NB, 16-S1017NT, 16-S1018NB, 16-S1018NT, 16-S1019NB, 16-S1019NM, 16-S1019NT, 16-S1020NB, 16-S1021NB, 16-S1021NT, 16-S1022NB, 16-S1022NM, 16-S1022NT, 16-S1023CI, 16-S1023DX, 16-S1023NB, 16-S1023NT, 16-S1024CI, 16-S1024NB, 16-S1024NT, 16-S1025NB, 16-S1025NM, 16-S1025NT, 16-S1026NB, 16-S1026NT, 16-S1027NB, 16-S1027NT, 16-S1028NB, 16-S1028NT, 16-S1029NB, 16-S1029NT, 16-S1030NB, 16-S1030NT, 16-S1031NB, 16-S1031NT, 16-S1032NB, 16-S1033NB, 16-S1033NT, 16-S1034NF, 16-S1777NG, 16-S1778NG, 16-S1084AX, 16-S1118AX, 16-S1085AX, 16-S1035AX, 16-S1557AX, 16-S1034AX,<\/p>\n","protected":false},"excerpt":{"rendered":"<p>Sublimez votre ordinateur portable HP OMEN 16-C0 avec cet \u00e9cran LCD mat FHD 144 Hz de 16,1 pouces. Offrant des images \u00e9clatantes, des performances fluides et une compatibilit\u00e9 avec de nombreux mod\u00e8les, il est le remplacement id\u00e9al pour votre appareil. Ruban adh\u00e9sif double face inclus pour une installation facile.<\/p>\n","protected":false},"featured_media":15628,"template":"","meta":[],"product_brand":[],"product_cat":[107,95],"product_tag":[61],"class_list":{"0":"post-16430","1":"product","2":"type-product","3":"status-publish","4":"has-post-thumbnail","6":"product_cat-16-1","7":"product_cat-new-laptop-screens-lcd-panels","8":"product_tag-hp","10":"first","11":"instock","12":"taxable","13":"shipping-taxable","14":"purchasable","15":"product-type-simple"},"_links":{"self":[{"href":"https:\/\/boreait.com\/fr\/wp-json\/wp\/v2\/product\/16430","targetHints":{"allow":["GET"]}}],"collection":[{"href":"https:\/\/boreait.com\/fr\/wp-json\/wp\/v2\/product"}],"about":[{"href":"https:\/\/boreait.com\/fr\/wp-json\/wp\/v2\/types\/product"}],"wp:featuredmedia":[{"embeddable":true,"href":"https:\/\/boreait.com\/fr\/wp-json\/wp\/v2\/media\/15628"}],"wp:attachment":[{"href":"https:\/\/boreait.com\/fr\/wp-json\/wp\/v2\/media?parent=16430"}],"wp:term":[{"taxonomy":"product_brand","embeddable":true,"href":"https:\/\/boreait.com\/fr\/wp-json\/wp\/v2\/product_brand?post=16430"},{"taxonomy":"product_cat","embeddable":true,"href":"https:\/\/boreait.com\/fr\/wp-json\/wp\/v2\/product_cat?post=16430"},{"taxonomy":"product_tag","embeddable":true,"href":"https:\/\/boreait.com\/fr\/wp-json\/wp\/v2\/product_tag?post=16430"}],"curies":[{"name":"wp","href":"https:\/\/api.w.org\/{rel}","templated":true}]}}