{"id":16429,"date":"2025-09-16T16:26:09","date_gmt":"2025-09-16T14:26:09","guid":{"rendered":"https:\/\/boreait.com\/fr\/?post_type=product&#038;p=16429"},"modified":"2025-09-16T16:26:19","modified_gmt":"2025-09-16T14:26:19","slug":"ecran-lcd-pour-hp-omen-serie-16-b1-161-pouces-fhd-mat-ips-30-broches-neuf","status":"publish","type":"product","link":"https:\/\/boreait.com\/fr\/produit\/ecran-lcd-pour-hp-omen-serie-16-b1-161-pouces-fhd-mat-ips-30-broches-neuf\/","title":{"rendered":"\u00c9cran LCD pour HP OMEN s\u00e9rie 16-B1 (16,1\u00a0pouces, FHD, mat, IPS, 30\u00a0broches, neuf)"},"content":{"rendered":"<p><strong>Mod\u00e8le d&rsquo;\u00e9cran LCD actuel\u00a0: N161hma-gak REV. C3 ou n161hca-ga1 REV C.1 \u2013 ENTI\u00c8REMENT COMPATIBLE AVEC L&rsquo;\u00c9CRAN D&rsquo;ORDINATEUR PORTABLE HP OMEN 16 B1 \/ 16-B1000 \/ 16-B1xxxxx \/ S\u00c9RIES<\/p>\n<p><\/strong><\/p>\n<p>Am\u00e9liorez votre ordinateur portable HP OMEN s\u00e9rie 16-B1 avec cet \u00e9cran LCD 16,1&Prime; haut de gamme. Con\u00e7u pour les mod\u00e8les 16-B1000TX, 16-B1350TX et toute la s\u00e9rie 16-B1xxx, cet \u00e9cran garantit une clart\u00e9 et une durabilit\u00e9 exceptionnelles. Avec sa r\u00e9solution Full HD, sa finition mate et sa technologie IPS\/TFT, il offre des couleurs \u00e9clatantes, des d\u00e9tails nets et une r\u00e9duction des reflets pour une visualisation optimale.<\/p>\n<p>Cet \u00e9cran est non tactile, compatible eDP et dispose d&rsquo;un connecteur 30 broches pour une int\u00e9gration parfaite. Un ruban adh\u00e9sif double face est inclus pour une installation facile. Que vous souhaitiez remplacer un \u00e9cran endommag\u00e9 ou moderniser votre ordinateur portable, cet \u00e9cran est id\u00e9al. \u00c9cran flambant neuf offrant des performances et une qualit\u00e9 fiables.<\/p>\n<p><strong>Caract\u00e9ristiques\u00a0:<\/strong><\/p>\n<ul>\n<li><strong>Taille\u00a0:<\/strong> 16,1 pouces<\/li>\n<li><strong>R\u00e9solution\u00a0:<\/strong> Full HD (1920 x 1080)<\/li>\n<li><strong>Finition\u00a0:<\/strong> Mate<\/li>\n<li><strong>Technologie\u00a0:<\/strong> IPS\/TFT<\/li>\n<li><strong>Connecteur\u00a0:<\/strong> eDP 30 broches<\/li>\n<li><strong>\u00c9tat\u00a0:<\/strong> Neuf<\/li>\n<li><strong>Compatibilit\u00e9\u00a0:<\/strong> HP OMEN s\u00e9rie 16-B1 (par exemple, 16-B1000TX, 16-B1350TX et autres)<\/li>\n<li><strong>Installation\u00a0:<\/strong> Inclus Ruban adh\u00e9sif double face pour une installation facile.\n<\/ul>\n<p>Restaurez les performances d&rsquo;affichage de votre ordinateur portable gr\u00e2ce \u00e0 cet \u00e9cran de remplacement fiable et durable. Id\u00e9al pour les jeux, le travail ou une utilisation quotidienne.<\/p>\n<p>&nbsp;<\/p>\n<p>&nbsp;<\/p>\n<p><strong>Liste de quelques ordinateurs portables compatibles\u00a0:\u00a0\u00a0<\/strong><\/p>\n<p>16-B1000TX, 16-B1001NA, 16-B1001TX, 16-B1002TX, 16-B1003TX, 16-B1004TX, 16-B1005TX, 16-B1006TX, 16-B1007TX, 16-B1008TX, 16-B1009TX, 16-B1010TX, 16-B1011TX, 16-B1012TX, 16-B1013TX, 16-B1014TX, 16-B1015TX, 16-B1016TX, 16-B1017TX, 16-B1018TX, 16-B1019TX, 16-B1020TX, 16-B1021TX, 16-B1022TX, 16-B1023TX, 16-B1024TX, 16-B1025TX, 16-B1026TX, 16-B1030TX, 16-B1031TX, 16-B1032TX, 16-B1033TX, 16-B1075NG, 16-B1077NG, 16-B1090NG, 16-B1350TX, 16-B1351TX, 16-B1360TX, 16-B1361TX, 16-B1370TX, 16-B1371TX, 16-B1778NG, 16-B1XXX<\/p>\n","protected":false},"excerpt":{"rendered":"<p>Remplacez l&rsquo;\u00e9cran de votre ordinateur portable HP OMEN s\u00e9rie 16-B1 par cet \u00e9cran mat Full HD 16,1&Prime; de haute qualit\u00e9. Dot\u00e9 des technologies IPS et TFT pour des images \u00e9clatantes, il est compatible avec l&rsquo;eDP 30 broches et s&rsquo;installe facilement gr\u00e2ce au ruban adh\u00e9sif double face inclus. Id\u00e9al pour les mod\u00e8les 16-B1000TX et 16-B1350TX. Neuf et r\u00e9sistant.<\/p>\n","protected":false},"featured_media":15688,"template":"","meta":[],"product_brand":[],"product_cat":[107,95],"product_tag":[61],"class_list":{"0":"post-16429","1":"product","2":"type-product","3":"status-publish","4":"has-post-thumbnail","6":"product_cat-16-1","7":"product_cat-new-laptop-screens-lcd-panels","8":"product_tag-hp","10":"first","11":"instock","12":"taxable","13":"shipping-taxable","14":"purchasable","15":"product-type-simple"},"_links":{"self":[{"href":"https:\/\/boreait.com\/fr\/wp-json\/wp\/v2\/product\/16429","targetHints":{"allow":["GET"]}}],"collection":[{"href":"https:\/\/boreait.com\/fr\/wp-json\/wp\/v2\/product"}],"about":[{"href":"https:\/\/boreait.com\/fr\/wp-json\/wp\/v2\/types\/product"}],"wp:featuredmedia":[{"embeddable":true,"href":"https:\/\/boreait.com\/fr\/wp-json\/wp\/v2\/media\/15688"}],"wp:attachment":[{"href":"https:\/\/boreait.com\/fr\/wp-json\/wp\/v2\/media?parent=16429"}],"wp:term":[{"taxonomy":"product_brand","embeddable":true,"href":"https:\/\/boreait.com\/fr\/wp-json\/wp\/v2\/product_brand?post=16429"},{"taxonomy":"product_cat","embeddable":true,"href":"https:\/\/boreait.com\/fr\/wp-json\/wp\/v2\/product_cat?post=16429"},{"taxonomy":"product_tag","embeddable":true,"href":"https:\/\/boreait.com\/fr\/wp-json\/wp\/v2\/product_tag?post=16429"}],"curies":[{"name":"wp","href":"https:\/\/api.w.org\/{rel}","templated":true}]}}