{"id":16425,"date":"2025-09-16T16:26:09","date_gmt":"2025-09-16T14:26:09","guid":{"rendered":"https:\/\/boreait.com\/fr\/?post_type=product&#038;p=16425"},"modified":"2025-10-15T14:12:32","modified_gmt":"2025-10-15T12:12:32","slug":"ecran-lcd-156-fhd-mat-ips-pour-lenovo-thinkpad-p15s-p15v-t15p-gen-1-neuf","status":"publish","type":"product","link":"https:\/\/boreait.com\/fr\/produit\/ecran-lcd-156-fhd-mat-ips-pour-lenovo-thinkpad-p15s-p15v-t15p-gen-1-neuf\/","title":{"rendered":"\u00c9cran LCD 15,6&Prime; FHD mat IPS pour Lenovo ThinkPad P15s, P15v, T15p Gen 1, neuf"},"content":{"rendered":"<p>Mod\u00e8le d&rsquo;\u00e9cran LCD\u00a0: B156ZAN03.6 ou N156HCA-EAB Rev C.4 &#8211; enti\u00e8rement compatible avec l&rsquo;ordinateur portable Lenovo ThinkBook 15-IIL<\/p>\n<p><\/strong><\/p>\n<p>Mettez \u00e0 niveau ou remplacez l&rsquo;\u00e9cran de votre ordinateur portable Lenovo ThinkPad P15s, P15v ou T15p Gen 1 (non tactile) par cet \u00e9cran LCD mat de 15,6 pouces de haute qualit\u00e9. Con\u00e7u pour des performances et une compatibilit\u00e9 sup\u00e9rieures, cet \u00e9cran est dot\u00e9 d&rsquo;une r\u00e9solution Full HD (1920 x 1080) et de la technologie IPS pour des couleurs \u00e9clatantes et des angles de vision larges. Il est \u00e9galement \u00e9quip\u00e9 d&rsquo;un connecteur eDP 30 broches pour une int\u00e9gration optimale.<\/p>\n<p>Id\u00e9al pour les professionnels et les \u00e9tudiants, cet \u00e9cran offre une finition mate antireflet, r\u00e9duisant les reflets et am\u00e9liorant la visibilit\u00e9 dans les environnements lumineux. Veuillez noter que ce produit est livr\u00e9 sans supports sup\u00e9rieur et inf\u00e9rieur, ce qui permet une installation adh\u00e9sive. <strong>Des bandes adh\u00e9sives double face sont incluses<\/strong> pour une installation facile.<\/p>\n<p>Cet \u00e9cran de remplacement est neuf et garantit une qualit\u00e9 d&rsquo;affichage et une durabilit\u00e9 optimales. Retrouvez la clart\u00e9 visuelle de votre ordinateur portable et profitez de graphismes \u00e9poustouflants gr\u00e2ce \u00e0 cet \u00e9cran de remplacement fiable.<\/p>\n<p>&nbsp;<\/p>\n","protected":false},"excerpt":{"rendered":"<p>Remplacez l&rsquo;\u00e9cran de votre ordinateur portable Lenovo ThinkPad P15s, P15v ou T15p Gen 1 (non tactile) par ce tout nouvel \u00e9cran LCD mat de 15,6 pouces dot\u00e9 d&rsquo;une r\u00e9solution Full HD, de la technologie IPS et d&rsquo;un connecteur eDP 30 broches. Des bandes adh\u00e9sives sont incluses pour une installation facile.<\/p>\n","protected":false},"featured_media":15205,"template":"","meta":[],"product_brand":[],"product_cat":[105,95],"product_tag":[62],"class_list":{"0":"post-16425","1":"product","2":"type-product","3":"status-publish","4":"has-post-thumbnail","6":"product_cat-15-6-new-laptop-screens-lcd-panels","7":"product_cat-new-laptop-screens-lcd-panels","8":"product_tag-lenovo","10":"first","11":"instock","12":"taxable","13":"shipping-taxable","14":"purchasable","15":"product-type-simple"},"_links":{"self":[{"href":"https:\/\/boreait.com\/fr\/wp-json\/wp\/v2\/product\/16425","targetHints":{"allow":["GET"]}}],"collection":[{"href":"https:\/\/boreait.com\/fr\/wp-json\/wp\/v2\/product"}],"about":[{"href":"https:\/\/boreait.com\/fr\/wp-json\/wp\/v2\/types\/product"}],"wp:featuredmedia":[{"embeddable":true,"href":"https:\/\/boreait.com\/fr\/wp-json\/wp\/v2\/media\/15205"}],"wp:attachment":[{"href":"https:\/\/boreait.com\/fr\/wp-json\/wp\/v2\/media?parent=16425"}],"wp:term":[{"taxonomy":"product_brand","embeddable":true,"href":"https:\/\/boreait.com\/fr\/wp-json\/wp\/v2\/product_brand?post=16425"},{"taxonomy":"product_cat","embeddable":true,"href":"https:\/\/boreait.com\/fr\/wp-json\/wp\/v2\/product_cat?post=16425"},{"taxonomy":"product_tag","embeddable":true,"href":"https:\/\/boreait.com\/fr\/wp-json\/wp\/v2\/product_tag?post=16425"}],"curies":[{"name":"wp","href":"https:\/\/api.w.org\/{rel}","templated":true}]}}