{"id":16423,"date":"2025-09-16T16:26:08","date_gmt":"2025-09-16T14:26:08","guid":{"rendered":"https:\/\/boreait.com\/fr\/?post_type=product&#038;p=16423"},"modified":"2025-09-16T16:26:18","modified_gmt":"2025-09-16T14:26:18","slug":"ecran-lcd-161-pour-lenovo-thinkbook-16-g6-ips-mat-fhd-30-broches-neuf","status":"publish","type":"product","link":"https:\/\/boreait.com\/fr\/produit\/ecran-lcd-161-pour-lenovo-thinkbook-16-g6-ips-mat-fhd-30-broches-neuf\/","title":{"rendered":"\u00c9cran LCD 16,1&Prime; pour Lenovo ThinkBook 16 G6 IPS mat FHD 30 broches, neuf"},"content":{"rendered":"<p>Mod\u00e8le d&rsquo;\u00e9cran LCD actuel\u00a0: N161HCA-EA3 Rev. c2 \u2013 ENTI\u00c8REMENT COMPATIBLE AVEC L&rsquo;\u00c9CRAN D&rsquo;ORDINATEUR PORTABLE Lenovo ThinkBook 16 G6<\/p>\n<p><\/strong><\/p>\n<p>Redynamisez votre Lenovo ThinkBook 16 G6 avec cet \u00e9cran LCD 16,1 pouces de haute qualit\u00e9, con\u00e7u pour les configurations non tactiles. Dot\u00e9 d&rsquo;une dalle IPS pour des couleurs vives et de larges angles de vision, d&rsquo;une finition mate r\u00e9duisant les reflets et d&rsquo;une r\u00e9solution Full HD pour des images nettes et claires, cet \u00e9cran offre une exp\u00e9rience visuelle exceptionnelle.<\/p>\n<p>L&rsquo;\u00e9cran prend en charge une connexion EDP 30 broches, garantissant la compatibilit\u00e9 avec votre appareil. Sa conception l\u00e9g\u00e8re \u00e9limine les supports sup\u00e9rieurs et inf\u00e9rieurs, facilitant ainsi l&rsquo;installation gr\u00e2ce au ruban adh\u00e9sif double-face fourni.<\/p>\n<p>Cet \u00e9cran LCD est compatible avec une large gamme de mod\u00e8les Lenovo ThinkBook 16 G6, notamment les s\u00e9ries 21KH, 21KH0003MJ, 21KH0004GM et bien d&rsquo;autres. Autres. Que vous souhaitiez remplacer un \u00e9cran endommag\u00e9 ou moderniser votre ordinateur portable, cet \u00e9cran est la solution id\u00e9ale.<\/p>\n<p><strong>Caract\u00e9ristiques principales\u00a0:<\/strong><\/p>\n<ul>\n<li><strong>Taille de l&rsquo;\u00e9cran\u00a0:<\/strong> 16,1 pouces<\/li>\n<li><strong>R\u00e9solution\u00a0:<\/strong> FHD (1920 x 1080)<\/li>\n<li><strong>Type de dalle\u00a0:<\/strong> IPS, TFT<\/li>\n<li><strong>Surface\u00a0:<\/strong> Mate (antireflet)<\/li>\n<li><strong>Connecteur\u00a0:<\/strong> EDP, 30 broches<\/li>\n<li><strong>\u00c9tat\u00a0:<\/strong> Neuf<\/li>\n<li><strong>Inclus\u00a0:<\/strong> Ruban adh\u00e9sif double face<\/li>\n<\/ul>\n<p>Profitez d&rsquo;une livraison rapide et d&rsquo;un excellent service client pour un remplacement sans tracas. Am\u00e9liorez l&rsquo;\u00e9cran de votre ordinateur portable d\u00e8s aujourd&rsquo;hui et d\u00e9couvrez des visuels de premier ordre\u00a0! <\/p>\n<p><strong>Voici une liste de certains mod\u00e8les compatibles\u00a0:<\/strong> S\u00c9RIE 21KH, 21KH0003MJ, 21KH0004GM, 21KH0004IV, 21KH0004IW, 21KH0004IX, 21KH0004KG, 21KH0004LT, 21KH0004MB, 21KH0004MH, 1KH0004ML, 21KH0004MX, 21KH0004PB, 21KH0004PE, 21KH0004PG, 21KH0004RA, 21KH0004RL, 21KH0004RM, 21KH0004RU, 21KH0004SA, 1KH0004SC, 21KH0004SP, 21KH000AUS, 21KH000BCA, 21KH000DEP, 21KH000EUS, 21KH000FUS, 21KH000GCA, 21KH000JEP, 21KH000KUS, 1KH000LAD, 21KH000LAK, 21KH000LAX, 21KH000LBM, 21KH000LCK, 21KH000LDS, 21KH000LDT, 21KH000LED, 21KH000LFE, 21KH000LFG, 1KH000LFR, 21KH000LGE, 21KH000LGM, 21KH000LIU, 21KH000LIW, 21KH000LMB, 21KH000LMH, 21KH000LMX, 21KH000LMZ, 21KH000LPB, 1KH000LPE, 21KH000LRM, 21KH000LSP, 21KH000LTR, 21KH000LUA, 21KH000LUE, 21KH000LUK, 21KH000LYA, 21KH000MAD, 21KH000MAX, 1KH000MRU, 21KH000MSC, 21KH000MUE, 21KH000MYA, 21KH000NAD, 21KH000NAT, 21KH000NAX, 21KH000NBM, 21KH000NCK, 21KH000NCY, 1KH000NDS, 21KH000NDT, 21KH000NED, 21KH000NFE, 21KH000NFG, 21KH000NFR, 21KH000NGE, 21KH000NGM, 21KH000NHV, 21KH000NIU, 1KH000NIV, 21KH000NIW, 21KH000PUK, 21KH000TDS, 21KH000TED, 21KH000TFE, 21KH000TGE, 21KH000THV, 21KH000TIW, 21KH000TIX, 1KH000TLT, 21KH000TMH, 21KH000TPB, 21KH000TPE, 21KH000TSA, 21KH000TSC, 21KH000TSP, 21KH000TTR, 21KH000TUA, 21KH000TUK<\/p>\n<p>&nbsp;<\/p>\n","protected":false},"excerpt":{"rendered":"<p>Am\u00e9liorez votre Lenovo ThinkBook 16 G6 avec cet \u00e9cran LCD 16,1&Prime; haut de gamme. Dot\u00e9 d&rsquo;une r\u00e9solution Full HD, d&rsquo;une dalle IPS, d&rsquo;une finition mate et d&rsquo;une connexion EDP 30 broches, il est id\u00e9al pour un remplacement d&rsquo;\u00e9cran fluide. Ruban adh\u00e9sif double face inclus pour une installation facile. Compatible avec plusieurs mod\u00e8les.<\/p>\n","protected":false},"featured_media":15688,"template":"","meta":[],"product_brand":[],"product_cat":[107,95],"product_tag":[62],"class_list":{"0":"post-16423","1":"product","2":"type-product","3":"status-publish","4":"has-post-thumbnail","6":"product_cat-16-1","7":"product_cat-new-laptop-screens-lcd-panels","8":"product_tag-lenovo","10":"first","11":"instock","12":"taxable","13":"shipping-taxable","14":"purchasable","15":"product-type-simple"},"_links":{"self":[{"href":"https:\/\/boreait.com\/fr\/wp-json\/wp\/v2\/product\/16423","targetHints":{"allow":["GET"]}}],"collection":[{"href":"https:\/\/boreait.com\/fr\/wp-json\/wp\/v2\/product"}],"about":[{"href":"https:\/\/boreait.com\/fr\/wp-json\/wp\/v2\/types\/product"}],"wp:featuredmedia":[{"embeddable":true,"href":"https:\/\/boreait.com\/fr\/wp-json\/wp\/v2\/media\/15688"}],"wp:attachment":[{"href":"https:\/\/boreait.com\/fr\/wp-json\/wp\/v2\/media?parent=16423"}],"wp:term":[{"taxonomy":"product_brand","embeddable":true,"href":"https:\/\/boreait.com\/fr\/wp-json\/wp\/v2\/product_brand?post=16423"},{"taxonomy":"product_cat","embeddable":true,"href":"https:\/\/boreait.com\/fr\/wp-json\/wp\/v2\/product_cat?post=16423"},{"taxonomy":"product_tag","embeddable":true,"href":"https:\/\/boreait.com\/fr\/wp-json\/wp\/v2\/product_tag?post=16423"}],"curies":[{"name":"wp","href":"https:\/\/api.w.org\/{rel}","templated":true}]}}