{"id":16422,"date":"2025-09-16T16:26:08","date_gmt":"2025-09-16T14:26:08","guid":{"rendered":"https:\/\/boreait.com\/fr\/?post_type=product&#038;p=16422"},"modified":"2025-10-15T14:12:32","modified_gmt":"2025-10-15T12:12:32","slug":"ecran-lcd-ips-mat-156-fhd-30-broches-pour-lenovo-thinkbook-15-iil-neuf","status":"publish","type":"product","link":"https:\/\/boreait.com\/fr\/produit\/ecran-lcd-ips-mat-156-fhd-30-broches-pour-lenovo-thinkbook-15-iil-neuf\/","title":{"rendered":"\u00c9cran LCD IPS mat 15,6&Prime; FHD 30 broches pour Lenovo ThinkBook 15-IIL (neuf)"},"content":{"rendered":"<p>Mod\u00e8le d&rsquo;\u00e9cran LCD actuel\u00a0: B156ZAN03.6 ou N156HCA-EAB Rev C.4 &#8211; enti\u00e8rement compatible avec l&rsquo;ordinateur portable Lenovo ThinkBook 15-IIL<\/p>\n<p><\/strong><\/p>\n<p>Am\u00e9liorez ou remplacez l&rsquo;\u00e9cran de votre Lenovo ThinkBook 15-IIL par cet \u00e9cran LCD haut de gamme, con\u00e7u pour une compatibilit\u00e9 parfaite et des performances exceptionnelles. Cet \u00e9cran de remplacement est id\u00e9al pour les utilisateurs recherchant des images nettes et des couleurs \u00e9clatantes, gr\u00e2ce \u00e0 sa dalle IPS Full HD (1920 x 1080). <\/p>\n<h4><strong>Principales caract\u00e9ristiques\u00a0:<\/strong><\/h4>\n<ul>\n<li><strong>Compatibilit\u00e9\u00a0:<\/strong> Lenovo ThinkBook 15-IIL (non tactile).<\/li>\n<li><strong>Taille de l&rsquo;\u00e9cran\u00a0:<\/strong> 15,6 pouces de diagonale.<\/li>\n<li><strong>Finition\u00a0:<\/strong> Mate, r\u00e9duisant les reflets pour un confort visuel optimal.<\/li>\n<li><strong>R\u00e9solution\u00a0:<\/strong> Full HD (1920 x 1080) pour des images nettes et claires.<\/li>\n<li><strong>Type d&rsquo;\u00e9cran\u00a0:<\/strong> Technologie IPS pour de larges angles de vision et une reproduction riche des couleurs.<\/li>\n<li><strong>Connecteur\u00a0:<\/strong> eDP 30 broches pour une connectivit\u00e9 fiable.<\/li>\n<li><strong>Installation\u00a0:<\/strong> Bandes adh\u00e9sives double face incluses pour une installation facile et s\u00e9curis\u00e9e.<\/li>\n<li><strong>\u00c9tat\u00a0:<\/strong> 100\u00a0% neuf, garantissant durabilit\u00e9 et performances optimales.<\/li>\n<\/ul>\n<p>Cet \u00e9cran est livr\u00e9 sans supports de fixation sup\u00e9rieurs et inf\u00e9rieurs, ce qui le rend compatible avec les solutions de fixation adh\u00e9sives. C&rsquo;est le choix id\u00e9al pour remplacer facilement l&rsquo;\u00e9cran endommag\u00e9 ou hors service de votre ordinateur portable.<\/p>\n<p>Am\u00e9liorez les fonctionnalit\u00e9s de votre ordinateur portable et profitez de la qualit\u00e9 sup\u00e9rieure d&rsquo;un \u00e9cran neuf et durable\u00a0!<\/p>\n","protected":false},"excerpt":{"rendered":"<p>\u00c9cran LCD de remplacement de haute qualit\u00e9 pour Lenovo ThinkBook 15-IIL (non tactile). Dot\u00e9 d&rsquo;un \u00e9cran IPS mat de 15,6 pouces avec une r\u00e9solution Full HD (1920 x 1080), d&rsquo;un connecteur eDP 30 broches et de bandes adh\u00e9sives double face pour une installation facile. \u00c9tat neuf.<\/p>\n","protected":false},"featured_media":15205,"template":"","meta":[],"product_brand":[],"product_cat":[105,95],"product_tag":[62],"class_list":{"0":"post-16422","1":"product","2":"type-product","3":"status-publish","4":"has-post-thumbnail","6":"product_cat-15-6-new-laptop-screens-lcd-panels","7":"product_cat-new-laptop-screens-lcd-panels","8":"product_tag-lenovo","10":"first","11":"instock","12":"taxable","13":"shipping-taxable","14":"purchasable","15":"product-type-simple"},"_links":{"self":[{"href":"https:\/\/boreait.com\/fr\/wp-json\/wp\/v2\/product\/16422","targetHints":{"allow":["GET"]}}],"collection":[{"href":"https:\/\/boreait.com\/fr\/wp-json\/wp\/v2\/product"}],"about":[{"href":"https:\/\/boreait.com\/fr\/wp-json\/wp\/v2\/types\/product"}],"wp:featuredmedia":[{"embeddable":true,"href":"https:\/\/boreait.com\/fr\/wp-json\/wp\/v2\/media\/15205"}],"wp:attachment":[{"href":"https:\/\/boreait.com\/fr\/wp-json\/wp\/v2\/media?parent=16422"}],"wp:term":[{"taxonomy":"product_brand","embeddable":true,"href":"https:\/\/boreait.com\/fr\/wp-json\/wp\/v2\/product_brand?post=16422"},{"taxonomy":"product_cat","embeddable":true,"href":"https:\/\/boreait.com\/fr\/wp-json\/wp\/v2\/product_cat?post=16422"},{"taxonomy":"product_tag","embeddable":true,"href":"https:\/\/boreait.com\/fr\/wp-json\/wp\/v2\/product_tag?post=16422"}],"curies":[{"name":"wp","href":"https:\/\/api.w.org\/{rel}","templated":true}]}}