{"id":16421,"date":"2025-09-16T16:26:08","date_gmt":"2025-09-16T14:26:08","guid":{"rendered":"https:\/\/boreait.com\/fr\/?post_type=product&#038;p=16421"},"modified":"2025-10-15T14:12:32","modified_gmt":"2025-10-15T12:12:32","slug":"ecran-lcd-ips-fhd-mat-156-pour-lenovo-thinkbook-15-g2-itl-are-neuf-30-broches","status":"publish","type":"product","link":"https:\/\/boreait.com\/fr\/produit\/ecran-lcd-ips-fhd-mat-156-pour-lenovo-thinkbook-15-g2-itl-are-neuf-30-broches\/","title":{"rendered":"\u00c9cran LCD IPS FHD mat 15,6&Prime; pour Lenovo ThinkBook 15 G2 (ITL\/ARE), neuf, 30 broches"},"content":{"rendered":"<p><strong>Mod\u00e8le d&rsquo;\u00e9cran LCD actuel\u00a0: B156ZAN03.6 ou N156HCA-EAB Rev C.4 &#8211; <span data-sheets-root=\"1\">Enti\u00e8rement compatible avec les ordinateurs portables Lenovo ThinkBook 15 G2 ITL (mod\u00e8le 20VE) et ARE (mod\u00e8le 20VG) (non tactiles\u00a0!)<\/p>\n<p><\/span><\/strong><\/p>\n<p>Cet \u00e9cran LCD haut de gamme est le remplacement id\u00e9al pour les ordinateurs portables Lenovo ThinkBook 15 G2 ITL (mod\u00e8le 20VE) et ARE (mod\u00e8le 20VG). Con\u00e7u pour les mod\u00e8les non tactiles, il offre un \u00e9cran Full HD (1920 x 1080) d&rsquo;une nettet\u00e9 exceptionnelle de 15,6 pouces, dot\u00e9 de la technologie IPS, pour des couleurs \u00e9clatantes et de larges angles de vision. Sa finition mate r\u00e9duit les reflets, garantissant un confort d&rsquo;utilisation optimal, m\u00eame dans des environnements lumineux.<\/p>\n<p>L&rsquo;\u00e9cran est compatible avec les connecteurs eDP 30 broches, pour une mise \u00e0 niveau fluide et sans tracas. Des bandes adh\u00e9sives double-face sont incluses pour une installation facile et s\u00e9curis\u00e9e. Veuillez noter que cet \u00e9cran de remplacement n&rsquo;inclut pas les supports sup\u00e9rieur et inf\u00e9rieur.<\/p>\n<p><strong>Caract\u00e9ristiques principales\u00a0:<\/strong><\/p>\n<ul>\n<li><strong>Compatibilit\u00e9\u00a0:<\/strong> Lenovo ThinkBook 15 G2 ITL (20VE) \/ ARE (20VG)<\/li>\n<li><strong>Taille\u00a0:<\/strong> 15,6 pouces Full HD (1920 x 1080)<\/li>\n<li><strong>Finition\u00a0:<\/strong> Mat, Antireflet\n<li><strong>Technologie\u00a0: IPS pour des images \u00e9clatantes et de larges angles de vision<\/li>\n<li><strong>Connecteur\u00a0: eDP 30 broches<\/li>\n<li><strong>\u00c9tat\u00a0: Neuf<\/li>\n<li><strong>Inclus\u00a0: Bandes adh\u00e9sives double-face<\/li>\n<\/ul>\n<p>Am\u00e9liorez l&rsquo;\u00e9cran de votre ordinateur portable pour lui redonner sa brillance d&rsquo;origine et am\u00e9liorer votre exp\u00e9rience visuelle gr\u00e2ce \u00e0 cet \u00e9cran de remplacement de haute qualit\u00e9.<\/p>\n<p>&nbsp;<\/p>\n","protected":false},"excerpt":{"rendered":"<p>Am\u00e9liorez votre Lenovo ThinkBook 15 G2 ITL\/ARE avec un \u00e9cran LCD IPS FHD mat de 15,6 pouces. Con\u00e7u pour les mod\u00e8les non tactiles sans supports sup\u00e9rieur et inf\u00e9rieur, cet \u00e9cran est dot\u00e9 d&rsquo;une connectivit\u00e9 eDP 30 broches pour des performances optimales. Des bandes adh\u00e9sives double face sont incluses pour une installation facile.<\/p>\n","protected":false},"featured_media":15205,"template":"","meta":[],"product_brand":[],"product_cat":[105,95],"product_tag":[62],"class_list":{"0":"post-16421","1":"product","2":"type-product","3":"status-publish","4":"has-post-thumbnail","6":"product_cat-15-6-new-laptop-screens-lcd-panels","7":"product_cat-new-laptop-screens-lcd-panels","8":"product_tag-lenovo","10":"first","11":"instock","12":"taxable","13":"shipping-taxable","14":"purchasable","15":"product-type-simple"},"_links":{"self":[{"href":"https:\/\/boreait.com\/fr\/wp-json\/wp\/v2\/product\/16421","targetHints":{"allow":["GET"]}}],"collection":[{"href":"https:\/\/boreait.com\/fr\/wp-json\/wp\/v2\/product"}],"about":[{"href":"https:\/\/boreait.com\/fr\/wp-json\/wp\/v2\/types\/product"}],"wp:featuredmedia":[{"embeddable":true,"href":"https:\/\/boreait.com\/fr\/wp-json\/wp\/v2\/media\/15205"}],"wp:attachment":[{"href":"https:\/\/boreait.com\/fr\/wp-json\/wp\/v2\/media?parent=16421"}],"wp:term":[{"taxonomy":"product_brand","embeddable":true,"href":"https:\/\/boreait.com\/fr\/wp-json\/wp\/v2\/product_brand?post=16421"},{"taxonomy":"product_cat","embeddable":true,"href":"https:\/\/boreait.com\/fr\/wp-json\/wp\/v2\/product_cat?post=16421"},{"taxonomy":"product_tag","embeddable":true,"href":"https:\/\/boreait.com\/fr\/wp-json\/wp\/v2\/product_tag?post=16421"}],"curies":[{"name":"wp","href":"https:\/\/api.w.org\/{rel}","templated":true}]}}