{"id":16420,"date":"2025-09-16T16:26:08","date_gmt":"2025-09-16T14:26:08","guid":{"rendered":"https:\/\/boreait.com\/fr\/?post_type=product&#038;p=16420"},"modified":"2025-10-15T14:12:32","modified_gmt":"2025-10-15T12:12:32","slug":"ecran-lcd-hp-zbook-fury-15-g7-g8-156-fhd-mat-ips-30-broches-etat-neuf","status":"publish","type":"product","link":"https:\/\/boreait.com\/fr\/produit\/ecran-lcd-hp-zbook-fury-15-g7-g8-156-fhd-mat-ips-30-broches-etat-neuf\/","title":{"rendered":"\u00c9cran LCD HP ZBook Fury 15 G7\/G8, 15,6&Prime; FHD mat IPS 30 broches, \u00e9tat neuf"},"content":{"rendered":"<p>Mod\u00e8le d&rsquo;\u00e9cran LCD actuel\u00a0: B156ZAN03.6 ou N156HCA-EAB Rev C.4 &#8211; enti\u00e8rement compatible avec les ordinateurs portables HP Zbook Fury 15 G7 et HP Zbook Fury 15 G8 (version non tactile \/ 60\u00a0Hz)<\/p>\n<p><\/strong><\/p>\n<p>Mettez \u00e0 niveau votre ordinateur portable HP ZBook Fury 15 G7 ou G8 avec un tout nouvel \u00e9cran LCD. Con\u00e7u pour la pr\u00e9cision et la performance, cet \u00e9cran mat de 15,6\u00a0pouces garantit une exp\u00e9rience visuelle d&rsquo;une clart\u00e9 exceptionnelle gr\u00e2ce \u00e0 une r\u00e9solution Full HD (1920\u00a0x\u00a01080) et \u00e0 la technologie IPS avanc\u00e9e. Avec un taux de rafra\u00eechissement de 60\u00a0Hz et un connecteur eDP 30\u00a0broches, cet \u00e9cran non tactile offre des images nettes, des couleurs \u00e9clatantes et un flux de travail fluide, pour vos besoins professionnels et personnels.<\/p>\n<p>Cet \u00e9cran est livr\u00e9 sans supports sup\u00e9rieur et inf\u00e9rieur et est compatible avec les bandes adh\u00e9sives double-face pour une installation facile. Sa finition mate r\u00e9duit les reflets, ce qui le rend id\u00e9al pour une utilisation prolong\u00e9e dans diverses conditions d&rsquo;\u00e9clairage. Livr\u00e9 \u00e0 l&rsquo;\u00e9tat neuf, il est pr\u00eat \u00e0 restaurer ou \u00e0 mettre \u00e0 niveau les fonctionnalit\u00e9s et l&rsquo;esth\u00e9tique de votre ordinateur portable. <\/p>\n<h4><strong>Principales caract\u00e9ristiques\u00a0:<\/strong><\/h4>\n<ul>\n<li><strong>Compatibilit\u00e9\u00a0:<\/strong> HP ZBook Fury 15 G7 et G8 (version non tactile)<\/li>\n<li><strong>Taille de l&rsquo;\u00e9cran\u00a0:<\/strong> 15,6 pouces<\/li>\n<li><strong>R\u00e9solution\u00a0:<\/strong> Full HD (1920 x 1080)<\/li>\n<li><strong>Type de dalle\u00a0:<\/strong> IPS<\/li>\n<li><strong>Connecteur\u00a0:<\/strong> eDP 30 broches<\/li>\n<li><strong>Finition\u00a0:<\/strong> Mat (antireflet)<\/li>\n<li><strong>Fr\u00e9quence de rafra\u00eechissement\u00a0:<\/strong> 60 Hz<\/li>\n<li><strong>Installation\u00a0:<\/strong> Sans support\u00a0; bandes adh\u00e9sives double face incluses<\/li>\n<li><strong>\u00c9tat\u00a0:<\/strong> Neuf<\/li>\n<\/ul>\n<p>Que vous remplaciez un \u00e9cran endommag\u00e9 ou que vous mettiez \u00e0 niveau votre ordinateur portable, cet \u00e9cran offre durabilit\u00e9, clart\u00e9 et praticit\u00e9. Parfait pour les t\u00e2ches professionnelles, les projets cr\u00e9atifs ou un usage g\u00e9n\u00e9ral, c&rsquo;est la solution id\u00e9ale pour restaurer les performances optimales de votre ordinateur portable.<\/p>\n<p>&nbsp;<\/p>\n<p>&nbsp;<\/p>\n","protected":false},"excerpt":{"rendered":"<div class=\"flex max-w-full flex-col flex-grow\">\n<div class=\"min-h-8 text-message flex w-full flex-col items-end gap-2 whitespace-normal break-words [.text-message+&amp;]:mt-5\" dir=\"auto\" data-message-author-role=\"assistant\" data-message-id=\"643e7024-2c48-4fd0-8ce1-7db539127bf6\" data-client-thread-id=\"WEB:0938c45f-8fb2-4fcd-987c-cdd10acde468\" data-message-model-slug=\"gpt-4o\">\n<div class=\"flex w-full flex-col gap-1 empty:hidden first:pt-[3px]\">\n<div class=\"markdown prose w-full break-words dark:prose-invert light\">\n<p>\u00c9cran LCD mat 15,6&Prime; neuf pour HP ZBook Fury 15 G7 et G8. R\u00e9solution Full HD, dalle IPS, connecteur eDP 30 broches, non tactile, taux de rafra\u00eechissement de 60 Hz et bandes adh\u00e9sives incluses. Sans support, id\u00e9al pour un remplacement facile.<\/p>\n<\/div>\n<\/div>\n<\/div>\n<\/div>\n","protected":false},"featured_media":15205,"template":"","meta":[],"product_brand":[],"product_cat":[105,95],"product_tag":[61],"class_list":{"0":"post-16420","1":"product","2":"type-product","3":"status-publish","4":"has-post-thumbnail","6":"product_cat-15-6-new-laptop-screens-lcd-panels","7":"product_cat-new-laptop-screens-lcd-panels","8":"product_tag-hp","10":"first","11":"instock","12":"taxable","13":"shipping-taxable","14":"purchasable","15":"product-type-simple"},"_links":{"self":[{"href":"https:\/\/boreait.com\/fr\/wp-json\/wp\/v2\/product\/16420","targetHints":{"allow":["GET"]}}],"collection":[{"href":"https:\/\/boreait.com\/fr\/wp-json\/wp\/v2\/product"}],"about":[{"href":"https:\/\/boreait.com\/fr\/wp-json\/wp\/v2\/types\/product"}],"wp:featuredmedia":[{"embeddable":true,"href":"https:\/\/boreait.com\/fr\/wp-json\/wp\/v2\/media\/15205"}],"wp:attachment":[{"href":"https:\/\/boreait.com\/fr\/wp-json\/wp\/v2\/media?parent=16420"}],"wp:term":[{"taxonomy":"product_brand","embeddable":true,"href":"https:\/\/boreait.com\/fr\/wp-json\/wp\/v2\/product_brand?post=16420"},{"taxonomy":"product_cat","embeddable":true,"href":"https:\/\/boreait.com\/fr\/wp-json\/wp\/v2\/product_cat?post=16420"},{"taxonomy":"product_tag","embeddable":true,"href":"https:\/\/boreait.com\/fr\/wp-json\/wp\/v2\/product_tag?post=16420"}],"curies":[{"name":"wp","href":"https:\/\/api.w.org\/{rel}","templated":true}]}}