{"id":16415,"date":"2025-09-16T16:26:07","date_gmt":"2025-09-16T14:26:07","guid":{"rendered":"https:\/\/boreait.com\/fr\/?post_type=product&#038;p=16415"},"modified":"2025-09-16T16:26:14","modified_gmt":"2025-09-16T14:26:14","slug":"ecran-lcd-173-fhd-1920-x-1080-brillant-pour-asus-rog-g750jx-40-broches-neuf","status":"publish","type":"product","link":"https:\/\/boreait.com\/fr\/produit\/ecran-lcd-173-fhd-1920-x-1080-brillant-pour-asus-rog-g750jx-40-broches-neuf\/","title":{"rendered":"\u00c9cran LCD 17,3&Prime; FHD 1920 x 1080 brillant pour ASUS ROG G750JX, 40 broches, neuf"},"content":{"rendered":"<p>Mod\u00e8le d&rsquo;\u00e9cran LCD actuel\u00a0: LP173WF1 TLB3 \u2013 ENTI\u00c8REMENT COMPATIBLE AVEC LES \u00c9CRANS D&rsquo;ORDINATEUR PORTABLE ASUS ROG G750JX (T4075H, TB71, T4180H, DB71, DH71, DS77, QS71, RB71, TB71)<\/p>\n<p>Am\u00e9liorez votre ordinateur portable gaming ASUS ROG G750JX avec cet \u00e9cran LCD 17,3&Prime; de haute qualit\u00e9. Offrant une r\u00e9solution Full HD (1920 x 1080), cet \u00e9cran brillant offre des images nettes et \u00e9clatantes ainsi qu&rsquo;une excellente reproduction des couleurs. Id\u00e9al pour les joueurs comme pour les professionnels, il est dot\u00e9 d&rsquo;un connecteur 40 broches en bas \u00e0 gauche, garantissant un ajustement pr\u00e9cis et une installation facile. Que vous remplaciez un \u00e9cran endommag\u00e9 ou que vous mettiez \u00e0 niveau votre configuration, ce tout nouvel \u00e9cran offre la fiabilit\u00e9 et les performances n\u00e9cessaires pour une exp\u00e9rience visuelle optimale. Compatible avec plusieurs mod\u00e8les de la s\u00e9rie ASUS ROG G750JX, il constitue le remplacement id\u00e9al. pour restaurer l&rsquo;\u00e9cran de votre ordinateur portable \u00e0 son plein potentiel.<\/p>\n","protected":false},"excerpt":{"rendered":"<p>Ce tout nouvel \u00e9cran LCD 17,3&Prime; est compatible avec la s\u00e9rie ASUS ROG G750JX et dispose d&rsquo;un \u00e9cran brillant Full HD (1920 x 1080). Il est \u00e9quip\u00e9 d&rsquo;un connecteur 40 broches en bas \u00e0 gauche, garantissant des images claires et nettes pour les jeux et une utilisation professionnelle.<\/p>\n","protected":false},"featured_media":16411,"template":"","meta":[],"product_brand":[],"product_cat":[96,95],"product_tag":[],"class_list":{"0":"post-16415","1":"product","2":"type-product","3":"status-publish","4":"has-post-thumbnail","6":"product_cat-17-3","7":"product_cat-new-laptop-screens-lcd-panels","9":"first","10":"instock","11":"taxable","12":"shipping-taxable","13":"purchasable","14":"product-type-simple"},"_links":{"self":[{"href":"https:\/\/boreait.com\/fr\/wp-json\/wp\/v2\/product\/16415","targetHints":{"allow":["GET"]}}],"collection":[{"href":"https:\/\/boreait.com\/fr\/wp-json\/wp\/v2\/product"}],"about":[{"href":"https:\/\/boreait.com\/fr\/wp-json\/wp\/v2\/types\/product"}],"wp:featuredmedia":[{"embeddable":true,"href":"https:\/\/boreait.com\/fr\/wp-json\/wp\/v2\/media\/16411"}],"wp:attachment":[{"href":"https:\/\/boreait.com\/fr\/wp-json\/wp\/v2\/media?parent=16415"}],"wp:term":[{"taxonomy":"product_brand","embeddable":true,"href":"https:\/\/boreait.com\/fr\/wp-json\/wp\/v2\/product_brand?post=16415"},{"taxonomy":"product_cat","embeddable":true,"href":"https:\/\/boreait.com\/fr\/wp-json\/wp\/v2\/product_cat?post=16415"},{"taxonomy":"product_tag","embeddable":true,"href":"https:\/\/boreait.com\/fr\/wp-json\/wp\/v2\/product_tag?post=16415"}],"curies":[{"name":"wp","href":"https:\/\/api.w.org\/{rel}","templated":true}]}}