{"id":16414,"date":"2025-09-16T16:26:06","date_gmt":"2025-09-16T14:26:06","guid":{"rendered":"https:\/\/boreait.com\/fr\/?post_type=product&#038;p=16414"},"modified":"2025-09-16T16:26:14","modified_gmt":"2025-09-16T14:26:14","slug":"ecran-lcd-fhd-173-dell-vostro-3700-connecteur-40-broches-en-bas-a-gauche-neuf","status":"publish","type":"product","link":"https:\/\/boreait.com\/fr\/produit\/ecran-lcd-fhd-173-dell-vostro-3700-connecteur-40-broches-en-bas-a-gauche-neuf\/","title":{"rendered":"\u00c9cran LCD FHD 17,3&Prime; Dell Vostro 3700, connecteur 40 broches en bas \u00e0 gauche, neuf"},"content":{"rendered":"<p>Mod\u00e8le d&rsquo;\u00e9cran LCD\u00a0: LP173WF1 TLB3 \u2013 ENTI\u00c8REMENT COMPATIBLE AVEC L&rsquo;\u00c9CRAN D&rsquo;ORDINATEUR PORTABLE DELL VOSTRO 3700<\/p>\n<p>Am\u00e9liorez votre ordinateur portable Dell Vostro 3700 avec cet \u00e9cran LCD 17,3\u00a0pouces neuf et de haute qualit\u00e9. Dot\u00e9 d&rsquo;un connecteur 40\u00a0broches en bas \u00e0 gauche, cet \u00e9cran offre une r\u00e9solution Full HD de 1920\u00a0x\u00a01080, pour des images nettes et pr\u00e9cises, que ce soit pour travailler ou pour jouer. Sa finition brillante rehausse l&rsquo;\u00e9clat des couleurs et offre une exp\u00e9rience visuelle plus immersive. Con\u00e7u pour s&rsquo;adapter parfaitement au Dell Vostro 3700, cet \u00e9cran de remplacement garantit \u00e0 votre ordinateur portable un aspect et des fonctionnalit\u00e9s comme neufs. Id\u00e9al pour remplacer un \u00e9cran endommag\u00e9 ou d\u00e9fectueux, cet \u00e9cran LCD est pr\u00eat \u00e0 \u00eatre install\u00e9 rapidement et garantit la restauration des performances de votre appareil.<\/p>\n","protected":false},"excerpt":{"rendered":"<p>Cet \u00e9cran LCD 17,3&Prime; flambant neuf est compatible avec les ordinateurs portables Dell Vostro 3700. Il est dot\u00e9 d&rsquo;un connecteur 40 broches en bas \u00e0 gauche et offre une r\u00e9solution Full HD (1920 x 1080) avec une finition brillante pour un affichage \u00e9clatant. Id\u00e9al pour remplacer un \u00e9cran endommag\u00e9.<\/p>\n","protected":false},"featured_media":16411,"template":"","meta":[],"product_brand":[],"product_cat":[96,95],"product_tag":[],"class_list":{"0":"post-16414","1":"product","2":"type-product","3":"status-publish","4":"has-post-thumbnail","6":"product_cat-17-3","7":"product_cat-new-laptop-screens-lcd-panels","9":"first","10":"instock","11":"taxable","12":"shipping-taxable","13":"purchasable","14":"product-type-simple"},"_links":{"self":[{"href":"https:\/\/boreait.com\/fr\/wp-json\/wp\/v2\/product\/16414","targetHints":{"allow":["GET"]}}],"collection":[{"href":"https:\/\/boreait.com\/fr\/wp-json\/wp\/v2\/product"}],"about":[{"href":"https:\/\/boreait.com\/fr\/wp-json\/wp\/v2\/types\/product"}],"wp:featuredmedia":[{"embeddable":true,"href":"https:\/\/boreait.com\/fr\/wp-json\/wp\/v2\/media\/16411"}],"wp:attachment":[{"href":"https:\/\/boreait.com\/fr\/wp-json\/wp\/v2\/media?parent=16414"}],"wp:term":[{"taxonomy":"product_brand","embeddable":true,"href":"https:\/\/boreait.com\/fr\/wp-json\/wp\/v2\/product_brand?post=16414"},{"taxonomy":"product_cat","embeddable":true,"href":"https:\/\/boreait.com\/fr\/wp-json\/wp\/v2\/product_cat?post=16414"},{"taxonomy":"product_tag","embeddable":true,"href":"https:\/\/boreait.com\/fr\/wp-json\/wp\/v2\/product_tag?post=16414"}],"curies":[{"name":"wp","href":"https:\/\/api.w.org\/{rel}","templated":true}]}}