{"id":16412,"date":"2025-09-16T16:26:06","date_gmt":"2025-09-16T14:26:06","guid":{"rendered":"https:\/\/boreait.com\/fr\/?post_type=product&#038;p=16412"},"modified":"2025-09-16T16:26:13","modified_gmt":"2025-09-16T14:26:13","slug":"ecran-lcd-hp-victus-16-s1-series-161-fhd-144-hz-mat-non-tactile-neuf","status":"publish","type":"product","link":"https:\/\/boreait.com\/fr\/produit\/ecran-lcd-hp-victus-16-s1-series-161-fhd-144-hz-mat-non-tactile-neuf\/","title":{"rendered":"\u00c9cran LCD HP Victus 16 S1 Series 16,1&Prime; FHD 144 Hz mat non tactile, neuf"},"content":{"rendered":"<p>Mod\u00e8le d&rsquo;\u00e9cran LCD\u00a0: N161hma-gak REV. C3 ou n161hca-ga1 REV. C.1 \u2013 ENTI\u00c8REMENT COMPATIBLE AVEC LES \u00c9CRANS D&rsquo;ORDINATEUR PORTABLE HP Victus 16 S1 \/ S10000 \/ S1xxxx<\/p>\n<p><\/strong><\/p>\n<p>Am\u00e9liorez votre ordinateur portable HP Victus 16 S1 avec cet \u00e9cran LCD de remplacement de haute qualit\u00e9. Con\u00e7u sp\u00e9cifiquement pour les mod\u00e8les 16-S1000CI, 16-S1001NA et autres, cet \u00e9cran offre une r\u00e9solution Full HD (1920 x 1080) exceptionnelle avec un taux de rafra\u00eechissement rapide de 144\u00a0Hz, garantissant des images nettes et des performances fluides. Sa finition mate r\u00e9duit les reflets, tandis que sa luminosit\u00e9 de 250\u00a0nits offre des couleurs \u00e9clatantes quelles que soient les conditions d&rsquo;\u00e9clairage.<\/p>\n<p>Cet \u00e9cran est id\u00e9al pour remplacer un \u00e9cran endommag\u00e9 ou d\u00e9fectueux, garantissant ainsi des performances optimales \u00e0 votre ordinateur portable. Il est dot\u00e9 d&rsquo;un \u00e9cran de 16,1 pouces, d&rsquo;un connecteur 40 broches et d&rsquo;une conception non tactile. L&#8217;emballage comprend du ruban adh\u00e9sif double face pour une installation facile. \u00c9tat\u00a0: Neuf et pr\u00eat \u00e0 redonner vie \u00e0 votre ordinateur portable.<\/p>\n<h4><strong>Caract\u00e9ristiques principales<\/strong>\u00a0:<\/p>\n<ul>\n<li><strong>Compatibilit\u00e9<\/strong>\u00a0: Con\u00e7u pour la s\u00e9rie HP Victus 16 S1 (mod\u00e8les tels que 16-S1000CI, 16-S1001NT, etc.).<\/li>\n<li><strong>Sp\u00e9cifications de l&rsquo;\u00e9cran<\/strong>\u00a0: \u00c9cran 16,1 pouces FHD (1920 x 1080), fr\u00e9quence de rafra\u00eechissement de 144 Hz, luminosit\u00e9 de 250 nits.<\/li>\n<li><strong>Finition<\/strong>\u00a0: Mat pour r\u00e9duire les reflets.<\/li>\n<li><strong>Connecteur<\/strong>\u00a0: 40 broches Non tactile.<\/li>\n<li><strong>Installation<\/strong>\u00a0: Ruban adh\u00e9sif double face inclus pour une fixation s\u00fbre et facile.<\/li>\n<li><strong>\u00c9tat<\/strong>\u00a0: Neuf.<\/li>\n<\/ul>\n<p>Restaurez la qualit\u00e9 d&rsquo;affichage de votre ordinateur portable d\u00e8s aujourd&rsquo;hui gr\u00e2ce \u00e0 cet \u00e9cran de remplacement fiable\u00a0!<\/p>\n<p><strong>Liste de quelques ordinateurs portables compatibles\u00a0:\u00a0\u00a0<\/strong><\/p>\n<p>16-S1000CI, 16-S1000NA, 16-S1000NT, 16-S1000NX, 16-S1000NY, 16-S1000SL, 16-S1001CI, 16-S1001NA, 16-S1001NC, 16-S1001NO, 16-S1001NS, 16-S1001NT, 16-S1001NX, 16-S1002NA, 16-S1002NC, 16-S1002NL, 16-S1002NS, 16-S1002NT, 16-S1002NX, 16-S1002NY, 16-S1003NL, 16-S1003NM, 16-S1003NO, 16-S1003NT, 16-S1003NV, 16-S1003NY, 16-S1004NL, 16-S1004NO, 16-S1004NT, \u200b\u200b16-S1004NY, 16-S1005CI, 16-S1005NL, 16-S1005NM, 16-S1005NT, 16-S1006NL, 16-S1006NP, 16-S1007CI, 16-S1007NT, 16-S1007UA, 16-S1009NM, 16-S1009NT, 16-S1010NT, 16-S1011NM, 16-S1011NO, 16-S1011NT, 16-S1012CI, 16-S1012NM, 16-S1012NP, 16-S1013NM, 16-S1013NO, 16-S1013NT, 16-S1014NB, 16-S1014NM, 16-S1014NO, 16-S1014NT, 16-S1015NB, 16-S1015NO, 16-S1015NT, 16-S1016NM, 16-S1016NT, 16-S1017NB, 16-S1017NT, 16-S1018NB, 16-S1018NT, 16-S1019NB, 16-S1019NM, 16-S1019NT, 16-S1020NB, 16-S1021NB, 16-S1021NT, 16-S1022NB, 16-S1022NM, 16-S1022NT, 16-S1023CI, 16-S1023DX, 16-S1023NB, 16-S1023NT, 16-S1024CI, 16-S1024NB, 16-S1024NT, 16-S1025NB, 16-S1025NM, 16-S1025NT, 16-S1026NB, 16-S1026NT, 16-S1027NB, 16-S1027NT, 16-S1028NB, 16-S1028NT, 16-S1029NB, 16-S1029NT, 16-S1030NB, 16-S1030NT, 16-S1031NB, 16-S1031NT, 16-S1032NB, 16-S1033NB, 16-S1033NT, 16-S1034NF, 16-S1777NG, 16-S1778NG, 16-S1084AX, 16-S1118AX, 16-S1085AX, 16-S1035AX, 16-S1557AX, 16-S1034AX,<\/p>\n","protected":false},"excerpt":{"rendered":"<p>\u00c9cran LCD de remplacement pour ordinateurs portables HP Victus 16 S1 (non tactile). R\u00e9solution Full HD (1920 x 1080) de 16,1 pouces, fr\u00e9quence de rafra\u00eechissement de 144 Hz, finition mate et luminosit\u00e9 de 250 nits. Ruban adh\u00e9sif double face inclus pour une installation facile. Id\u00e9al pour restaurer la qualit\u00e9 d&rsquo;affichage.<\/p>\n","protected":false},"featured_media":15628,"template":"","meta":[],"product_brand":[],"product_cat":[107,95],"product_tag":[61],"class_list":{"0":"post-16412","1":"product","2":"type-product","3":"status-publish","4":"has-post-thumbnail","6":"product_cat-16-1","7":"product_cat-new-laptop-screens-lcd-panels","8":"product_tag-hp","10":"first","11":"instock","12":"taxable","13":"shipping-taxable","14":"purchasable","15":"product-type-simple"},"_links":{"self":[{"href":"https:\/\/boreait.com\/fr\/wp-json\/wp\/v2\/product\/16412","targetHints":{"allow":["GET"]}}],"collection":[{"href":"https:\/\/boreait.com\/fr\/wp-json\/wp\/v2\/product"}],"about":[{"href":"https:\/\/boreait.com\/fr\/wp-json\/wp\/v2\/types\/product"}],"wp:featuredmedia":[{"embeddable":true,"href":"https:\/\/boreait.com\/fr\/wp-json\/wp\/v2\/media\/15628"}],"wp:attachment":[{"href":"https:\/\/boreait.com\/fr\/wp-json\/wp\/v2\/media?parent=16412"}],"wp:term":[{"taxonomy":"product_brand","embeddable":true,"href":"https:\/\/boreait.com\/fr\/wp-json\/wp\/v2\/product_brand?post=16412"},{"taxonomy":"product_cat","embeddable":true,"href":"https:\/\/boreait.com\/fr\/wp-json\/wp\/v2\/product_cat?post=16412"},{"taxonomy":"product_tag","embeddable":true,"href":"https:\/\/boreait.com\/fr\/wp-json\/wp\/v2\/product_tag?post=16412"}],"curies":[{"name":"wp","href":"https:\/\/api.w.org\/{rel}","templated":true}]}}