{"id":16408,"date":"2025-09-16T16:25:53","date_gmt":"2025-09-16T14:25:53","guid":{"rendered":"https:\/\/boreait.com\/fr\/?post_type=product&#038;p=16408"},"modified":"2025-09-16T16:26:03","modified_gmt":"2025-09-16T14:26:03","slug":"ecran-lcd-n173hge-e11-173-fhd-40-broches-brillant-connecteur-inferieur-gauche-neuf","status":"publish","type":"product","link":"https:\/\/boreait.com\/fr\/produit\/ecran-lcd-n173hge-e11-173-fhd-40-broches-brillant-connecteur-inferieur-gauche-neuf\/","title":{"rendered":"\u00c9cran LCD N173HGE-E11 17,3&Prime; FHD, 40 broches, brillant, connecteur inf\u00e9rieur gauche, neuf"},"content":{"rendered":"<p>Mod\u00e8le d&rsquo;\u00e9cran LCD\u00a0: LP173WF1 TLB3 \u2013 ENTI\u00c8REMENT COMPATIBLE AVEC LES \u00c9CRANS D&rsquo;ORDINATEUR PORTABLE N173HGE-E11 \/ L11 \/ L21 \/ E23<\/p>\n<p>Am\u00e9liorez votre exp\u00e9rience d&rsquo;affichage avec l&rsquo;\u00e9cran LCD N173HGE-E11 \/ L11 \/ L21 \/ E23, con\u00e7u pour des performances optimales et des images \u00e9clatantes. Cet \u00e9cran Full HD (1920 x 1080) de 17,3 pouces pr\u00e9sente une finition brillante, offrant des images nettes et pr\u00e9cises et une reproduction riche des couleurs. La connexion \u00e0 40 broches et le connecteur en bas \u00e0 gauche garantissent la compatibilit\u00e9 avec divers appareils, ce qui en fait l&rsquo;outil id\u00e9al pour les projets de remplacement ou de r\u00e9paration. Que vous soyez professionnel ou amateur, cet \u00e9cran LCD de haute qualit\u00e9 est comme neuf, garantissant durabilit\u00e9 et performances durables.<\/p>\n","protected":false},"excerpt":{"rendered":"<p>#VALUE!<\/p>\n","protected":false},"featured_media":16411,"template":"","meta":[],"product_brand":[],"product_cat":[96,95],"product_tag":[],"class_list":{"0":"post-16408","1":"product","2":"type-product","3":"status-publish","4":"has-post-thumbnail","6":"product_cat-17-3","7":"product_cat-new-laptop-screens-lcd-panels","9":"first","10":"instock","11":"taxable","12":"shipping-taxable","13":"purchasable","14":"product-type-simple"},"_links":{"self":[{"href":"https:\/\/boreait.com\/fr\/wp-json\/wp\/v2\/product\/16408","targetHints":{"allow":["GET"]}}],"collection":[{"href":"https:\/\/boreait.com\/fr\/wp-json\/wp\/v2\/product"}],"about":[{"href":"https:\/\/boreait.com\/fr\/wp-json\/wp\/v2\/types\/product"}],"wp:featuredmedia":[{"embeddable":true,"href":"https:\/\/boreait.com\/fr\/wp-json\/wp\/v2\/media\/16411"}],"wp:attachment":[{"href":"https:\/\/boreait.com\/fr\/wp-json\/wp\/v2\/media?parent=16408"}],"wp:term":[{"taxonomy":"product_brand","embeddable":true,"href":"https:\/\/boreait.com\/fr\/wp-json\/wp\/v2\/product_brand?post=16408"},{"taxonomy":"product_cat","embeddable":true,"href":"https:\/\/boreait.com\/fr\/wp-json\/wp\/v2\/product_cat?post=16408"},{"taxonomy":"product_tag","embeddable":true,"href":"https:\/\/boreait.com\/fr\/wp-json\/wp\/v2\/product_tag?post=16408"}],"curies":[{"name":"wp","href":"https:\/\/api.w.org\/{rel}","templated":true}]}}