{"id":16399,"date":"2025-09-16T16:25:52","date_gmt":"2025-09-16T14:25:52","guid":{"rendered":"https:\/\/boreait.com\/fr\/?post_type=product&#038;p=16399"},"modified":"2025-09-16T16:26:00","modified_gmt":"2025-09-16T14:26:00","slug":"ecran-lcd-pour-hp-victus-serie-16-s-161-fhd-144-hz-mat-neuf","status":"publish","type":"product","link":"https:\/\/boreait.com\/fr\/produit\/ecran-lcd-pour-hp-victus-serie-16-s-161-fhd-144-hz-mat-neuf\/","title":{"rendered":"\u00c9cran LCD pour HP Victus s\u00e9rie 16-S, 16,1&Prime; FHD, 144 Hz, mat, neuf"},"content":{"rendered":"<p>Mod\u00e8le d&rsquo;\u00e9cran LCD\u00a0: N161hma-gak REV. C3 ou n161hca-ga1 REV. C.1 \u2013 ENTI\u00c8REMENT COMPATIBLE AVEC LES \u00c9CRANS D&rsquo;ORDINATEUR PORTABLE HP Victus 16 s\u00e9ries S0 \/ S00000 \/ S0xxxx<\/p>\n<p>Am\u00e9liorez votre ordinateur portable HP Victus s\u00e9rie 16-S avec cet \u00e9cran LCD de remplacement de haute qualit\u00e9. Con\u00e7u pour des performances optimales, cet \u00e9cran Full HD (1920 x 1080) de 16,1 pouces offre des images nettes avec un taux de rafra\u00eechissement fluide de 144\u00a0Hz, garantissant une exp\u00e9rience visuelle sup\u00e9rieure pour les jeux, le multim\u00e9dia et les t\u00e2ches quotidiennes. Sa finition mate r\u00e9duit les reflets, ce qui le rend id\u00e9al pour une utilisation dans diverses conditions d&rsquo;\u00e9clairage.<\/p>\n<p>Parmi ses principales caract\u00e9ristiques, citons la compatibilit\u00e9 avec une large gamme de mod\u00e8les HP Victus 16-S, une luminosit\u00e9 de 250\u00a0nits pour des couleurs \u00e9clatantes et un connecteur \u00e0 40\u00a0broches pour une installation ais\u00e9e. Cet \u00e9cran est livr\u00e9 sans supports sup\u00e9rieur et inf\u00e9rieur, mais avec un ruban adh\u00e9sif double face pour une installation facile. Gr\u00e2ce \u00e0 sa construction durable et \u00e0 son faible consommation d&rsquo;\u00e9nergie, ce tout nouvel \u00e9cran est le remplacement id\u00e9al pour votre ordinateur portable, lui redonnant ses fonctionnalit\u00e9s d&rsquo;origine et sa clart\u00e9 visuelle.<\/p>\n<p>&nbsp; <\/p>\n<p><strong>Liste de quelques ordinateurs portables compatibles\u00a0:\u00a0\u00a0<\/strong><\/p>\n<p>16-R1000CI, 16-R1000NA, 16-R1000NB, 16-R1000NJ, 16-R1000NL, 16-R1000NS, 16-R1000NT, 16-R1000NX, 16-R1000SF, 16-R1000SL, 16-R1001NB, 16-R1001NC, 16-R1001NI, 16-R1001NS, 16-R1001NT, 16-R1001NX, 16-R1001SF, 16-R1001SL, 16-R1002NB, 16-R1002NC, 16-R1002NF, 16-R1002NI, 16-R1002NJ, 16-R1002NK, 16-R1002NL, 16-R1002NM, 16-R1002NS, 16-R1002NT, 16-R1002NX, 16-R1002SA, 16-R1002SF, 16-R1002SL, 16-R1003CI, 16-R1003NI, 16-R1003NK, 16-R1003NS, 16-R1003NT, 16-R1003NX, 16-R1003SA, 16-R1003SL, 16-R1004LA, 16-R1004NA, 16-R1004NI, 16-R1004NK, 16-R1004NS, 16-R1004NT, \u200b\u200b16-R1004NX, 16-R1005NA, 16-R1005NB, 16-R1005NI, 16-R1005NK, 16-R1005NS, 16-R1005NT, 16-R1005NV, 16-R1005NX, 16-R1005SL, 16-R1006LA, 16-R1006NK, 16-R1006NP, 16-R1006NS, 16-R1006NT, 16-R1006NX, 16-R1006SL, 16-R1007NE, 16-R1007NS, 16-R1007NT, 16-R1007NV, 16-R1007NX, 16-R1007SL, 16-R1008NIA, 16-R1008NS, 16-R1008NT, 16-R1008NX, 16-R1009NE, 16-R1009NIA, 16-R1009NL, 16-R1009NS, 16-R1009NT, 16-R1009NX, 16-R1010CI, 16-R1010NE, 16-R1010NF, 16-R1010NM, 16-R1010NS, 16-R1010NT, 16-R1010NX, 16-R1011CI, 16-R1011NB, 16-R1011NE, 16-R1011NIA, 16-R1011NJ, 16-R1011NS, 16-R1011NT, 16-R1011NX, 16-R1011TX, 16-R1012NE, 16-R1012NIA, 16-R1012NL, 16-R1012NS, 16-R1001NT, 16-R1013NE, 16-R1013NX, 16-R1015NT, 16-R1020NT, 16-R1022NT, 16-R1034NT, 16-R1038NT, 16-R1041NT, 16-1042NT, 16-R1044NT, 16-R1046NT, 16-R1052NT, 16-R1058NT, 16-R1064NT, 16-R1067NT, 16-R1076NT, 16-R1775NG, 16-R1776NG, 16-R1077NG, 16-R1174NG, 16 R1006NS, 16 R1020NT, 16 R1049NT, 16 R1076NT, 16 R1042NT<\/p>\n","protected":false},"excerpt":{"rendered":"<p>\u00c9cran LCD de remplacement pour ordinateurs portables HP Victus s\u00e9rie 16-S. Dot\u00e9 d&rsquo;un \u00e9cran mat Full HD 144 Hz de 16,1 pouces, d&rsquo;un connecteur 40 broches, d&rsquo;une luminosit\u00e9 de 250 nits et d&rsquo;un ruban adh\u00e9sif double face pour une installation facile. \u00c9tat neuf, id\u00e9al pour restaurer les performances de votre ordinateur portable.<\/p>\n","protected":false},"featured_media":15628,"template":"","meta":[],"product_brand":[],"product_cat":[107,95],"product_tag":[61],"class_list":{"0":"post-16399","1":"product","2":"type-product","3":"status-publish","4":"has-post-thumbnail","6":"product_cat-16-1","7":"product_cat-new-laptop-screens-lcd-panels","8":"product_tag-hp","10":"first","11":"instock","12":"taxable","13":"shipping-taxable","14":"purchasable","15":"product-type-simple"},"_links":{"self":[{"href":"https:\/\/boreait.com\/fr\/wp-json\/wp\/v2\/product\/16399","targetHints":{"allow":["GET"]}}],"collection":[{"href":"https:\/\/boreait.com\/fr\/wp-json\/wp\/v2\/product"}],"about":[{"href":"https:\/\/boreait.com\/fr\/wp-json\/wp\/v2\/types\/product"}],"wp:featuredmedia":[{"embeddable":true,"href":"https:\/\/boreait.com\/fr\/wp-json\/wp\/v2\/media\/15628"}],"wp:attachment":[{"href":"https:\/\/boreait.com\/fr\/wp-json\/wp\/v2\/media?parent=16399"}],"wp:term":[{"taxonomy":"product_brand","embeddable":true,"href":"https:\/\/boreait.com\/fr\/wp-json\/wp\/v2\/product_brand?post=16399"},{"taxonomy":"product_cat","embeddable":true,"href":"https:\/\/boreait.com\/fr\/wp-json\/wp\/v2\/product_cat?post=16399"},{"taxonomy":"product_tag","embeddable":true,"href":"https:\/\/boreait.com\/fr\/wp-json\/wp\/v2\/product_tag?post=16399"}],"curies":[{"name":"wp","href":"https:\/\/api.w.org\/{rel}","templated":true}]}}