{"id":16398,"date":"2025-09-16T16:25:52","date_gmt":"2025-09-16T14:25:52","guid":{"rendered":"https:\/\/boreait.com\/fr\/?post_type=product&#038;p=16398"},"modified":"2025-09-16T16:25:59","modified_gmt":"2025-09-16T14:25:59","slug":"ecran-lcd-pour-hp-victus-16-r1-series-161-fhd-mat-144-hz-neuf","status":"publish","type":"product","link":"https:\/\/boreait.com\/fr\/produit\/ecran-lcd-pour-hp-victus-16-r1-series-161-fhd-mat-144-hz-neuf\/","title":{"rendered":"\u00c9cran LCD pour HP Victus 16 R1 Series &#8211; 16,1&Prime;, FHD, mat, 144 Hz, neuf"},"content":{"rendered":"<p>Mod\u00e8le d&rsquo;\u00e9cran LCD\u00a0: N161hma-gak REV. C3 ou n161hca-ga1 REV. C.1 \u2013 ENTI\u00c8REMENT COMPATIBLE AVEC LES \u00c9CRANS D&rsquo;ORDINATEUR PORTABLE HP Victus 16 R1 \/ R10000 \/ R1xxxx.<\/p>\n<p>Optimisez l&rsquo;affichage de votre ordinateur portable HP Victus 16 R1 avec cet \u00e9cran LCD de remplacement haut de gamme, con\u00e7u pour les mod\u00e8les non tactiles. Que votre \u00e9cran actuel soit endommag\u00e9 ou d\u00e9fectueux, cet \u00e9cran mat Full HD (1920 x 1080) de 16,1 pouces est la solution id\u00e9ale.<\/p>\n<p>Principales caract\u00e9ristiques\u00a0:<\/p>\n<ul>\n<li><strong>Taux de rafra\u00eechissement de 144\u00a0Hz<\/strong>\u00a0: Profitez d&rsquo;images ultra-fluides, id\u00e9ales pour les jeux et les contenus multim\u00e9dias.<\/li>\n<li><strong>Luminosit\u00e9 de 250\u00a0nits<\/strong>\u00a0: Images claires et \u00e9clatantes, m\u00eame dans des environnements bien \u00e9clair\u00e9s.<\/li>\n<li><strong>Finition mate<\/strong>\u00a0: R\u00e9duit les reflets pour une exp\u00e9rience visuelle confortable.<\/li>\n<li><strong>Connecteur 40\u00a0broches<\/strong>\u00a0: Compatible avec une large gamme de mod\u00e8les HP Victus 16\u00a0R1.<\/li>\n<li><strong>Ruban adh\u00e9sif double face<\/strong>\u00a0: Inclus pour une installation facile.<\/li>\n<\/ul>\n<p>Cet \u00e9cran est compatible avec de nombreux mod\u00e8les de la gamme HP Victus. S\u00e9rie 16 R1, garantissant un ajustement parfait. Fabriqu\u00e9 selon des normes \u00e9lev\u00e9es, ce tout nouveau panneau offre des performances fiables et une mise \u00e0 niveau durable pour votre ordinateur portable.<\/p>\n<p><strong>\u00c9tat<\/strong>\u00a0: Neuf<\/p>\n<p><strong>Taille de l&rsquo;\u00e9cran<\/strong>\u00a0: 16,1&Prime;<\/p>\n<p><strong>R\u00e9solution<\/strong>\u00a0: Full HD (1920 x 1080)<\/p>\n<p><strong>Taux de rafra\u00eechissement<\/strong>\u00a0: 144\u00a0Hz<\/p>\n<p><strong>Luminosit\u00e9<\/strong>\u00a0: 250\u00a0nits<\/p>\n<p><strong>Surface<\/strong>\u00a0: Mat<\/p>\n<p><strong>Connecteur<\/strong>\u00a0: 40\u00a0broches<\/p>\n<p>Redonnez \u00e0 votre ordinateur portable un aspect neuf avec cet \u00e9cran LCD durable et performant. Compatible avec les mod\u00e8les 16-R1000CI, 16-R1000NA, 16-R1000NB et bien d&rsquo;autres.<\/p>\n<p><strong>Remarque<\/strong>\u00a0: Veuillez v\u00e9rifier la compatibilit\u00e9 avec votre mod\u00e8le avant l&rsquo;achat. Pour obtenir de l&rsquo;aide, n&rsquo;h\u00e9sitez pas \u00e0 nous contacter. <\/p>\n<p><strong>Liste de quelques ordinateurs portables compatibles\u00a0:\u00a0\u00a0<\/strong><\/p>\n<p>16-R1000CI, 16-R1000NA, 16-R1000NB, 16-R1000NJ, 16-R1000NL, 16-R1000NS, 16-R1000NT, 16-R1000NX, 16-R1000SF, 16-R1000SL, 16-R1001NB, 16-R1001NC, 16-R1001NI, 16-R1001NS, 16-R1001NT, 16-R1001NX, 16-R1001SF, 16-R1001SL, 16-R1002NB, 16-R1002NC, 16-R1002NF, 16-R1002NI, 16-R1002NJ, 16-R1002NK, 16-R1002NL, 16-R1002NM, 16-R1002NS, 16-R1002NT, 16-R1002NX, 16-R1002SA, 16-R1002SF, 16-R1002SL, 16-R1003CI, 16-R1003NI, 16-R1003NK, 16-R1003NS, 16-R1003NT, 16-R1003NX, 16-R1003SA, 16-R1003SL, 16-R1004LA, 16-R1004NA, 16-R1004NI, 16-R1004NK, 16-R1004NS, 16-R1004NT, \u200b\u200b16-R1004NX, 16-R1005NA, 16-R1005NB, 16-R1005NI, 16-R1005NK, 16-R1005NS, 16-R1005NT, 16-R1005NV, 16-R1005NX, 16-R1005SL, 16-R1006LA, 16-R1006NK, 16-R1006NP, 16-R1006NS, 16-R1006NT, 16-R1006NX, 16-R1006SL, 16-R1007NE, 16-R1007NS, 16-R1007NT, 16-R1007NV, 16-R1007NX, 16-R1007SL, 16-R1008NIA, 16-R1008NS, 16-R1008NT, 16-R1008NX, 16-R1009NE, 16-R1009NIA, 16-R1009NL, 16-R1009NS, 16-R1009NT, 16-R1009NX, 16-R1010CI, 16-R1010NE, 16-R1010NF, 16-R1010NM, 16-R1010NS, 16-R1010NT, 16-R1010NX, 16-R1011CI, 16-R1011NB, 16-R1011NE, 16-R1011NIA, 16-R1011NJ, 16-R1011NS, 16-R1011NT, 16-R1011NX, 16-R1011TX, 16-R1012NE, 16-R1012NIA, 16-R1012NL, 16-R1012NS, 16-R1001NT, 16-R1013NE, 16-R1013NX, 16-R1015NT, 16-R1020NT, 16-R1022NT, 16-R1034NT, 16-R1038NT, 16-R1041NT, 16-1042NT, 16-R1044NT, 16-R1046NT, 16-R1052NT, 16-R1058NT, 16-R1064NT, 16-R1067NT, 16-R1076NT, 16-R1775NG, 16-R1776NG, 16-R1077NG, 16-R1174NG, 16 R1006NS, 16 R1020NT, 16 R1049NT, 16 R1076NT, 16 R1042NT<\/p>\n","protected":false},"excerpt":{"rendered":"<p>Am\u00e9liorez votre ordinateur portable HP Victus 16 R1 avec un \u00e9cran LCD Full HD 16,1&Prime; de haute qualit\u00e9. Cet \u00e9cran mat offre un taux de rafra\u00eechissement de 144 Hz, une luminosit\u00e9 de 250 nits et une compatibilit\u00e9 40 broches. Id\u00e9al pour remplacer votre \u00e9cran endommag\u00e9 ou d\u00e9fectueux, ce nouvel \u00e9cran garantit des images nettes et des performances fluides. Un ruban adh\u00e9sif double face est inclus pour une installation facile.<\/p>\n","protected":false},"featured_media":15628,"template":"","meta":[],"product_brand":[],"product_cat":[107,95],"product_tag":[61],"class_list":{"0":"post-16398","1":"product","2":"type-product","3":"status-publish","4":"has-post-thumbnail","6":"product_cat-16-1","7":"product_cat-new-laptop-screens-lcd-panels","8":"product_tag-hp","10":"first","11":"instock","12":"taxable","13":"shipping-taxable","14":"purchasable","15":"product-type-simple"},"_links":{"self":[{"href":"https:\/\/boreait.com\/fr\/wp-json\/wp\/v2\/product\/16398","targetHints":{"allow":["GET"]}}],"collection":[{"href":"https:\/\/boreait.com\/fr\/wp-json\/wp\/v2\/product"}],"about":[{"href":"https:\/\/boreait.com\/fr\/wp-json\/wp\/v2\/types\/product"}],"wp:featuredmedia":[{"embeddable":true,"href":"https:\/\/boreait.com\/fr\/wp-json\/wp\/v2\/media\/15628"}],"wp:attachment":[{"href":"https:\/\/boreait.com\/fr\/wp-json\/wp\/v2\/media?parent=16398"}],"wp:term":[{"taxonomy":"product_brand","embeddable":true,"href":"https:\/\/boreait.com\/fr\/wp-json\/wp\/v2\/product_brand?post=16398"},{"taxonomy":"product_cat","embeddable":true,"href":"https:\/\/boreait.com\/fr\/wp-json\/wp\/v2\/product_cat?post=16398"},{"taxonomy":"product_tag","embeddable":true,"href":"https:\/\/boreait.com\/fr\/wp-json\/wp\/v2\/product_tag?post=16398"}],"curies":[{"name":"wp","href":"https:\/\/api.w.org\/{rel}","templated":true}]}}