{"id":16396,"date":"2025-09-16T16:25:51","date_gmt":"2025-09-16T14:25:51","guid":{"rendered":"https:\/\/boreait.com\/fr\/?post_type=product&#038;p=16396"},"modified":"2025-09-16T16:25:59","modified_gmt":"2025-09-16T14:25:59","slug":"ecran-lcd-hp-victus-16-d1-series-161-fhd-144-hz-mat-non-tactile-neuf","status":"publish","type":"product","link":"https:\/\/boreait.com\/fr\/produit\/ecran-lcd-hp-victus-16-d1-series-161-fhd-144-hz-mat-non-tactile-neuf\/","title":{"rendered":"\u00c9cran LCD HP Victus 16 D1 Series 16,1&Prime; FHD 144 Hz mat non tactile, neuf"},"content":{"rendered":"<p>Mod\u00e8le d&rsquo;\u00e9cran LCD\u00a0: N161hma-gak REV. C3 ou n161hca-ga1 REV. C.1 \u2013 ENTI\u00c8REMENT COMPATIBLE AVEC LES \u00c9CRANS D&rsquo;ORDINATEUR PORTABLE HP Victus 16 D1 \/ D10000 \/ D1xxxx.<\/p>\n<p>Redonnez vie \u00e0 votre ordinateur portable HP Victus 16 D1 gr\u00e2ce \u00e0 cet \u00e9cran LCD de remplacement de haute qualit\u00e9. Con\u00e7u pour les mod\u00e8les non tactiles de 16,1 pouces, il offre une r\u00e9solution Full HD (1920 x 1080) avec un taux de rafra\u00eechissement fluide de 144\u00a0Hz, garantissant une clart\u00e9 et une r\u00e9activit\u00e9 exceptionnelles pour les jeux, le travail et les loisirs. Sa finition mate r\u00e9duit les reflets, tandis que sa luminosit\u00e9 de 250\u00a0nits offre des images \u00e9clatantes, m\u00eame dans des environnements bien \u00e9clair\u00e9s. <\/p>\n<p>Cet \u00e9cran LCD est compatible avec une large gamme de mod\u00e8les HP Victus s\u00e9rie 16 D1, notamment\u00a0:<\/p>\n<p>16-D1000CA, 16-D1000NM, 16-D1001SL, 16-D1002NS, 16-D1004TX, 16-D1011UA et bien d&rsquo;autres. <\/p>\n<p><strong>Caract\u00e9ristiques\u00a0:<\/strong><\/p>\n<ul>\n<li><strong>Taille\u00a0:<\/strong> 16,1 pouces<\/li>\n<li><strong>R\u00e9solution\u00a0:<\/strong> Full HD (1920 x 1080)<\/li>\n<li><strong>Fr\u00e9quence de rafra\u00eechissement\u00a0:<\/strong> 144\u00a0Hz<\/li>\n<li><strong>Luminosit\u00e9\u00a0:<\/strong> 250\u00a0nits<\/li>\n<li><strong>Finition\u00a0:<\/strong> Mate (antireflet)<\/li>\n<li><strong>Connecteur\u00a0:<\/strong> 40\u00a0broches<\/li>\n<\/ul>\n<p>L&#8217;emballage comprend un ruban adh\u00e9sif double-face pour une installation facile, ce qui en fait un excellent choix pour les professionnels comme pour les bricoleurs.<\/p>\n<p><strong>\u00c9tat\u00a0:<\/strong> Neuf, garantissant des performances et une long\u00e9vit\u00e9 optimales. Compatibilit\u00e9\u00a0: Compatible avec les ordinateurs portables HP Victus 16 D1.<\/p>\n<p>Restaurez facilement l&rsquo;\u00e9cran de votre ordinateur portable et profitez \u00e0 nouveau d&rsquo;images nettes et \u00e9clatantes. <\/p>\n<p><strong>Liste de quelques ordinateurs portables compatibles\u00a0:\u00a0\u00a0<\/strong><\/p>\n<p>16-D1000CA, 16-D1000CI, 16-D1000LA, 16-D1000NM, 16-D1000NP, 16-D1000NS, 16-D1000SL, 16-D1000TX, 16-D1000UA, 16-D1000UR, 6-D1001CI, 16-D1001NM, 16-D1001NP, 16-D1001NS, 16-D1001SL, 16-D1001TX, 16-D1001UA, 16-D1001UR, 16-D1002CI, 16-D1002NM, 6-D1002NS, 16-D1002SL, 16-D1002TX, 16-D1002UA, 16-D1002UR, 16-D1003CI, 16-D1003LA, 16-D1003NB, 16-D1003NM, 16-D1003NS, 6-D1003SL, 16-D1003TX, 16-D1003UA, 16-D1003UR, 16-D1004CI, 16-D1004NB, 16-D1004NP, 16-D1004NS, 16-D1004SL, 16-D1004TX, 6-D1004UA, 16-D1004UR, 16-D1005CI, 16-D1005LA, 16-D1005NB, 16-D1005NP, 16-D1005NS, 16-D1005TX, 16-D1005UA, 16-D1005UR, 6-D1006CI, 16-D1006LA, 16-D1006NB, 16-D1006NL, 16-D1006NP, 16-D1006NS, 16-D1006TX, 16-D1006UA, 16-D1006UR, 16-D1007CI, 6-D1007LA, 16-D1007NB, 16-D1007NL, 16-D1007NS, 16-D1007TX, 16-D1007UA, 16-D1007UR, 16-D1008CA, 16-D1008CI, 16-D1008NL, 6-D1008NP, 16-D1008NS, 16-D1008TX, 16-D1008UA, 16-D1008UR, 16-D1009CI, 16-D1009LA, 16-D1009NB, 16-D1009NL, 16-D1009NS, 6-D1009TX, 16-D1009UA, 16-D1009UR, 16-D1010CA, 16-D1010CI, 16-D1010NL, 16-D1010NP, 16-D1010NS, 16-D1010TX, 16-D1010UA, 6-D1010UR, 16-D1011CI, 16-D1011NL, 16-D1011NS, 16-D1011TX, 16-D1011UA, 16-D1011UR, 16-D1012CI, 16-D1012NL, 16-d1035nt, 16-d1176tx, 16-d1213tx, 16-d1002ne, 16-d1095tx, 16-d1042nt<\/p>\n","protected":false},"excerpt":{"rendered":"<p>Am\u00e9liorez votre ordinateur portable HP Victus 16 D1 Series avec un nouvel \u00e9cran LCD 16,1&Prime;. Dot\u00e9 d&rsquo;une r\u00e9solution Full HD, d&rsquo;un taux de rafra\u00eechissement de 144 Hz, d&rsquo;une finition mate et d&rsquo;une luminosit\u00e9 de 250 nits, cet \u00e9cran offre une exp\u00e9rience visuelle exceptionnelle. Compatible avec diff\u00e9rents mod\u00e8les, il est fourni avec un ruban adh\u00e9sif pour une installation facile. Id\u00e9al pour restaurer la qualit\u00e9 d&rsquo;affichage de votre ordinateur portable.<\/p>\n","protected":false},"featured_media":15628,"template":"","meta":[],"product_brand":[],"product_cat":[107,95],"product_tag":[61],"class_list":{"0":"post-16396","1":"product","2":"type-product","3":"status-publish","4":"has-post-thumbnail","6":"product_cat-16-1","7":"product_cat-new-laptop-screens-lcd-panels","8":"product_tag-hp","10":"first","11":"instock","12":"taxable","13":"shipping-taxable","14":"purchasable","15":"product-type-simple"},"_links":{"self":[{"href":"https:\/\/boreait.com\/fr\/wp-json\/wp\/v2\/product\/16396","targetHints":{"allow":["GET"]}}],"collection":[{"href":"https:\/\/boreait.com\/fr\/wp-json\/wp\/v2\/product"}],"about":[{"href":"https:\/\/boreait.com\/fr\/wp-json\/wp\/v2\/types\/product"}],"wp:featuredmedia":[{"embeddable":true,"href":"https:\/\/boreait.com\/fr\/wp-json\/wp\/v2\/media\/15628"}],"wp:attachment":[{"href":"https:\/\/boreait.com\/fr\/wp-json\/wp\/v2\/media?parent=16396"}],"wp:term":[{"taxonomy":"product_brand","embeddable":true,"href":"https:\/\/boreait.com\/fr\/wp-json\/wp\/v2\/product_brand?post=16396"},{"taxonomy":"product_cat","embeddable":true,"href":"https:\/\/boreait.com\/fr\/wp-json\/wp\/v2\/product_cat?post=16396"},{"taxonomy":"product_tag","embeddable":true,"href":"https:\/\/boreait.com\/fr\/wp-json\/wp\/v2\/product_tag?post=16396"}],"curies":[{"name":"wp","href":"https:\/\/api.w.org\/{rel}","templated":true}]}}