{"id":16395,"date":"2025-09-16T16:25:51","date_gmt":"2025-09-16T14:25:51","guid":{"rendered":"https:\/\/boreait.com\/fr\/?post_type=product&#038;p=16395"},"modified":"2025-09-16T16:25:58","modified_gmt":"2025-09-16T14:25:58","slug":"ecran-lcd-hp-victus-15-fb-series-156-fhd-144-hz-ips-mat-40-broches-non-tactile","status":"publish","type":"product","link":"https:\/\/boreait.com\/fr\/produit\/ecran-lcd-hp-victus-15-fb-series-156-fhd-144-hz-ips-mat-40-broches-non-tactile\/","title":{"rendered":"\u00c9cran LCD HP Victus 15 FB Series, 15,6&Prime; FHD 144 Hz, IPS mat, 40 broches, non tactile"},"content":{"rendered":"<p>Mod\u00e8le d&rsquo;\u00e9cran LCD\u00a0: n156hra-ea1 REV C1 \/ N156HRA-GAA Rev.c1 \/ N156HMA-GA1 REV C2 \u2013 ENTI\u00c8REMENT COMPATIBLE AVEC LES \u00c9CRANS D&rsquo;ORDINATEUR PORTABLE HP Victus 15 FB \/ FB0000 \/ FBxxxx.<\/p>\n<p>Am\u00e9liorez votre exp\u00e9rience visuelle avec cet \u00e9cran LCD de remplacement de haute qualit\u00e9 pour ordinateurs portables HP Victus 15 FB. Con\u00e7u sp\u00e9cifiquement pour les mod\u00e8les 15-FB0000AX, 15-FB0001NI et bien d&rsquo;autres, cet \u00e9cran garantit une compatibilit\u00e9 et des performances optimales. <\/p>\n<p>Principales caract\u00e9ristiques\u00a0:<\/p>\n<ul>\n<li><strong>Taille de l&rsquo;\u00e9cran\u00a0:<\/strong> 15,6 pouces<\/li>\n<li><strong>R\u00e9solution\u00a0:<\/strong> Full HD (1920 x 1080)<\/li>\n<li><strong>Fr\u00e9quence de rafra\u00eechissement\u00a0:<\/strong> 144\u00a0Hz pour des images ultra-fluides<\/li>\n<li><strong>Type de dalle\u00a0:<\/strong> IPS pour de larges angles de vision et des couleurs \u00e9clatantes<\/li>\n<li><strong>Finition\u00a0:<\/strong> Mate, r\u00e9duisant les reflets pour une utilisation confortable<\/li>\n<li><strong>Connecteur\u00a0:<\/strong> 40\u00a0broches<\/li>\n<li><strong>\u00c9tat\u00a0:<\/strong> Neuf<\/li>\n<\/ul>\n<p>Cet \u00e9cran non tactile est livr\u00e9 sans supports sup\u00e9rieur et inf\u00e9rieur, mais avec du ruban adh\u00e9sif double face pour une installation facile. C&rsquo;est le remplacement id\u00e9al pour les \u00e9crans endommag\u00e9s ou d\u00e9fectueux, restaurant ainsi les fonctionnalit\u00e9s optimales de votre ordinateur portable.<\/p>\n<p>Compatible avec de nombreux mod\u00e8les HP Victus s\u00e9rie 15 FB (par exemple, 15-FB0000AX, 15-FB0001NE, etc.). Effectuez une mise \u00e0 niveau d\u00e8s aujourd&rsquo;hui pour une qualit\u00e9 d&rsquo;affichage sup\u00e9rieure\u00a0! <\/p>\n<p><strong>Voici quelques ordinateurs portables compatibles\u00a0:\u00a0<\/strong><\/p>\n<p>15-FB0000AX, 15-FB0000CA, 15-FB0000CI, 15-FB0000NE, 15-FB0000NI, 15-FB0000NK, 15-FB0000NM, 15-FB0000NP, 15-B0000NQ, 15-FB0000NS, 15-FB0000NT, 15-FB0000NX, 15-FB0000SA, 15-FB0000SF, 15-FB0000SL, 15-FB0000UA, 15-FB0000UR, 15-FB0001AX, 15-FB0001CI, 15-FB0001NB, 15-FB0001NE, 15-FB0001NI, 15-FB0001NK, 15-FB0001NL, 15-FB0001NM, 15-B0001NP, 15-FB0001NQ, 15-FB0001NS, 15-FB0001NT, 15-FB0001NX, 15-FB0001SA, 15-FB0001SL, 15-FB0001UA, 15-FB0001UR, 15-FB0002AX, 15-FB0002CI, 15-FB0002NA, 15-FB0002NE, 15-FB0002NK, 15-FB0002NL, 15-FB0002NM, 15-FB0002NQ, 15-B0002NS, 15-FB0002NT, 15-FB0002NU, 15-FB0002NV, 15-FB0002SA, 15-FB0002SF, 15-FB0002SL, 15-FB0002UA, 15-FB0003CA, 15-FB0003CI, 15-FB0003NA, 15-FB0003NE, 15-FB0003NIA, 15-FB0003NK, 15-FB0003NL, 15-FB0003NM, 15-FB0003NP, 15-B0003NQ, 15-FB0003NR, 15-FB0003NS, 15-FB0003NT, 15-FB0003NV, 15-FB0003SF, 15-FB0003SL, 15-FB0003UA, 15-FB0004AX, 15-FB0004CI, 15-FB0004NE, 15-FB0004NI, 15-FB0004NK, 15-FB0004NM, 15-FB0004NP, 15-FB0004NQ, 15-FB0004NS, 15-B0004NT, \u200b\u200b15-FB0004SL, 15-FB0004UA, 15-FB0005AX, 15-FB0005CI, 15-FB0005NA, 15-FB0005NE, 15-FB0005NK, 15-FB0005NL, 15-FB0005NM, 15-FB0005NP, 15-FB0005NQ, 15-FB0005NS, 15-FB0005NT, 15-FB0005SL, 15-FB0005UA, 15-FB0006AX, 15-B0006CI, 15-FB0006NB, 15-FB0006NE, 15-FB0006NI, 15-FB0006NK, 15-FB0006NL, 15-fb2024nm, 15-fb2021nm, 15-fb1008nm, 15-fb0042nm, 15-fb2082wm, 15-fb2900ng<\/p>\n","protected":false},"excerpt":{"rendered":"<p>Am\u00e9liorez votre ordinateur portable HP Victus 15 FB avec cet \u00e9cran LCD IPS FHD haut de gamme de 15,6 pouces. Dot\u00e9 d&rsquo;un taux de rafra\u00eechissement de 144 Hz, d&rsquo;une finition mate et d&rsquo;un connecteur 40 broches, cet \u00e9cran de remplacement non tactile garantit des images d&rsquo;une nettet\u00e9 exceptionnelle et des performances fluides. Installation facile gr\u00e2ce au ruban adh\u00e9sif double face inclus.<\/p>\n","protected":false},"featured_media":15657,"template":"","meta":[],"product_brand":[],"product_cat":[105,95],"product_tag":[61],"class_list":{"0":"post-16395","1":"product","2":"type-product","3":"status-publish","4":"has-post-thumbnail","6":"product_cat-15-6-new-laptop-screens-lcd-panels","7":"product_cat-new-laptop-screens-lcd-panels","8":"product_tag-hp","10":"first","11":"instock","12":"taxable","13":"shipping-taxable","14":"purchasable","15":"product-type-simple"},"_links":{"self":[{"href":"https:\/\/boreait.com\/fr\/wp-json\/wp\/v2\/product\/16395","targetHints":{"allow":["GET"]}}],"collection":[{"href":"https:\/\/boreait.com\/fr\/wp-json\/wp\/v2\/product"}],"about":[{"href":"https:\/\/boreait.com\/fr\/wp-json\/wp\/v2\/types\/product"}],"wp:featuredmedia":[{"embeddable":true,"href":"https:\/\/boreait.com\/fr\/wp-json\/wp\/v2\/media\/15657"}],"wp:attachment":[{"href":"https:\/\/boreait.com\/fr\/wp-json\/wp\/v2\/media?parent=16395"}],"wp:term":[{"taxonomy":"product_brand","embeddable":true,"href":"https:\/\/boreait.com\/fr\/wp-json\/wp\/v2\/product_brand?post=16395"},{"taxonomy":"product_cat","embeddable":true,"href":"https:\/\/boreait.com\/fr\/wp-json\/wp\/v2\/product_cat?post=16395"},{"taxonomy":"product_tag","embeddable":true,"href":"https:\/\/boreait.com\/fr\/wp-json\/wp\/v2\/product_tag?post=16395"}],"curies":[{"name":"wp","href":"https:\/\/api.w.org\/{rel}","templated":true}]}}