{"id":16393,"date":"2025-09-16T16:25:51","date_gmt":"2025-09-16T14:25:51","guid":{"rendered":"https:\/\/boreait.com\/fr\/?post_type=product&#038;p=16393"},"modified":"2025-10-15T14:12:33","modified_gmt":"2025-10-15T12:12:33","slug":"ecran-lcd-156-pour-hp-probook-450-g6-g7-mat-ips-fhd-30-broches-neuf","status":"publish","type":"product","link":"https:\/\/boreait.com\/fr\/produit\/ecran-lcd-156-pour-hp-probook-450-g6-g7-mat-ips-fhd-30-broches-neuf\/","title":{"rendered":"\u00c9cran LCD 15,6&Prime; pour HP ProBook 450 G6\/G7, mat, IPS FHD, 30 broches (neuf)"},"content":{"rendered":"<p><strong>Mod\u00e8le d&rsquo;\u00e9cran LCD actuel\u00a0: B156ZAN03.6 ou N156HCA-EAB Rev C.4 &#8211; Enti\u00e8rement compatible avec les ordinateurs portables HP ProBook 450 G6 et 450 G7<\/strong><\/p>\n<p>Cet \u00e9cran LCD flambant neuf est le remplacement id\u00e9al pour votre ordinateur portable HP ProBook 450 G6 ou 450 G7. Dot\u00e9 d&rsquo;une \u00e9l\u00e9gante finition mate, cet \u00e9cran 15,6&Prime; minimise les reflets, offrant une visualisation claire et confortable dans toutes les conditions d&rsquo;\u00e9clairage. La r\u00e9solution Full HD (1920 x 1080), associ\u00e9e \u00e0 la technologie IPS, garantit des couleurs vives et de larges angles de vision, ce qui le rend id\u00e9al pour un usage professionnel comme personnel.<\/p>\n<p><strong>Caract\u00e9ristiques principales\u00a0:<\/strong><\/p>\n<ul>\n<li><strong>Compatibilit\u00e9\u00a0:<\/strong> Con\u00e7u pour les HP ProBook 450 G6 et 450 G7 (mod\u00e8les non tactiles).<\/li>\n<li><strong>Type d&rsquo;\u00e9cran\u00a0:<\/strong> Finition mate, dalle IPS Full HD (1920 x 1080).<\/li>\n<li><strong>Connecteur\u00a0:<\/strong> eDP 30 broches, pour une connectivit\u00e9 fluide.<\/li>\n<li><strong>Bandes adh\u00e9sives incluses\u00a0:<\/strong> Des bandes adh\u00e9sives double face sont fournies pour une installation facile et s\u00e9curis\u00e9e.<\/li>\n<li><strong>\u00c9tat\u00a0:<\/strong> 100\u00a0% neuf, pr\u00eat \u00e0 remplacer votre \u00e9cran actuel.<\/li>\n<\/ul>\n<p>Que vous ayez besoin de remplacer un \u00e9cran endommag\u00e9 ou que vous souhaitiez moderniser votre ordinateur portable, ce produit offre des performances de haute qualit\u00e9 et une installation facile. Redonnez vie \u00e0 votre ordinateur portable gr\u00e2ce \u00e0 cette solution d&rsquo;affichage fiable et durable.<\/p>\n","protected":false},"excerpt":{"rendered":"<div class=\"flex max-w-full flex-col flex-grow\">\n<div class=\"min-h-8 text-message flex w-full flex-col items-end gap-2 whitespace-normal break-words [.text-message+&amp;]:mt-5\" dir=\"auto\" data-message-author-role=\"assistant\" data-message-id=\"643e7024-2c48-4fd0-8ce1-7db539127bf6\" data-client-thread-id=\"WEB:0938c45f-8fb2-4fcd-987c-cdd10acde468\" data-message-model-slug=\"gpt-4o\">\n<div class=\"flex w-full flex-col gap-1 empty:hidden first:pt-[3px]\">\n<div class=\"markdown prose w-full break-words dark:prose-invert light\">\n<p>Am\u00e9liorez votre HP ProBook 450 G6 ou 450 G7 avec cet \u00e9cran LCD mat de 15,6 pouces. Dot\u00e9 de la technologie IPS, d&rsquo;une r\u00e9solution Full HD et d&rsquo;un connecteur eDP 30 broches, cet \u00e9cran non tactile offre des images \u00e9clatantes. Des bandes adh\u00e9sives double-face sont incluses pour une installation facile. \u00c9tat\u00a0: Neuf.<\/p>\n<\/div>\n<\/div>\n<\/div>\n<\/div>\n","protected":false},"featured_media":15205,"template":"","meta":[],"product_brand":[],"product_cat":[105,95],"product_tag":[61],"class_list":{"0":"post-16393","1":"product","2":"type-product","3":"status-publish","4":"has-post-thumbnail","6":"product_cat-15-6-new-laptop-screens-lcd-panels","7":"product_cat-new-laptop-screens-lcd-panels","8":"product_tag-hp","10":"first","11":"instock","12":"taxable","13":"shipping-taxable","14":"purchasable","15":"product-type-simple"},"_links":{"self":[{"href":"https:\/\/boreait.com\/fr\/wp-json\/wp\/v2\/product\/16393","targetHints":{"allow":["GET"]}}],"collection":[{"href":"https:\/\/boreait.com\/fr\/wp-json\/wp\/v2\/product"}],"about":[{"href":"https:\/\/boreait.com\/fr\/wp-json\/wp\/v2\/types\/product"}],"wp:featuredmedia":[{"embeddable":true,"href":"https:\/\/boreait.com\/fr\/wp-json\/wp\/v2\/media\/15205"}],"wp:attachment":[{"href":"https:\/\/boreait.com\/fr\/wp-json\/wp\/v2\/media?parent=16393"}],"wp:term":[{"taxonomy":"product_brand","embeddable":true,"href":"https:\/\/boreait.com\/fr\/wp-json\/wp\/v2\/product_brand?post=16393"},{"taxonomy":"product_cat","embeddable":true,"href":"https:\/\/boreait.com\/fr\/wp-json\/wp\/v2\/product_cat?post=16393"},{"taxonomy":"product_tag","embeddable":true,"href":"https:\/\/boreait.com\/fr\/wp-json\/wp\/v2\/product_tag?post=16393"}],"curies":[{"name":"wp","href":"https:\/\/api.w.org\/{rel}","templated":true}]}}