{"id":16390,"date":"2025-09-16T16:25:51","date_gmt":"2025-09-16T14:25:51","guid":{"rendered":"https:\/\/boreait.com\/fr\/?post_type=product&#038;p=16390"},"modified":"2025-09-16T16:25:57","modified_gmt":"2025-09-16T14:25:57","slug":"ecran-lcd-pour-hp-omen-16-wd-161-fhd-144-hz-mat-40-broches-neuf","status":"publish","type":"product","link":"https:\/\/boreait.com\/fr\/produit\/ecran-lcd-pour-hp-omen-16-wd-161-fhd-144-hz-mat-40-broches-neuf\/","title":{"rendered":"\u00c9cran LCD pour HP OMEN 16-WD, 16,1&Prime;, FHD 144 Hz, mat, 40 broches, neuf"},"content":{"rendered":"<p>Mod\u00e8le d&rsquo;\u00e9cran LCD\u00a0: N161hma-gak REV. C3 ou n161hca-ga1 REV. C.1 \u2013 ENTI\u00c8REMENT COMPATIBLE AVEC LES \u00c9CRANS D&rsquo;ORDINATEUR PORTABLE HP OMEN 16 WD \/ WD00000\/WDxxxx.<\/p>\n<p>Optimisez la performance de votre ordinateur portable HP OMEN 16-WD avec cet \u00e9cran LCD de remplacement haut de gamme. Con\u00e7u pour les mod\u00e8les 16-WD0000CA, 16-WD0000NA et autres, cet \u00e9cran de 16,1 pouces offre une r\u00e9solution Full HD, un taux de rafra\u00eechissement de 144\u00a0Hz et une luminosit\u00e9 de 250\u00a0nits pour des images nettes et \u00e9clatantes.<\/p>\n<p>Sa finition mate minimise les reflets, offrant une exp\u00e9rience visuelle optimale pour les jeux, le travail ou le streaming. L&rsquo;\u00e9cran est \u00e9quip\u00e9 d&rsquo;un connecteur \u00e0 40\u00a0broches et est fourni avec un ruban adh\u00e9sif double-face pour une installation rapide et facile. <\/p>\n<p>Principales caract\u00e9ristiques\u00a0:<\/p>\n<ul>\n<li><strong>Compatibilit\u00e9\u00a0: HP OMEN s\u00e9rie 16-WD (16-WD0000, 16-WD0001, 16-WD0003, etc.)<\/li>\n<li><strong>Taille de l&rsquo;\u00e9cran\u00a0: 16,1 pouces<\/li>\n<li><strong>R\u00e9solution\u00a0: Full HD (1920 x 1080)<\/li>\n<li><strong>Fr\u00e9quence de rafra\u00eechissement\u00a0: 144\u00a0Hz<\/li>\n<li><strong>Luminosit\u00e9\u00a0: 250\u00a0nits<\/li>\n<li><strong>Finition\u00a0: Mat (antireflet)<\/li>\n<li><strong>Connecteur\u00a0: 40\u00a0broches<\/li>\n<li><strong>\u00c9tat\u00a0: Marque Nouveau<\/li>\n<\/ul>\n<p>Remarque\u00a0: Cet \u00e9cran de remplacement n&rsquo;est pas tactile et ne comprend pas les supports sup\u00e9rieur et inf\u00e9rieur. Con\u00e7u pour ceux qui recherchent une qualit\u00e9 et des performances exceptionnelles, cet \u00e9cran est id\u00e9al pour remettre votre ordinateur portable en parfait \u00e9tat.<\/p>\n<p>Que vous soyez joueur, \u00e9tudiant ou professionnel, cet \u00e9cran de remplacement garantit des performances optimales et une qualit\u00e9 d&rsquo;affichage exceptionnelle. <\/p>\n<p><strong>Liste de quelques ordinateurs portables compatibles\u00a0:\u00a0\u00a0<\/strong><\/p>\n<p>16-WD0000CA, 16-WD0000NA, 16-WD0000NE, 16-WD0000NIA, 16-WD0000NJ, 16-WD0000NK, 16-WD0000NM, 16-WD0000NQ, 16-WD0000NS, 16-WD0000NT, 16-WD0000NU, 16-WD0000NV, 16-WD0000NX, 16-WD0000SA, 16-WD0000SL, 16-WD0000TX, 16-WD0000UA, 16-WD0001CI, 16-WD0001NB, 16-WD0001NI, 16-WD0001NK, 16-WD0001NL, 16-WD0001NN, 16-WD0001NS, 16-WD0001NT, 16-WD0001NV, 16-WD0001NX, 16-WD0001SL, 16-WD0001TX, 16-WD0001UA, 16-WD0002CI, 16-WD0002LA, 16-WD0002NIA, 16-WD0002NK, 16-WD0002NN, 16-WD0002NP, 16-WD0002NS, 16-WD0002NT, 16-WD0002SL, 16-WD0002TX, 16-WD0002UA, 16-WD0003CI, 16-WD0003LA, 16-WD0003NIA, 16-WD0003NK, 16-WD0003NS, 16-WD0003NT, 16-WD0003NV, 16-WD0003SL, 16-WD0003TX, 16-WD0004CI, 16-WD0004NB, 16-WD0004NIA, 16-WD0004NJ, 16-WD0004NL, 16-WD0004NS, 16-WD0004NT, \u200b\u200b16-WD0004TX, 16-WD0004UA, 16-WD0005CI, 16-WD0005NE, 16-WD0005NIA, 16-WD0005NJ, 16-WD0005NL, 16-WD0005NN, 16-WD0005NO, 16-WD0005NS, 16-WD0005NT, 16-WD0005NV, 16-WD0005UA, 16-WD0006CI, 16-WD0006NE, 16-WD0006NL, 16-WD0006NS, 16-WD0006NT, 16-WD0007CI, 16-WD0007NE, 16-WD0007NIA, 16-WD0007NL, 16-WD0007NS, 16-WD0007NT, 16-WD0008CA, 16-WD0008CI, 16-WD0008NB, 16-WD0008NP, 16-WD0008NS, 16-WD0008NT, 16-WD0009CI, 16-WD0009NB, 16-WD0009NIA, 16-WD0009NS, 16-WD0009NT, 16-WD0010CA, 16-WD0010CI, 16-WD0010NB, 16-WD0010NIA, 16-WD0010NS, 16-WD0011CI, 16-WD0011NO, 16-wd0063dx, 16-wd0770tx, 16-wd0990tx, 16-wd0012tx, 16-wd0880tx<\/p>\n","protected":false},"excerpt":{"rendered":"<p>Am\u00e9liorez votre ordinateur portable HP OMEN 16-WD avec cet \u00e9cran LCD FHD 16,1&Prime;. Dot\u00e9 d&rsquo;un taux de rafra\u00eechissement de 144 Hz, d&rsquo;une finition mate et d&rsquo;une luminosit\u00e9 de 250 nits, il offre des graphismes \u00e9poustouflants pour les jeux ou un usage professionnel. Ruban adh\u00e9sif double face inclus pour une installation facile.<\/p>\n","protected":false},"featured_media":15628,"template":"","meta":[],"product_brand":[],"product_cat":[107,95],"product_tag":[61],"class_list":{"0":"post-16390","1":"product","2":"type-product","3":"status-publish","4":"has-post-thumbnail","6":"product_cat-16-1","7":"product_cat-new-laptop-screens-lcd-panels","8":"product_tag-hp","10":"first","11":"instock","12":"taxable","13":"shipping-taxable","14":"purchasable","15":"product-type-simple"},"_links":{"self":[{"href":"https:\/\/boreait.com\/fr\/wp-json\/wp\/v2\/product\/16390","targetHints":{"allow":["GET"]}}],"collection":[{"href":"https:\/\/boreait.com\/fr\/wp-json\/wp\/v2\/product"}],"about":[{"href":"https:\/\/boreait.com\/fr\/wp-json\/wp\/v2\/types\/product"}],"wp:featuredmedia":[{"embeddable":true,"href":"https:\/\/boreait.com\/fr\/wp-json\/wp\/v2\/media\/15628"}],"wp:attachment":[{"href":"https:\/\/boreait.com\/fr\/wp-json\/wp\/v2\/media?parent=16390"}],"wp:term":[{"taxonomy":"product_brand","embeddable":true,"href":"https:\/\/boreait.com\/fr\/wp-json\/wp\/v2\/product_brand?post=16390"},{"taxonomy":"product_cat","embeddable":true,"href":"https:\/\/boreait.com\/fr\/wp-json\/wp\/v2\/product_cat?post=16390"},{"taxonomy":"product_tag","embeddable":true,"href":"https:\/\/boreait.com\/fr\/wp-json\/wp\/v2\/product_tag?post=16390"}],"curies":[{"name":"wp","href":"https:\/\/api.w.org\/{rel}","templated":true}]}}