{"id":16389,"date":"2025-09-16T16:25:50","date_gmt":"2025-09-16T14:25:50","guid":{"rendered":"https:\/\/boreait.com\/fr\/?post_type=product&#038;p=16389"},"modified":"2025-09-16T16:25:56","modified_gmt":"2025-09-16T14:25:56","slug":"ecran-lcd-14-pouces-hp-14-ca-series-fhd-1920-x-1080-ips-mat-non-tactile-30-broches","status":"publish","type":"product","link":"https:\/\/boreait.com\/fr\/produit\/ecran-lcd-14-pouces-hp-14-ca-series-fhd-1920-x-1080-ips-mat-non-tactile-30-broches\/","title":{"rendered":"\u00c9cran LCD 14 pouces HP 14-ca Series FHD 1920 x 1080 IPS mat non tactile 30 broches"},"content":{"rendered":"<p>Mod\u00e8le d&rsquo;\u00e9cran LCD\u00a0: N140HCA-ELK REV C.2 \u2013 ENTI\u00c8REMENT COMPATIBLE AVEC L&rsquo;\u00c9CRAN D&rsquo;ORDINATEUR PORTABLE HP s\u00e9rie 14-ca<\/p>\n<p>Am\u00e9liorez votre ordinateur portable HP s\u00e9rie 14-ca avec ce tout nouvel \u00e9cran LCD 14 pouces de haute qualit\u00e9. Cette version non tactile offre une r\u00e9solution Full HD de 1920 x 1080, offrant des images nettes et \u00e9clatantes gr\u00e2ce \u00e0 une dalle IPS pour une pr\u00e9cision des couleurs sup\u00e9rieure et de larges angles de vision. Livr\u00e9 sans supports sup\u00e9rieur et inf\u00e9rieur, il est id\u00e9al pour un remplacement ou une r\u00e9paration. Sa finition mate r\u00e9duit les reflets, garantissant une visibilit\u00e9 optimale m\u00eame en cas de forte luminosit\u00e9. Un connecteur 30 broches assure la compatibilit\u00e9 avec votre ordinateur portable, et un ruban adh\u00e9sif double-face est inclus pour une installation facile. Cet \u00e9cran est id\u00e9al pour restaurer l&rsquo;\u00e9cran de votre ordinateur portable \u00e0 son \u00e9tat d&rsquo;origine, offrant un aspect impeccable et professionnel.<\/p>\n","protected":false},"excerpt":{"rendered":"<p>\u00c9cran LCD 14&Prime; neuf pour HP s\u00e9rie 14-ca. R\u00e9solution 1920 x 1080, IPS, finition mate. Connecteur 30 broches et ruban adh\u00e9sif inclus. Version non tactile.<\/p>\n","protected":false},"featured_media":15565,"template":"","meta":[],"product_brand":[],"product_cat":[98,95],"product_tag":[],"class_list":{"0":"post-16389","1":"product","2":"type-product","3":"status-publish","4":"has-post-thumbnail","6":"product_cat-14-new-laptop-screens-lcd-panels","7":"product_cat-new-laptop-screens-lcd-panels","9":"first","10":"instock","11":"taxable","12":"shipping-taxable","13":"purchasable","14":"product-type-simple"},"_links":{"self":[{"href":"https:\/\/boreait.com\/fr\/wp-json\/wp\/v2\/product\/16389","targetHints":{"allow":["GET"]}}],"collection":[{"href":"https:\/\/boreait.com\/fr\/wp-json\/wp\/v2\/product"}],"about":[{"href":"https:\/\/boreait.com\/fr\/wp-json\/wp\/v2\/types\/product"}],"wp:featuredmedia":[{"embeddable":true,"href":"https:\/\/boreait.com\/fr\/wp-json\/wp\/v2\/media\/15565"}],"wp:attachment":[{"href":"https:\/\/boreait.com\/fr\/wp-json\/wp\/v2\/media?parent=16389"}],"wp:term":[{"taxonomy":"product_brand","embeddable":true,"href":"https:\/\/boreait.com\/fr\/wp-json\/wp\/v2\/product_brand?post=16389"},{"taxonomy":"product_cat","embeddable":true,"href":"https:\/\/boreait.com\/fr\/wp-json\/wp\/v2\/product_cat?post=16389"},{"taxonomy":"product_tag","embeddable":true,"href":"https:\/\/boreait.com\/fr\/wp-json\/wp\/v2\/product_tag?post=16389"}],"curies":[{"name":"wp","href":"https:\/\/api.w.org\/{rel}","templated":true}]}}