{"id":16386,"date":"2025-09-16T16:25:50","date_gmt":"2025-09-16T14:25:50","guid":{"rendered":"https:\/\/boreait.com\/fr\/?post_type=product&#038;p=16386"},"modified":"2025-09-16T16:25:55","modified_gmt":"2025-09-16T14:25:55","slug":"ecran-lcd-hp-14-ep-14-fhd-1920-x-1080-ips-mat-30-broches-non-tactile-neuf-adhesif","status":"publish","type":"product","link":"https:\/\/boreait.com\/fr\/produit\/ecran-lcd-hp-14-ep-14-fhd-1920-x-1080-ips-mat-30-broches-non-tactile-neuf-adhesif\/","title":{"rendered":"\u00c9cran LCD HP 14-ep 14&Prime; FHD 1920 x 1080 IPS mat 30 broches non tactile, neuf, adh\u00e9sif"},"content":{"rendered":"<p>Mod\u00e8le d&rsquo;\u00e9cran LCD\u00a0: N140HCA-ELK REV C.2 \u2013 ENTI\u00c8REMENT COMPATIBLE AVEC L&rsquo;\u00c9CRAN D&rsquo;ORDINATEUR PORTABLE HP s\u00e9rie 14-ep<\/p>\n<p>Am\u00e9liorez votre ordinateur portable HP s\u00e9rie 14-ep avec cet \u00e9cran LCD de remplacement 14 pouces neuf et de haute qualit\u00e9. Dot\u00e9 d&rsquo;une r\u00e9solution Full HD (1920 x 1080) et de la technologie IPS, cet \u00e9cran garantit des images nettes, claires et \u00e9clatantes avec de larges angles de vision. Sa finition mate r\u00e9duit les reflets, ce qui le rend id\u00e9al dans diverses conditions d&rsquo;\u00e9clairage. Cet \u00e9cran est con\u00e7u pour la version non tactile de la s\u00e9rie HP 14-ep et est livr\u00e9 sans supports sup\u00e9rieur et inf\u00e9rieur. Il est fourni avec une connexion 30 broches et un ruban adh\u00e9sif double face pour une installation facile. La solution id\u00e9ale pour remplacer un \u00e9cran endommag\u00e9 ou d\u00e9fectueux par un \u00e9cran neuf. \u00c9tat\u00a0: neuf.<\/p>\n","protected":false},"excerpt":{"rendered":"<p>Remplacez votre \u00e9cran HP s\u00e9rie 14-ep par cet \u00e9cran LCD IPS FHD 14&Prime;, finition mate, 30 broches, non tactile, \u00e9tat neuf. Ruban adh\u00e9sif inclus pour une installation facile.<\/p>\n","protected":false},"featured_media":15565,"template":"","meta":[],"product_brand":[],"product_cat":[98,95],"product_tag":[],"class_list":{"0":"post-16386","1":"product","2":"type-product","3":"status-publish","4":"has-post-thumbnail","6":"product_cat-14-new-laptop-screens-lcd-panels","7":"product_cat-new-laptop-screens-lcd-panels","9":"first","10":"instock","11":"taxable","12":"shipping-taxable","13":"purchasable","14":"product-type-simple"},"_links":{"self":[{"href":"https:\/\/boreait.com\/fr\/wp-json\/wp\/v2\/product\/16386","targetHints":{"allow":["GET"]}}],"collection":[{"href":"https:\/\/boreait.com\/fr\/wp-json\/wp\/v2\/product"}],"about":[{"href":"https:\/\/boreait.com\/fr\/wp-json\/wp\/v2\/types\/product"}],"wp:featuredmedia":[{"embeddable":true,"href":"https:\/\/boreait.com\/fr\/wp-json\/wp\/v2\/media\/15565"}],"wp:attachment":[{"href":"https:\/\/boreait.com\/fr\/wp-json\/wp\/v2\/media?parent=16386"}],"wp:term":[{"taxonomy":"product_brand","embeddable":true,"href":"https:\/\/boreait.com\/fr\/wp-json\/wp\/v2\/product_brand?post=16386"},{"taxonomy":"product_cat","embeddable":true,"href":"https:\/\/boreait.com\/fr\/wp-json\/wp\/v2\/product_cat?post=16386"},{"taxonomy":"product_tag","embeddable":true,"href":"https:\/\/boreait.com\/fr\/wp-json\/wp\/v2\/product_tag?post=16386"}],"curies":[{"name":"wp","href":"https:\/\/api.w.org\/{rel}","templated":true}]}}