{"id":16385,"date":"2025-09-16T16:25:49","date_gmt":"2025-09-16T14:25:49","guid":{"rendered":"https:\/\/boreait.com\/fr\/?post_type=product&#038;p=16385"},"modified":"2025-09-16T16:25:55","modified_gmt":"2025-09-16T14:25:55","slug":"ecran-lcd-fhd-14-pour-hp-serie-14-em-30-broches-ips-mat-sans-supports-neuf","status":"publish","type":"product","link":"https:\/\/boreait.com\/fr\/produit\/ecran-lcd-fhd-14-pour-hp-serie-14-em-30-broches-ips-mat-sans-supports-neuf\/","title":{"rendered":"\u00c9cran LCD FHD 14&Prime; pour HP s\u00e9rie 14-em, 30 broches, IPS, mat, sans supports, neuf"},"content":{"rendered":"<p>Mod\u00e8le d&rsquo;\u00e9cran LCD\u00a0: N140HCA-ELK REV C.2 \u2013 ENTI\u00c8REMENT COMPATIBLE AVEC L&rsquo;\u00c9CRAN D&rsquo;ORDINATEUR PORTABLE HP s\u00e9rie 14-em<\/p>\n<p>Am\u00e9liorez l&rsquo;\u00e9cran de votre ordinateur portable avec ce tout nouvel \u00e9cran LCD 14 pouces de haute qualit\u00e9, con\u00e7u pour la s\u00e9rie HP 14-em (version non tactile). Avec une r\u00e9solution de 1920 x 1080 (FHD) et la technologie IPS, cet \u00e9cran mat offre des images d&rsquo;une nettet\u00e9 exceptionnelle et de larges angles de vision, parfaits pour le travail comme pour les loisirs. La connexion \u00e0 30 broches garantit la compatibilit\u00e9, et le ruban adh\u00e9sif double-face inclus permet une installation simple et s\u00e9curis\u00e9e. L&rsquo;\u00e9cran est livr\u00e9 sans supports sup\u00e9rieur et inf\u00e9rieur, ce qui vous offre une grande flexibilit\u00e9 pour votre projet de r\u00e9paration ou de remplacement. Id\u00e9al pour ceux qui souhaitent restaurer les fonctionnalit\u00e9s d&rsquo;origine de leur ordinateur portable HP, ce nouvel \u00e9cran LCD offre des performances sup\u00e9rieures \u00e0 un prix abordable.<\/p>\n","protected":false},"excerpt":{"rendered":"<p>\u00c9cran LCD 14&Prime; neuf pour HP s\u00e9rie 14-em (non tactile), FHD 1920 x 1080, IPS, mat, avec connecteur 30 broches et ruban adh\u00e9sif double face inclus. Sans supports sup\u00e9rieur\/inf\u00e9rieur.<\/p>\n","protected":false},"featured_media":15565,"template":"","meta":[],"product_brand":[],"product_cat":[98,95],"product_tag":[],"class_list":{"0":"post-16385","1":"product","2":"type-product","3":"status-publish","4":"has-post-thumbnail","6":"product_cat-14-new-laptop-screens-lcd-panels","7":"product_cat-new-laptop-screens-lcd-panels","9":"first","10":"instock","11":"taxable","12":"shipping-taxable","13":"purchasable","14":"product-type-simple"},"_links":{"self":[{"href":"https:\/\/boreait.com\/fr\/wp-json\/wp\/v2\/product\/16385","targetHints":{"allow":["GET"]}}],"collection":[{"href":"https:\/\/boreait.com\/fr\/wp-json\/wp\/v2\/product"}],"about":[{"href":"https:\/\/boreait.com\/fr\/wp-json\/wp\/v2\/types\/product"}],"wp:featuredmedia":[{"embeddable":true,"href":"https:\/\/boreait.com\/fr\/wp-json\/wp\/v2\/media\/15565"}],"wp:attachment":[{"href":"https:\/\/boreait.com\/fr\/wp-json\/wp\/v2\/media?parent=16385"}],"wp:term":[{"taxonomy":"product_brand","embeddable":true,"href":"https:\/\/boreait.com\/fr\/wp-json\/wp\/v2\/product_brand?post=16385"},{"taxonomy":"product_cat","embeddable":true,"href":"https:\/\/boreait.com\/fr\/wp-json\/wp\/v2\/product_cat?post=16385"},{"taxonomy":"product_tag","embeddable":true,"href":"https:\/\/boreait.com\/fr\/wp-json\/wp\/v2\/product_tag?post=16385"}],"curies":[{"name":"wp","href":"https:\/\/api.w.org\/{rel}","templated":true}]}}