{"id":16384,"date":"2025-09-16T16:25:49","date_gmt":"2025-09-16T14:25:49","guid":{"rendered":"https:\/\/boreait.com\/fr\/?post_type=product&#038;p=16384"},"modified":"2025-09-16T16:25:54","modified_gmt":"2025-09-16T14:25:54","slug":"ecran-lcd-ips-fhd-14-pour-hp-14-ee-30-broches-mat-non-tactile-neuf-ruban-adhesif","status":"publish","type":"product","link":"https:\/\/boreait.com\/fr\/produit\/ecran-lcd-ips-fhd-14-pour-hp-14-ee-30-broches-mat-non-tactile-neuf-ruban-adhesif\/","title":{"rendered":"\u00c9cran LCD IPS FHD 14&Prime; pour HP 14-ee, 30 broches, mat, non tactile &#8211; Neuf, ruban adh\u00e9sif"},"content":{"rendered":"<p>Mod\u00e8le d&rsquo;\u00e9cran LCD\u00a0: N140HCA-ELK REV C.2 \u2013 ENTI\u00c8REMENT COMPATIBLE AVEC L&rsquo;\u00c9CRAN D&rsquo;ORDINATEUR PORTABLE HP s\u00e9rie 14-ee<\/p>\n<p>Am\u00e9liorez votre ordinateur portable HP s\u00e9rie 14-ee avec cet \u00e9cran LCD de remplacement non tactile de haute qualit\u00e9. Con\u00e7u pour un ajustement parfait, cet \u00e9cran 14 pouces est dot\u00e9 d&rsquo;une connexion 30 broches et offre une r\u00e9solution FHD nette (1920 x 1080) sur un \u00e9cran IPS mat. Avec des couleurs \u00e9clatantes et des angles de vision larges, profitez d&rsquo;une exp\u00e9rience visuelle sup\u00e9rieure pour travailler ou vous divertir. Cet \u00e9cran est livr\u00e9 sans supports sup\u00e9rieur et inf\u00e9rieur et est fourni avec un ruban adh\u00e9sif double-face pour une installation facile. Que vous remplaciez un \u00e9cran endommag\u00e9 ou que vous le mettiez \u00e0 niveau, ce tout nouveau panneau LCD de qualit\u00e9 sup\u00e9rieure est un choix fiable pour votre ordinateur portable HP.<\/p>\n","protected":false},"excerpt":{"rendered":"<p>Remplacez l&rsquo;\u00e9cran de votre ordinateur portable HP s\u00e9rie 14-ee par cet \u00e9cran LCD mat IPS FHD 14 pouces, 30 broches, non tactile. Ruban adh\u00e9sif inclus.<\/p>\n","protected":false},"featured_media":15565,"template":"","meta":[],"product_brand":[],"product_cat":[98,95],"product_tag":[],"class_list":{"0":"post-16384","1":"product","2":"type-product","3":"status-publish","4":"has-post-thumbnail","6":"product_cat-14-new-laptop-screens-lcd-panels","7":"product_cat-new-laptop-screens-lcd-panels","9":"first","10":"instock","11":"taxable","12":"shipping-taxable","13":"purchasable","14":"product-type-simple"},"_links":{"self":[{"href":"https:\/\/boreait.com\/fr\/wp-json\/wp\/v2\/product\/16384","targetHints":{"allow":["GET"]}}],"collection":[{"href":"https:\/\/boreait.com\/fr\/wp-json\/wp\/v2\/product"}],"about":[{"href":"https:\/\/boreait.com\/fr\/wp-json\/wp\/v2\/types\/product"}],"wp:featuredmedia":[{"embeddable":true,"href":"https:\/\/boreait.com\/fr\/wp-json\/wp\/v2\/media\/15565"}],"wp:attachment":[{"href":"https:\/\/boreait.com\/fr\/wp-json\/wp\/v2\/media?parent=16384"}],"wp:term":[{"taxonomy":"product_brand","embeddable":true,"href":"https:\/\/boreait.com\/fr\/wp-json\/wp\/v2\/product_brand?post=16384"},{"taxonomy":"product_cat","embeddable":true,"href":"https:\/\/boreait.com\/fr\/wp-json\/wp\/v2\/product_cat?post=16384"},{"taxonomy":"product_tag","embeddable":true,"href":"https:\/\/boreait.com\/fr\/wp-json\/wp\/v2\/product_tag?post=16384"}],"curies":[{"name":"wp","href":"https:\/\/api.w.org\/{rel}","templated":true}]}}