{"id":16379,"date":"2025-09-16T16:25:29","date_gmt":"2025-09-16T14:25:29","guid":{"rendered":"https:\/\/boreait.com\/fr\/?post_type=product&#038;p=16379"},"modified":"2025-09-16T16:25:46","modified_gmt":"2025-09-16T14:25:46","slug":"ecran-lcd-14-nv140fhm-n4k-fhd-1920-x-1080-ips-mat-non-tactile-30-broches-neuf","status":"publish","type":"product","link":"https:\/\/boreait.com\/fr\/produit\/ecran-lcd-14-nv140fhm-n4k-fhd-1920-x-1080-ips-mat-non-tactile-30-broches-neuf\/","title":{"rendered":"\u00c9cran LCD 14&Prime; NV140FHM-N4K FHD 1920 x 1080 IPS mat non tactile 30 broches Neuf"},"content":{"rendered":"<p>Mod\u00e8le d&rsquo;\u00e9cran LCD actuel\u00a0: N140HCA-ELK REV C.2 \u2013 ENTI\u00c8REMENT COMPATIBLE AVEC L&rsquo;\u00c9CRAN D&rsquo;ORDINATEUR PORTABLE NV140FHM-N4K<\/p>\n<p>Am\u00e9liorez l&rsquo;affichage de votre appareil avec l&rsquo;\u00e9cran LCD NV140FHM-N4K. Cet \u00e9cran 14 pouces Full HD (1920 x 1080) est une version non tactile, id\u00e9ale pour ceux qui recherchent des performances visuelles de haute qualit\u00e9. Dot\u00e9 de la technologie IPS, il offre des couleurs vives et des angles de vision larges pour une exp\u00e9rience visuelle optimale. Avec sa finition mate, cet \u00e9cran r\u00e9duit les reflets et les reflets, ce qui le rend id\u00e9al pour une utilisation dans des environnements bien \u00e9clair\u00e9s. Il est \u00e9quip\u00e9 d&rsquo;un connecteur 30 broches et d&rsquo;un ruban adh\u00e9sif double-face pour une installation facile. Veuillez noter que cet \u00e9cran est fourni sans supports sup\u00e9rieur et inf\u00e9rieur, vous permettant ainsi de l&rsquo;int\u00e9grer parfaitement \u00e0 votre appareil. \u00c9tat\u00a0: Neuf.<\/p>\n","protected":false},"excerpt":{"rendered":"<p>\u00c9cran LCD 14&Prime; NV140FHM-N4K, 1920&#215;1080, IPS, mat, non tactile, 30 broches, \u00e9tat neuf. Ruban adh\u00e9sif double face inclus.<\/p>\n","protected":false},"featured_media":15565,"template":"","meta":[],"product_brand":[],"product_cat":[98,95],"product_tag":[],"class_list":{"0":"post-16379","1":"product","2":"type-product","3":"status-publish","4":"has-post-thumbnail","6":"product_cat-14-new-laptop-screens-lcd-panels","7":"product_cat-new-laptop-screens-lcd-panels","9":"first","10":"instock","11":"taxable","12":"shipping-taxable","13":"purchasable","14":"product-type-simple"},"_links":{"self":[{"href":"https:\/\/boreait.com\/fr\/wp-json\/wp\/v2\/product\/16379","targetHints":{"allow":["GET"]}}],"collection":[{"href":"https:\/\/boreait.com\/fr\/wp-json\/wp\/v2\/product"}],"about":[{"href":"https:\/\/boreait.com\/fr\/wp-json\/wp\/v2\/types\/product"}],"wp:featuredmedia":[{"embeddable":true,"href":"https:\/\/boreait.com\/fr\/wp-json\/wp\/v2\/media\/15565"}],"wp:attachment":[{"href":"https:\/\/boreait.com\/fr\/wp-json\/wp\/v2\/media?parent=16379"}],"wp:term":[{"taxonomy":"product_brand","embeddable":true,"href":"https:\/\/boreait.com\/fr\/wp-json\/wp\/v2\/product_brand?post=16379"},{"taxonomy":"product_cat","embeddable":true,"href":"https:\/\/boreait.com\/fr\/wp-json\/wp\/v2\/product_cat?post=16379"},{"taxonomy":"product_tag","embeddable":true,"href":"https:\/\/boreait.com\/fr\/wp-json\/wp\/v2\/product_tag?post=16379"}],"curies":[{"name":"wp","href":"https:\/\/api.w.org\/{rel}","templated":true}]}}