{"id":16378,"date":"2025-09-16T16:25:28","date_gmt":"2025-09-16T14:25:28","guid":{"rendered":"https:\/\/boreait.com\/fr\/?post_type=product&#038;p=16378"},"modified":"2025-09-16T16:25:46","modified_gmt":"2025-09-16T14:25:46","slug":"nouvel-ecran-lcd-14-pour-hp-elitebook-745-g6-fhd-ips-mat-sans-support","status":"publish","type":"product","link":"https:\/\/boreait.com\/fr\/produit\/nouvel-ecran-lcd-14-pour-hp-elitebook-745-g6-fhd-ips-mat-sans-support\/","title":{"rendered":"Nouvel \u00e9cran LCD 14&Prime; pour HP EliteBook 745 G6, FHD, IPS, mat, sans support"},"content":{"rendered":"<p>Mod\u00e8le d&rsquo;\u00e9cran LCD\u00a0: N140HCA-ELK REV C.2 \u2013 ENTI\u00c8REMENT COMPATIBLE AVEC L&rsquo;\u00c9CRAN D&rsquo;ORDINATEUR PORTABLE HP EliteBook 745 G6<\/p>\n<p>Am\u00e9liorez votre HP EliteBook 745 G6 avec cet \u00e9cran LCD non tactile de haute qualit\u00e9. Cet \u00e9cran de 14 pouces offre une r\u00e9solution FHD impressionnante de 1920 x 1080, offrant des images nettes et claires sur une dalle IPS avec une finition mate r\u00e9duisant les reflets. Gr\u00e2ce \u00e0 sa connexion \u00e0 30 broches, il est facile \u00e0 installer et \u00e0 remplacer, et un ruban adh\u00e9sif double-face est inclus pour plus de commodit\u00e9. Veuillez noter que cet \u00e9cran est livr\u00e9 sans supports sup\u00e9rieur et inf\u00e9rieur, ce qui le rend parfaitement adapt\u00e9 aux besoins d&rsquo;affichage de votre appareil. Cet \u00e9cran est comme neuf, garantissant des performances et une long\u00e9vit\u00e9 optimales. Id\u00e9al pour remplacer un \u00e9cran endommag\u00e9 ou d\u00e9fectueux.<\/p>\n","protected":false},"excerpt":{"rendered":"<p>Nouvel \u00e9cran LCD 14&Prime; pour HP EliteBook 745 G6. FHD, IPS, mat, 30 broches, avec ruban adh\u00e9sif double face. Sans supports sup\u00e9rieur\/inf\u00e9rieur.<\/p>\n","protected":false},"featured_media":15565,"template":"","meta":[],"product_brand":[],"product_cat":[98,95],"product_tag":[],"class_list":{"0":"post-16378","1":"product","2":"type-product","3":"status-publish","4":"has-post-thumbnail","6":"product_cat-14-new-laptop-screens-lcd-panels","7":"product_cat-new-laptop-screens-lcd-panels","9":"first","10":"instock","11":"taxable","12":"shipping-taxable","13":"purchasable","14":"product-type-simple"},"_links":{"self":[{"href":"https:\/\/boreait.com\/fr\/wp-json\/wp\/v2\/product\/16378","targetHints":{"allow":["GET"]}}],"collection":[{"href":"https:\/\/boreait.com\/fr\/wp-json\/wp\/v2\/product"}],"about":[{"href":"https:\/\/boreait.com\/fr\/wp-json\/wp\/v2\/types\/product"}],"wp:featuredmedia":[{"embeddable":true,"href":"https:\/\/boreait.com\/fr\/wp-json\/wp\/v2\/media\/15565"}],"wp:attachment":[{"href":"https:\/\/boreait.com\/fr\/wp-json\/wp\/v2\/media?parent=16378"}],"wp:term":[{"taxonomy":"product_brand","embeddable":true,"href":"https:\/\/boreait.com\/fr\/wp-json\/wp\/v2\/product_brand?post=16378"},{"taxonomy":"product_cat","embeddable":true,"href":"https:\/\/boreait.com\/fr\/wp-json\/wp\/v2\/product_cat?post=16378"},{"taxonomy":"product_tag","embeddable":true,"href":"https:\/\/boreait.com\/fr\/wp-json\/wp\/v2\/product_tag?post=16378"}],"curies":[{"name":"wp","href":"https:\/\/api.w.org\/{rel}","templated":true}]}}