{"id":16377,"date":"2025-09-16T16:25:28","date_gmt":"2025-09-16T14:25:28","guid":{"rendered":"https:\/\/boreait.com\/fr\/?post_type=product&#038;p=16377"},"modified":"2025-09-16T16:25:46","modified_gmt":"2025-09-16T14:25:46","slug":"ecran-lcd-14-fhd-02dc315-02dc314-ips-mat-non-tactile-30-broches-neuf","status":"publish","type":"product","link":"https:\/\/boreait.com\/fr\/produit\/ecran-lcd-14-fhd-02dc315-02dc314-ips-mat-non-tactile-30-broches-neuf\/","title":{"rendered":"\u00c9cran LCD 14&Prime; FHD 02DC315 02DC314 IPS mat non tactile 30 broches neuf"},"content":{"rendered":"<p>Mod\u00e8le d&rsquo;\u00e9cran LCD actuel\u00a0: N140HCA-ELK REV C.2 \u2013 ENTI\u00c8REMENT COMPATIBLE AVEC L&rsquo;\u00c9CRAN D&rsquo;ORDINATEUR PORTABLE 02DC315 02DC314<\/p>\n<p>Am\u00e9liorez votre appareil avec cet \u00e9cran LCD 14 pouces de haute qualit\u00e9 (mod\u00e8le 02DC315 \/ 02DC314) con\u00e7u pour des performances et une clart\u00e9 sup\u00e9rieures. Dot\u00e9 d&rsquo;une r\u00e9solution Full HD (1920 x 1080), cet \u00e9cran non tactile offre des images nettes et \u00e9clatantes gr\u00e2ce \u00e0 sa dalle IPS et sa finition mate r\u00e9duisant les reflets. Id\u00e9al pour la r\u00e9paration ou le remplacement d&rsquo;ordinateurs portables, cet \u00e9cran est dot\u00e9 d&rsquo;une connectivit\u00e9 30 broches pour une installation facile et d&rsquo;un ruban adh\u00e9sif double face pour une fixation s\u00fbre sans supports sup\u00e9rieurs et inf\u00e9rieurs. C&rsquo;est le choix id\u00e9al pour tous ceux qui recherchent un nouvel \u00e9cran. ordinateur portable, offrant un \u00e9tat neuf sans aucun d\u00e9faut.<\/p>\n","protected":false},"excerpt":{"rendered":"<p>\u00c9cran LCD FHD 14&Prime; (02DC315 \/ 02DC314) avec technologie IPS, finition mate et connecteur 30 broches pour un affichage clair et sans reflets. Ruban adh\u00e9sif inclus. \u00c9tat neuf.<\/p>\n","protected":false},"featured_media":15565,"template":"","meta":[],"product_brand":[],"product_cat":[98,95],"product_tag":[],"class_list":{"0":"post-16377","1":"product","2":"type-product","3":"status-publish","4":"has-post-thumbnail","6":"product_cat-14-new-laptop-screens-lcd-panels","7":"product_cat-new-laptop-screens-lcd-panels","9":"first","10":"instock","11":"taxable","12":"shipping-taxable","13":"purchasable","14":"product-type-simple"},"_links":{"self":[{"href":"https:\/\/boreait.com\/fr\/wp-json\/wp\/v2\/product\/16377","targetHints":{"allow":["GET"]}}],"collection":[{"href":"https:\/\/boreait.com\/fr\/wp-json\/wp\/v2\/product"}],"about":[{"href":"https:\/\/boreait.com\/fr\/wp-json\/wp\/v2\/types\/product"}],"wp:featuredmedia":[{"embeddable":true,"href":"https:\/\/boreait.com\/fr\/wp-json\/wp\/v2\/media\/15565"}],"wp:attachment":[{"href":"https:\/\/boreait.com\/fr\/wp-json\/wp\/v2\/media?parent=16377"}],"wp:term":[{"taxonomy":"product_brand","embeddable":true,"href":"https:\/\/boreait.com\/fr\/wp-json\/wp\/v2\/product_brand?post=16377"},{"taxonomy":"product_cat","embeddable":true,"href":"https:\/\/boreait.com\/fr\/wp-json\/wp\/v2\/product_cat?post=16377"},{"taxonomy":"product_tag","embeddable":true,"href":"https:\/\/boreait.com\/fr\/wp-json\/wp\/v2\/product_tag?post=16377"}],"curies":[{"name":"wp","href":"https:\/\/api.w.org\/{rel}","templated":true}]}}