{"id":16375,"date":"2025-09-16T16:25:28","date_gmt":"2025-09-16T14:25:28","guid":{"rendered":"https:\/\/boreait.com\/fr\/?post_type=product&#038;p=16375"},"modified":"2025-09-16T16:25:45","modified_gmt":"2025-09-16T14:25:45","slug":"ecran-lcd-14-fhd-5d10w42366-ips-non-tactile-1920-x-1080-mat-30-broches-neuf","status":"publish","type":"product","link":"https:\/\/boreait.com\/fr\/produit\/ecran-lcd-14-fhd-5d10w42366-ips-non-tactile-1920-x-1080-mat-30-broches-neuf\/","title":{"rendered":"\u00c9cran LCD 14&Prime; FHD 5D10W42366 IPS non tactile 1920 x 1080 mat 30 broches Neuf"},"content":{"rendered":"<p>Mod\u00e8le d&rsquo;\u00e9cran LCD actuel\u00a0: N140HCA-ELK REV C.2 \u2013 ENTI\u00c8REMENT COMPATIBLE AVEC L&rsquo;\u00c9CRAN D&rsquo;ORDINATEUR PORTABLE 5D10W42366<\/p>\n<p>Am\u00e9liorez votre appareil avec l&rsquo;\u00e9cran LCD 14&Prime; haute qualit\u00e9 (r\u00e9f\u00e9rence\u00a0: 5D10W42366) qui offre une clart\u00e9 exceptionnelle et des couleurs \u00e9clatantes. Cet \u00e9cran non tactile offre une r\u00e9solution Full HD impressionnante de 1920 x 1080 pixels, offrant des images nettes et des d\u00e9tails \u00e9clatants. Gr\u00e2ce \u00e0 sa connexion \u00e0 30 broches, cet \u00e9cran est con\u00e7u pour s&rsquo;adapter \u00e0 une vari\u00e9t\u00e9 d&rsquo;ordinateurs portables compatibles et est id\u00e9al pour ceux qui recherchent une solution de remplacement fiable pour leur \u00e9cran actuel.<\/p>\n<p>L&rsquo;\u00e9cran est dot\u00e9 d&rsquo;une dalle IPS, garantissant une pr\u00e9cision des couleurs sup\u00e9rieure et de larges angles de vision. Que vous travailliez, regardiez des vid\u00e9os ou jouiez, la finition mate r\u00e9duit les reflets, am\u00e9liorant ainsi la visibilit\u00e9 et r\u00e9duisant la fatigue oculaire. De plus, l&rsquo;\u00e9cran est fourni avec un ruban adh\u00e9sif double face pour une installation facile. Les supports sup\u00e9rieur et inf\u00e9rieur sont fournis sans fixations. Il convient \u00e0 une large gamme d&rsquo;ordinateurs portables.<\/p>\n<p>Ce produit est neuf, pr\u00eat \u00e0 \u00eatre install\u00e9 et redonnera vie \u00e0 votre ordinateur portable avec d&rsquo;excellentes performances.<\/p>\n","protected":false},"excerpt":{"rendered":"<p>Remplacez l&rsquo;\u00e9cran de votre ordinateur portable par l&rsquo;\u00e9cran LCD IPS FHD 14&Prime; (5D10W42366). Non tactile, 30 broches, mat, avec ruban adh\u00e9sif double face inclus. \u00c9tat neuf.<\/p>\n","protected":false},"featured_media":15565,"template":"","meta":[],"product_brand":[],"product_cat":[98,95],"product_tag":[],"class_list":{"0":"post-16375","1":"product","2":"type-product","3":"status-publish","4":"has-post-thumbnail","6":"product_cat-14-new-laptop-screens-lcd-panels","7":"product_cat-new-laptop-screens-lcd-panels","9":"first","10":"instock","11":"taxable","12":"shipping-taxable","13":"purchasable","14":"product-type-simple"},"_links":{"self":[{"href":"https:\/\/boreait.com\/fr\/wp-json\/wp\/v2\/product\/16375","targetHints":{"allow":["GET"]}}],"collection":[{"href":"https:\/\/boreait.com\/fr\/wp-json\/wp\/v2\/product"}],"about":[{"href":"https:\/\/boreait.com\/fr\/wp-json\/wp\/v2\/types\/product"}],"wp:featuredmedia":[{"embeddable":true,"href":"https:\/\/boreait.com\/fr\/wp-json\/wp\/v2\/media\/15565"}],"wp:attachment":[{"href":"https:\/\/boreait.com\/fr\/wp-json\/wp\/v2\/media?parent=16375"}],"wp:term":[{"taxonomy":"product_brand","embeddable":true,"href":"https:\/\/boreait.com\/fr\/wp-json\/wp\/v2\/product_brand?post=16375"},{"taxonomy":"product_cat","embeddable":true,"href":"https:\/\/boreait.com\/fr\/wp-json\/wp\/v2\/product_cat?post=16375"},{"taxonomy":"product_tag","embeddable":true,"href":"https:\/\/boreait.com\/fr\/wp-json\/wp\/v2\/product_tag?post=16375"}],"curies":[{"name":"wp","href":"https:\/\/api.w.org\/{rel}","templated":true}]}}