{"id":16371,"date":"2025-09-16T16:25:27","date_gmt":"2025-09-16T14:25:27","guid":{"rendered":"https:\/\/boreait.com\/fr\/?post_type=product&#038;p=16371"},"modified":"2025-09-16T16:25:44","modified_gmt":"2025-09-16T14:25:44","slug":"nouvel-ecran-lcd-14-pour-hp-elitebook-840-g5-g6-fhd-1920-x-1080-ips-mat-non-tactile","status":"publish","type":"product","link":"https:\/\/boreait.com\/fr\/produit\/nouvel-ecran-lcd-14-pour-hp-elitebook-840-g5-g6-fhd-1920-x-1080-ips-mat-non-tactile\/","title":{"rendered":"Nouvel \u00e9cran LCD 14&Prime; pour HP EliteBook 840 G5 G6 FHD 1920 x 1080 IPS mat non tactile"},"content":{"rendered":"<p>Mod\u00e8le d&rsquo;\u00e9cran LCD\u00a0: N140HCA-ELK REV C.2 \u2013 ENTI\u00c8REMENT COMPATIBLE AVEC L&rsquo;\u00c9CRAN D&rsquo;ORDINATEUR PORTABLE HP ELITEBOOK 840 G5 et G6<\/p>\n<p>Mettez \u00e0 niveau votre HP EliteBook 840 G5 et G6 avec cet \u00e9cran LCD de remplacement 14 pouces de haute qualit\u00e9. Cette version non tactile offre une r\u00e9solution Full HD (1920 x 1080) exceptionnelle, offrant des images d&rsquo;une nettet\u00e9 exceptionnelle sur un \u00e9cran IPS mat. La connexion \u00e0 30 broches assure une compatibilit\u00e9 optimale, et l&rsquo;\u00e9cran est livr\u00e9 sans supports sup\u00e9rieur et inf\u00e9rieur, ce qui en fait un ajustement parfait \u00e0 votre appareil. De plus, un ruban adh\u00e9sif double-face est inclus pour une installation facile. Que vous ayez besoin de remplacer un \u00e9cran endommag\u00e9 ou de mettre \u00e0 niveau votre appareil, ce nouvel \u00e9cran LCD est le choix id\u00e9al pour pr\u00e9server les performances et l&rsquo;apparence de votre HP EliteBook.<\/p>\n","protected":false},"excerpt":{"rendered":"<p>Cet \u00e9cran LCD 14&Prime; pour HP EliteBook 840 G5 et G6 est un \u00e9cran mat IPS FHD 1920 x 1080 non tactile. Il est fourni avec du ruban adh\u00e9sif double face et est livr\u00e9 sans supports sup\u00e9rieur et inf\u00e9rieur. Neuf, avec une connexion 30 broches pour un ajustement parfait.<\/p>\n","protected":false},"featured_media":15565,"template":"","meta":[],"product_brand":[],"product_cat":[98,95],"product_tag":[],"class_list":{"0":"post-16371","1":"product","2":"type-product","3":"status-publish","4":"has-post-thumbnail","6":"product_cat-14-new-laptop-screens-lcd-panels","7":"product_cat-new-laptop-screens-lcd-panels","9":"first","10":"instock","11":"taxable","12":"shipping-taxable","13":"purchasable","14":"product-type-simple"},"_links":{"self":[{"href":"https:\/\/boreait.com\/fr\/wp-json\/wp\/v2\/product\/16371","targetHints":{"allow":["GET"]}}],"collection":[{"href":"https:\/\/boreait.com\/fr\/wp-json\/wp\/v2\/product"}],"about":[{"href":"https:\/\/boreait.com\/fr\/wp-json\/wp\/v2\/types\/product"}],"wp:featuredmedia":[{"embeddable":true,"href":"https:\/\/boreait.com\/fr\/wp-json\/wp\/v2\/media\/15565"}],"wp:attachment":[{"href":"https:\/\/boreait.com\/fr\/wp-json\/wp\/v2\/media?parent=16371"}],"wp:term":[{"taxonomy":"product_brand","embeddable":true,"href":"https:\/\/boreait.com\/fr\/wp-json\/wp\/v2\/product_brand?post=16371"},{"taxonomy":"product_cat","embeddable":true,"href":"https:\/\/boreait.com\/fr\/wp-json\/wp\/v2\/product_cat?post=16371"},{"taxonomy":"product_tag","embeddable":true,"href":"https:\/\/boreait.com\/fr\/wp-json\/wp\/v2\/product_tag?post=16371"}],"curies":[{"name":"wp","href":"https:\/\/api.w.org\/{rel}","templated":true}]}}