{"id":16367,"date":"2025-09-16T16:25:26","date_gmt":"2025-09-16T14:25:26","guid":{"rendered":"https:\/\/boreait.com\/fr\/?post_type=product&#038;p=16367"},"modified":"2025-09-16T16:25:43","modified_gmt":"2025-09-16T14:25:43","slug":"ecran-lcd-161-pour-hp-omen-16-xd-series-fhd-144-hz-mat-40-broches-non-tactile","status":"publish","type":"product","link":"https:\/\/boreait.com\/fr\/produit\/ecran-lcd-161-pour-hp-omen-16-xd-series-fhd-144-hz-mat-40-broches-non-tactile\/","title":{"rendered":"\u00c9cran LCD 16,1&Prime; pour HP OMEN 16 xd Series &#8211; FHD 144 Hz, mat, 40 broches, non tactile"},"content":{"rendered":"<p>Mod\u00e8le d&rsquo;\u00e9cran LCD\u00a0: N161hma-gak REV. C3 ou n161hca-ga1 REV. C.1 \u2013 ENTI\u00c8REMENT COMPATIBLE AVEC LES \u00c9CRANS D&rsquo;ORDINATEUR PORTABLE HP OMEN 16 s\u00e9ries B0 \/ b00000 \/ b0xxxx.<\/p>\n<p>Am\u00e9liorez votre ordinateur portable HP OMEN s\u00e9rie 16 avec notre \u00e9cran LCD de remplacement de haute qualit\u00e9. Con\u00e7u pour les s\u00e9ries HP OMEN 16 xd \/ xd0000 \/ xdxxxx, cet \u00e9cran non tactile de 16,1 pouces garantit d&rsquo;excellentes performances et une compatibilit\u00e9 avec les mod\u00e8les tels que <strong>16-B0000NC, 16-B0000NE, 16-B0000NH, 16-B0000NI<\/strong> et bien d&rsquo;autres. <\/p>\n<p>Dot\u00e9 d&rsquo;une r\u00e9solution Full HD (1920 x 1080), cet \u00e9cran mat offre une exp\u00e9rience visuelle \u00e9poustouflante avec des couleurs \u00e9clatantes et un taux de rafra\u00eechissement fluide, gr\u00e2ce \u00e0 sa capacit\u00e9 de 144 Hz. Que vous jouiez, regardiez du contenu en streaming ou travailliez, profitez d&rsquo;images fluides et sans reflets. Avec une luminosit\u00e9 de 250 nits, il offre des images nettes dans diverses conditions d&rsquo;\u00e9clairage. <\/p>\n<p>D\u00e9tails cl\u00e9s\u00a0:<\/p>\n<ul>\n<li><strong>Taille<\/strong>\u00a0: 16,1 pouces<\/li>\n<li><strong>R\u00e9solution<\/strong>\u00a0: FHD (1920 x 1080)<\/li>\n<li><strong>Fr\u00e9quence de rafra\u00eechissement<\/strong>\u00a0: 144\u00a0Hz<\/li>\n<li><strong>Luminosit\u00e9<\/strong>\u00a0: 250\u00a0nits<\/li>\n<li><strong>Finition<\/strong>\u00a0: Mat<\/li>\n<li><strong>Connecteur<\/strong>\u00a0: 40\u00a0broches<\/li>\n<li><strong>\u00c9tat<\/strong>\u00a0: Neuf<\/li>\n<\/ul>\n<p>Cet \u00e9cran de remplacement est livr\u00e9 sans supports sup\u00e9rieur et inf\u00e9rieur, ce qui le rend l\u00e9ger et facile \u00e0 installer. Un ruban adh\u00e9sif double face est inclus pour une fixation s\u00fbre et une installation professionnelle et durable. Con\u00e7u pour la performance et la fiabilit\u00e9, cet \u00e9cran est id\u00e9al pour les joueurs, les cr\u00e9ateurs et les professionnels.<\/p>\n<p>Compatible avec une large gamme de mod\u00e8les HP OMEN 16 de la s\u00e9rie (versions non tactiles). V\u00e9rifiez les sp\u00e9cifications de votre ordinateur portable pour confirmer la compatibilit\u00e9 avant l&rsquo;achat. <\/p>\n<p><strong>Liste de quelques ordinateurs portables compatibles\u00a0:\u00a0\u00a0<\/strong><\/p>\n<p>16-B0000NC, 16-B0000NE, 16-B0000NH, 16-B0000NI, 16-B0000NJ, 16-B0000NK, 16-B0000NL, 16-B0000NS, 16-B0000NV, 16-B0000NX, 16-B0000NY, 16-B0000TX, 16-B0000UR, 16-B0001NB, 16-B0001NC, 16-B0001NE, 16-B0001NH, 16-B0001NI, 16-B0001NIA, 16-B0001NJ, 16-B0001NK, 16-B0001NT, 16-B0001NV, 16-B0001NX, 16-B0001TX, 16-B0001UR, 16-B0002NB, 16-B0002NC, 16-B0002NE, 16-B0002NH, 16-B0002NI, 16-B0002NJ, 16-B0002NK, 16-B0002NL, 16-B0002NM, 16-B0002NS, 16-B0002NT, 16-B0002NV, 16-B0002NX<\/p>\n<p>, 16-B0002NY, 16-B0002TX, 16-B0003NE, 16-B0003NH, 16-B0003NI, 16-B0003NIA, 16-B0003NJ, 16-B0003NM, 16-B0003NT, 16-B0003NX, 16-B0003TX, 16-B0003UR, 16-B0004NA, 16-B0004NH, 16-B0004NI, 16-B0004NJ, 16-B0004NL, 16-B0004NQ, 16-B0004NV, 16-B0004NX, 16-B0004NY, 16-B0004TX, 16-B0005DX, 16-B0005NE, 16-B0005NH, 16-B0005NJ, 16-B0005NK, 16-B0005NL, 16-B0005NO, 16-B0005NP, 16-B0005NQ, 16-B0005NU, 16-B0005NV, 16-B0005NX, 16-B0005TX, 16-B0006NB, 16-B0006NH, 16-B0006NS, 16-B0006NT, 16-B0006NV, 16-B0006NX, 16-B0006TX, 16-B0007NE, 16-B0007NIA, 16-B0007NJ, 16-B0007NL, 16-B0007NM, 16-B0007NP, 16-B0007NQ, 16-B0007NV, 16-B0007NX, 16-B0007TX, 16-B0007UR, 16-B0008CA, 16-B0008NA, 16-B0008NK, 16-B0008NO, 16-B0008NQ, 16-B0008NX, 16-B0008TX, 16-b0012nl, 16-b0013nl, 16-b0013dx, 16-b0351tx, 16-b0509la, 16-b0009na,<\/p>\n","protected":false},"excerpt":{"rendered":"<p>\u00c9cran LCD mat FHD 16,1&Prime; haute qualit\u00e9 pour ordinateurs portables HP OMEN s\u00e9rie 16 xd. Il offre un taux de rafra\u00eechissement de 144 Hz, une luminosit\u00e9 de 250 nits et un connecteur 40 broches. Livr\u00e9 avec un ruban adh\u00e9sif double face pour une installation facile. Compatible avec les mod\u00e8les non tactiles tels que 16-B0000NC, 16-B0000NE et autres.<\/p>\n","protected":false},"featured_media":15628,"template":"","meta":[],"product_brand":[],"product_cat":[107,95],"product_tag":[61],"class_list":{"0":"post-16367","1":"product","2":"type-product","3":"status-publish","4":"has-post-thumbnail","6":"product_cat-16-1","7":"product_cat-new-laptop-screens-lcd-panels","8":"product_tag-hp","10":"first","11":"instock","12":"taxable","13":"shipping-taxable","14":"purchasable","15":"product-type-simple"},"_links":{"self":[{"href":"https:\/\/boreait.com\/fr\/wp-json\/wp\/v2\/product\/16367","targetHints":{"allow":["GET"]}}],"collection":[{"href":"https:\/\/boreait.com\/fr\/wp-json\/wp\/v2\/product"}],"about":[{"href":"https:\/\/boreait.com\/fr\/wp-json\/wp\/v2\/types\/product"}],"wp:featuredmedia":[{"embeddable":true,"href":"https:\/\/boreait.com\/fr\/wp-json\/wp\/v2\/media\/15628"}],"wp:attachment":[{"href":"https:\/\/boreait.com\/fr\/wp-json\/wp\/v2\/media?parent=16367"}],"wp:term":[{"taxonomy":"product_brand","embeddable":true,"href":"https:\/\/boreait.com\/fr\/wp-json\/wp\/v2\/product_brand?post=16367"},{"taxonomy":"product_cat","embeddable":true,"href":"https:\/\/boreait.com\/fr\/wp-json\/wp\/v2\/product_cat?post=16367"},{"taxonomy":"product_tag","embeddable":true,"href":"https:\/\/boreait.com\/fr\/wp-json\/wp\/v2\/product_tag?post=16367"}],"curies":[{"name":"wp","href":"https:\/\/api.w.org\/{rel}","templated":true}]}}