{"id":16366,"date":"2025-09-16T16:25:26","date_gmt":"2025-09-16T14:25:26","guid":{"rendered":"https:\/\/boreait.com\/fr\/?post_type=product&#038;p=16366"},"modified":"2025-09-16T16:25:42","modified_gmt":"2025-09-16T14:25:42","slug":"ecran-lcd-lenovo-14-5d10w73203-5d10r41286-fhd-ips-mat-30-broches-neuf","status":"publish","type":"product","link":"https:\/\/boreait.com\/fr\/produit\/ecran-lcd-lenovo-14-5d10w73203-5d10r41286-fhd-ips-mat-30-broches-neuf\/","title":{"rendered":"\u00c9cran LCD Lenovo 14&Prime; (5D10W73203, 5D10R41286) FHD IPS mat, 30 broches, neuf"},"content":{"rendered":"<p>Mod\u00e8le d&rsquo;\u00e9cran LCD\u00a0: N140HCA-ELK REV C.2 \u2013 ENTI\u00c8REMENT COMPATIBLE AVEC LES \u00c9CRANS D&rsquo;ORDINATEUR PORTABLE Lenovo PN 5D10W73203, 5D10R41286<\/p>\n<p>Cet \u00e9cran LCD Lenovo 14&Prime; flambant neuf (r\u00e9f\u00e9rences\u00a0: 5D10W73203 et 5D10R41286) est con\u00e7u pour la pr\u00e9cision et la fiabilit\u00e9. Il offre une r\u00e9solution Full HD (1920 x 1080) et un \u00e9cran IPS mat de haute qualit\u00e9. Id\u00e9al pour un remplacement ou une mise \u00e0 niveau, il est disponible en version non tactile et inclut une connexion 30 broches. L&rsquo;\u00e9cran est d\u00e9pourvu de supports sup\u00e9rieur et inf\u00e9rieur, garantissant une installation impeccable et \u00e9l\u00e9gante. L&#8217;emballage comprend \u00e9galement du ruban adh\u00e9sif double-face pour une installation simplifi\u00e9e. Id\u00e9al pour restaurer ou am\u00e9liorer la qualit\u00e9 visuelle de votre ordinateur portable, cet \u00e9cran est une pi\u00e8ce de rechange d&rsquo;origine, neuve et jamais utilis\u00e9e, con\u00e7ue pour r\u00e9pondre aux normes \u00e9lev\u00e9es de Lenovo.<\/p>\n","protected":false},"excerpt":{"rendered":"<p>\u00c9cran LCD Lenovo 14&Prime; neuf (r\u00e9f\u00e9rence\u00a0: 5D10W73203, 5D10R41286) avec \u00e9cran mat IPS FHD. Version non tactile 30 broches avec ruban adh\u00e9sif double face. Id\u00e9al pour remplacer votre ordinateur portable.<\/p>\n","protected":false},"featured_media":15565,"template":"","meta":[],"product_brand":[],"product_cat":[98,95],"product_tag":[],"class_list":{"0":"post-16366","1":"product","2":"type-product","3":"status-publish","4":"has-post-thumbnail","6":"product_cat-14-new-laptop-screens-lcd-panels","7":"product_cat-new-laptop-screens-lcd-panels","9":"first","10":"instock","11":"taxable","12":"shipping-taxable","13":"purchasable","14":"product-type-simple"},"_links":{"self":[{"href":"https:\/\/boreait.com\/fr\/wp-json\/wp\/v2\/product\/16366","targetHints":{"allow":["GET"]}}],"collection":[{"href":"https:\/\/boreait.com\/fr\/wp-json\/wp\/v2\/product"}],"about":[{"href":"https:\/\/boreait.com\/fr\/wp-json\/wp\/v2\/types\/product"}],"wp:featuredmedia":[{"embeddable":true,"href":"https:\/\/boreait.com\/fr\/wp-json\/wp\/v2\/media\/15565"}],"wp:attachment":[{"href":"https:\/\/boreait.com\/fr\/wp-json\/wp\/v2\/media?parent=16366"}],"wp:term":[{"taxonomy":"product_brand","embeddable":true,"href":"https:\/\/boreait.com\/fr\/wp-json\/wp\/v2\/product_brand?post=16366"},{"taxonomy":"product_cat","embeddable":true,"href":"https:\/\/boreait.com\/fr\/wp-json\/wp\/v2\/product_cat?post=16366"},{"taxonomy":"product_tag","embeddable":true,"href":"https:\/\/boreait.com\/fr\/wp-json\/wp\/v2\/product_tag?post=16366"}],"curies":[{"name":"wp","href":"https:\/\/api.w.org\/{rel}","templated":true}]}}